{"id":5153,"date":"2025-04-08T11:12:30","date_gmt":"2025-04-08T09:12:30","guid":{"rendered":"https:\/\/www.thermoplongeurs-galvatek.com\/produit\/manta-calefactora-estandar-ref-720501-2-3-para-contenedores\/"},"modified":"2025-09-25T13:04:00","modified_gmt":"2025-09-25T11:04:00","slug":"manta-calefactora-estandar-ref-720501-2-3-para-contenedores","status":"publish","type":"product","link":"https:\/\/www.thermoplongeurs-galvatek.com\/es\/produit\/manta-calefactora-estandar-ref-720501-2-3-para-contenedores\/","title":{"rendered":"Manta calefactora est\u00e1ndar &#8211; ref. 720501\/2\/3 para contenedores"},"content":{"rendered":"<p>Las mantas calefactoras industriales est\u00e1ndar &#8220;ref. 720501\/2\/3&#8221; est\u00e1n especialmente dise\u00f1adas para mantener la temperatura y\/o calentar contenedores IBC de 1.000 litros. Su eficacia y fiabilidad garantizan condiciones de trabajo \u00f3ptimas gracias a una instalaci\u00f3n f\u00e1cil y r\u00e1pida. <\/p>\n","protected":false},"excerpt":{"rendered":"<p>Las mantas calefactoras industriales est\u00e1ndar &#8220;ref. 720501\/2\/3&#8221; est\u00e1n especialmente dise\u00f1adas para mantener la temperatura y\/o calentar contenedores IBC de 1.000 litros. Su eficacia y fiabilidad garantizan condiciones de trabajo \u00f3ptimas gracias a una instalaci\u00f3n f\u00e1cil y r\u00e1pida. <\/p>\n","protected":false},"featured_media":5157,"template":"","meta":{"_acf_changed":false,"_seopress_robots_primary_cat":"none","_seopress_titles_title":"","_seopress_titles_desc":"","_seopress_robots_index":""},"product_brand":[],"product_cat":[79,81],"product_tag":[],"class_list":{"0":"post-5153","1":"product","2":"type-product","3":"status-publish","4":"has-post-thumbnail","6":"product_cat-manta-calefactoras-industriales","7":"product_cat-manta-calefactoras-para-bidones-y-contenedores","9":"first","10":"instock","11":"shipping-taxable","12":"product-type-simple"},"acf":{"option_ou_accessoire":[2104,2106,2108]},"_links":{"self":[{"href":"https:\/\/www.thermoplongeurs-galvatek.com\/es\/wp-json\/wp\/v2\/product\/5153","targetHints":{"allow":["GET"]}}],"collection":[{"href":"https:\/\/www.thermoplongeurs-galvatek.com\/es\/wp-json\/wp\/v2\/product"}],"about":[{"href":"https:\/\/www.thermoplongeurs-galvatek.com\/es\/wp-json\/wp\/v2\/types\/product"}],"acf:post":[{"embeddable":true,"href":"https:\/\/www.thermoplongeurs-galvatek.com\/es\/wp-json\/wp\/v2\/product\/2108"},{"embeddable":true,"href":"https:\/\/www.thermoplongeurs-galvatek.com\/es\/wp-json\/wp\/v2\/product\/2106"},{"embeddable":true,"href":"https:\/\/www.thermoplongeurs-galvatek.com\/es\/wp-json\/wp\/v2\/product\/2104"}],"wp:featuredmedia":[{"embeddable":true,"href":"https:\/\/www.thermoplongeurs-galvatek.com\/es\/wp-json\/wp\/v2\/media\/5157"}],"wp:attachment":[{"href":"https:\/\/www.thermoplongeurs-galvatek.com\/es\/wp-json\/wp\/v2\/media?parent=5153"}],"wp:term":[{"taxonomy":"product_brand","embeddable":true,"href":"https:\/\/www.thermoplongeurs-galvatek.com\/es\/wp-json\/wp\/v2\/product_brand?post=5153"},{"taxonomy":"product_cat","embeddable":true,"href":"https:\/\/www.thermoplongeurs-galvatek.com\/es\/wp-json\/wp\/v2\/product_cat?post=5153"},{"taxonomy":"product_tag","embeddable":true,"href":"https:\/\/www.thermoplongeurs-galvatek.com\/es\/wp-json\/wp\/v2\/product_tag?post=5153"}],"curies":[{"name":"wp","href":"https:\/\/api.w.org\/{rel}","templated":true}]}}