{"id":4825,"date":"2025-04-08T11:12:45","date_gmt":"2025-04-08T09:12:45","guid":{"rendered":"https:\/\/www.thermoplongeurs-galvatek.com\/produit\/termosumergible-antiincendios-rotkappe\/"},"modified":"2025-09-25T13:05:17","modified_gmt":"2025-09-25T11:05:17","slug":"termosumergible-antiincendios-rotkappe","status":"publish","type":"product","link":"https:\/\/www.thermoplongeurs-galvatek.com\/es\/produit\/termosumergible-antiincendios-rotkappe\/","title":{"rendered":"Termosumergible antiincendios Rotkappe\u00ae"},"content":{"rendered":"<p>Los termosumergibles con vainas antiincendios de la gama Rotkappe\u00ae son aparatos de calefacci\u00f3n seguros dise\u00f1ados para minimizar los riesgos de degradaci\u00f3n t\u00e9rmica de las instalaciones y cubas en caso de funcionamiento en seco parcial o total. Equipados con un sistema anti-sobrecalentamiento integrado, estos termosumergibles ofrecen una protecci\u00f3n intr\u00ednseca \u00f3ptima para las aplicaciones industriales cr\u00edticas donde la seguridad t\u00e9rmica es primordial. <\/p>\n","protected":false},"excerpt":{"rendered":"<p>Los termosumergibles con vainas antiincendios de la gama Rotkappe\u00ae son aparatos de calefacci\u00f3n seguros dise\u00f1ados para minimizar los riesgos de degradaci\u00f3n t\u00e9rmica de las instalaciones y cubas en caso de funcionamiento en seco parcial o total. Equipados con un sistema anti-sobrecalentamiento integrado, estos termosumergibles ofrecen una protecci\u00f3n intr\u00ednseca \u00f3ptima para las aplicaciones industriales cr\u00edticas donde la seguridad t\u00e9rmica es primordial. <\/p>\n","protected":false},"featured_media":4827,"template":"","meta":{"_acf_changed":false,"_seopress_robots_primary_cat":"none","_seopress_titles_title":"","_seopress_titles_desc":"","_seopress_robots_index":""},"product_brand":[],"product_cat":[71,86,89,91],"product_tag":[],"class_list":{"0":"post-4825","1":"product","2":"type-product","3":"status-publish","4":"has-post-thumbnail","6":"product_cat-termoplongeur-industriales","7":"product_cat-calentadore-de-inmersion-con-vaina","8":"product_cat-calentadore-de-inmersion-para-bano-quimico","9":"product_cat-calentadore-de-inmersion-para-pared-de-tanque","11":"first","12":"instock","13":"shipping-taxable","14":"product-type-simple"},"acf":{"option_ou_accessoire":[2070,2082,2112,2116,2086,2168]},"_links":{"self":[{"href":"https:\/\/www.thermoplongeurs-galvatek.com\/es\/wp-json\/wp\/v2\/product\/4825","targetHints":{"allow":["GET"]}}],"collection":[{"href":"https:\/\/www.thermoplongeurs-galvatek.com\/es\/wp-json\/wp\/v2\/product"}],"about":[{"href":"https:\/\/www.thermoplongeurs-galvatek.com\/es\/wp-json\/wp\/v2\/types\/product"}],"acf:post":[{"embeddable":true,"href":"https:\/\/www.thermoplongeurs-galvatek.com\/es\/wp-json\/wp\/v2\/product\/2168"},{"embeddable":true,"href":"https:\/\/www.thermoplongeurs-galvatek.com\/es\/wp-json\/wp\/v2\/product\/2086"},{"embeddable":true,"href":"https:\/\/www.thermoplongeurs-galvatek.com\/es\/wp-json\/wp\/v2\/product\/2116"},{"embeddable":true,"href":"https:\/\/www.thermoplongeurs-galvatek.com\/es\/wp-json\/wp\/v2\/product\/2112"},{"embeddable":true,"href":"https:\/\/www.thermoplongeurs-galvatek.com\/es\/wp-json\/wp\/v2\/product\/2082"},{"embeddable":true,"href":"https:\/\/www.thermoplongeurs-galvatek.com\/es\/wp-json\/wp\/v2\/product\/2070"}],"wp:featuredmedia":[{"embeddable":true,"href":"https:\/\/www.thermoplongeurs-galvatek.com\/es\/wp-json\/wp\/v2\/media\/4827"}],"wp:attachment":[{"href":"https:\/\/www.thermoplongeurs-galvatek.com\/es\/wp-json\/wp\/v2\/media?parent=4825"}],"wp:term":[{"taxonomy":"product_brand","embeddable":true,"href":"https:\/\/www.thermoplongeurs-galvatek.com\/es\/wp-json\/wp\/v2\/product_brand?post=4825"},{"taxonomy":"product_cat","embeddable":true,"href":"https:\/\/www.thermoplongeurs-galvatek.com\/es\/wp-json\/wp\/v2\/product_cat?post=4825"},{"taxonomy":"product_tag","embeddable":true,"href":"https:\/\/www.thermoplongeurs-galvatek.com\/es\/wp-json\/wp\/v2\/product_tag?post=4825"}],"curies":[{"name":"wp","href":"https:\/\/api.w.org\/{rel}","templated":true}]}}