{"id":4821,"date":"2025-04-08T11:12:49","date_gmt":"2025-04-08T09:12:49","guid":{"rendered":"https:\/\/www.thermoplongeurs-galvatek.com\/produit\/termostato-electronico-minibox-2m02\/"},"modified":"2025-09-25T13:05:16","modified_gmt":"2025-09-25T11:05:16","slug":"termostato-electronico-minibox-2m02","status":"publish","type":"product","link":"https:\/\/www.thermoplongeurs-galvatek.com\/es\/produit\/termostato-electronico-minibox-2m02\/","title":{"rendered":"Termostato electr\u00f3nico Minibox-2M02"},"content":{"rendered":"<p>El termostato electr\u00f3nico Minibox &#8211; 2M02 es un regulador digital ultracompacto dise\u00f1ado para ofrecer una precisi\u00f3n \u00f3ptima en entornos qu\u00edmicos exigentes. Su membrana de polietileno en la parte frontal lo hace resistente a las condiciones dif\u00edciles, mientras que su interfaz intuitiva garantiza un uso r\u00e1pido y eficaz. <\/p>\n","protected":false},"excerpt":{"rendered":"<p>El termostato electr\u00f3nico Minibox &#8211; 2M02 es un regulador digital ultracompacto dise\u00f1ado para ofrecer una precisi\u00f3n \u00f3ptima en entornos qu\u00edmicos exigentes. Su membrana de polietileno en la parte frontal lo hace resistente a las condiciones dif\u00edciles, mientras que su interfaz intuitiva garantiza un uso r\u00e1pido y eficaz. <\/p>\n","protected":false},"featured_media":4824,"template":"","meta":{"_acf_changed":false,"_seopress_robots_primary_cat":"none","_seopress_titles_title":"","_seopress_titles_desc":"","_seopress_robots_index":""},"product_brand":[],"product_cat":[122,106,110],"product_tag":[],"class_list":{"0":"post-4821","1":"product","2":"type-product","3":"status-publish","4":"has-post-thumbnail","6":"product_cat-termostato-electronicos","7":"product_cat-reguladore-y-sistema-de-control","8":"product_cat-cuadro-de-regulacion","10":"first","11":"instock","12":"shipping-taxable","13":"product-type-simple"},"acf":{"option_ou_accessoire":null},"_links":{"self":[{"href":"https:\/\/www.thermoplongeurs-galvatek.com\/es\/wp-json\/wp\/v2\/product\/4821","targetHints":{"allow":["GET"]}}],"collection":[{"href":"https:\/\/www.thermoplongeurs-galvatek.com\/es\/wp-json\/wp\/v2\/product"}],"about":[{"href":"https:\/\/www.thermoplongeurs-galvatek.com\/es\/wp-json\/wp\/v2\/types\/product"}],"wp:featuredmedia":[{"embeddable":true,"href":"https:\/\/www.thermoplongeurs-galvatek.com\/es\/wp-json\/wp\/v2\/media\/4824"}],"wp:attachment":[{"href":"https:\/\/www.thermoplongeurs-galvatek.com\/es\/wp-json\/wp\/v2\/media?parent=4821"}],"wp:term":[{"taxonomy":"product_brand","embeddable":true,"href":"https:\/\/www.thermoplongeurs-galvatek.com\/es\/wp-json\/wp\/v2\/product_brand?post=4821"},{"taxonomy":"product_cat","embeddable":true,"href":"https:\/\/www.thermoplongeurs-galvatek.com\/es\/wp-json\/wp\/v2\/product_cat?post=4821"},{"taxonomy":"product_tag","embeddable":true,"href":"https:\/\/www.thermoplongeurs-galvatek.com\/es\/wp-json\/wp\/v2\/product_tag?post=4821"}],"curies":[{"name":"wp","href":"https:\/\/api.w.org\/{rel}","templated":true}]}}