{"id":4815,"date":"2025-04-08T11:12:47","date_gmt":"2025-04-08T09:12:47","guid":{"rendered":"https:\/\/www.thermoplongeurs-galvatek.com\/produit\/base-calefactora-termostato-mecanico\/"},"modified":"2025-09-25T14:53:18","modified_gmt":"2025-09-25T12:53:18","slug":"base-calefactora-termostato-mecanico","status":"publish","type":"product","link":"https:\/\/www.thermoplongeurs-galvatek.com\/es\/produit\/base-calefactora-termostato-mecanico\/","title":{"rendered":"Base calefactora &#8211; Termostato mec\u00e1nico"},"content":{"rendered":"<p>La base calefactora industrial con termostato mec\u00e1nico est\u00e1 dise\u00f1ada para calentar y mantener la temperatura de bidones de hasta 200 litros, ya sean de pl\u00e1stico, acero o acero inoxidable. Ofrece una distribuci\u00f3n homog\u00e9nea del calor en toda la superficie y un consumo energ\u00e9tico optimizado. <\/p>\n<p>Puede utilizarse sola, con una cubierta aislante o junto con una manta calefactora para acelerar el tiempo de calentamiento.<\/p>\n","protected":false},"excerpt":{"rendered":"<ul>\n<li>F\u00e1cil de usar<\/li>\n<li>Distribuci\u00f3n del calor repartida por toda la superficie<\/li>\n<li>Bajo consumo energ\u00e9tico<\/li>\n<\/ul>\n<p>&nbsp;<\/p>\n<p>Esta base calefactora es adecuada para calentar vol\u00famenes de hasta<br \/>\n200 litros. El bid\u00f3n puede ser de pl\u00e1stico, acero o acero inoxidable. Para<br \/>\nusar sola, con una cubierta aislante o con una manta calefactora  <\/p>\n<p><strong>Base<\/strong><br \/>\nCompuesta por una placa calefactora<br \/>\nque garantiza un calor homog\u00e9neo en toda la superficie. El termostato mec\u00e1nico permite ajustar la temperatura de la base. <\/p>\n","protected":false},"featured_media":9121,"template":"","meta":{"_acf_changed":false,"_seopress_robots_primary_cat":"none","_seopress_titles_title":"","_seopress_titles_desc":"","_seopress_robots_index":""},"product_brand":[],"product_cat":[79,81],"product_tag":[],"class_list":{"0":"post-4815","1":"product","2":"type-product","3":"status-publish","4":"has-post-thumbnail","6":"product_cat-manta-calefactoras-industriales","7":"product_cat-manta-calefactoras-para-bidones-y-contenedores","9":"first","10":"instock","11":"shipping-taxable","12":"product-type-simple"},"acf":{"option_ou_accessoire":[2090,2092,2088]},"_links":{"self":[{"href":"https:\/\/www.thermoplongeurs-galvatek.com\/es\/wp-json\/wp\/v2\/product\/4815","targetHints":{"allow":["GET"]}}],"collection":[{"href":"https:\/\/www.thermoplongeurs-galvatek.com\/es\/wp-json\/wp\/v2\/product"}],"about":[{"href":"https:\/\/www.thermoplongeurs-galvatek.com\/es\/wp-json\/wp\/v2\/types\/product"}],"acf:post":[{"embeddable":true,"href":"https:\/\/www.thermoplongeurs-galvatek.com\/es\/wp-json\/wp\/v2\/product\/2088"},{"embeddable":true,"href":"https:\/\/www.thermoplongeurs-galvatek.com\/es\/wp-json\/wp\/v2\/product\/2092"},{"embeddable":true,"href":"https:\/\/www.thermoplongeurs-galvatek.com\/es\/wp-json\/wp\/v2\/product\/2090"}],"wp:featuredmedia":[{"embeddable":true,"href":"https:\/\/www.thermoplongeurs-galvatek.com\/es\/wp-json\/wp\/v2\/media\/9121"}],"wp:attachment":[{"href":"https:\/\/www.thermoplongeurs-galvatek.com\/es\/wp-json\/wp\/v2\/media?parent=4815"}],"wp:term":[{"taxonomy":"product_brand","embeddable":true,"href":"https:\/\/www.thermoplongeurs-galvatek.com\/es\/wp-json\/wp\/v2\/product_brand?post=4815"},{"taxonomy":"product_cat","embeddable":true,"href":"https:\/\/www.thermoplongeurs-galvatek.com\/es\/wp-json\/wp\/v2\/product_cat?post=4815"},{"taxonomy":"product_tag","embeddable":true,"href":"https:\/\/www.thermoplongeurs-galvatek.com\/es\/wp-json\/wp\/v2\/product_tag?post=4815"}],"curies":[{"name":"wp","href":"https:\/\/api.w.org\/{rel}","templated":true}]}}