{"id":4810,"date":"2025-04-08T11:12:49","date_gmt":"2025-04-08T09:12:49","guid":{"rendered":"https:\/\/www.thermoplongeurs-galvatek.com\/produit\/intercambiador-de-calor-polimerico\/"},"modified":"2025-09-25T13:05:15","modified_gmt":"2025-09-25T11:05:15","slug":"intercambiador-de-calor-polimerico","status":"publish","type":"product","link":"https:\/\/www.thermoplongeurs-galvatek.com\/es\/produit\/intercambiador-de-calor-polimerico\/","title":{"rendered":"Intercambiador de calor polim\u00e9rico"},"content":{"rendered":"<p>El intercambiador de calor polim\u00e9rico SYNOTHERM\u00ae constituye una soluci\u00f3n eficiente para el calentamiento o enfriamiento indirecto de l\u00edquidos cuando los intercambiadores de calor met\u00e1licos no son adecuados. Su dise\u00f1o compacto y totalmente personalizable ofrece un ahorro de espacio considerable, al tiempo que cumple con los requisitos espec\u00edficos de los entornos industriales m\u00e1s exigentes. <\/p>\n","protected":false},"excerpt":{"rendered":"<p>El intercambiador de calor polim\u00e9rico SYNOTHERM\u00ae constituye una soluci\u00f3n eficiente para el calentamiento o enfriamiento indirecto de l\u00edquidos cuando los intercambiadores de calor met\u00e1licos no son adecuados. Su dise\u00f1o compacto y totalmente personalizable ofrece un ahorro de espacio considerable, al tiempo que cumple con los requisitos espec\u00edficos de los entornos industriales m\u00e1s exigentes. <\/p>\n","protected":false},"featured_media":4813,"template":"","meta":{"_acf_changed":false,"_seopress_robots_primary_cat":"none","_seopress_titles_title":"","_seopress_titles_desc":"","_seopress_robots_index":""},"product_brand":[],"product_cat":[120],"product_tag":[],"class_list":{"0":"post-4810","1":"product","2":"type-product","3":"status-publish","4":"has-post-thumbnail","6":"product_cat-intercambiadore-de-calor","8":"first","9":"instock","10":"shipping-taxable","11":"product-type-simple"},"acf":{"option_ou_accessoire":null},"_links":{"self":[{"href":"https:\/\/www.thermoplongeurs-galvatek.com\/es\/wp-json\/wp\/v2\/product\/4810","targetHints":{"allow":["GET"]}}],"collection":[{"href":"https:\/\/www.thermoplongeurs-galvatek.com\/es\/wp-json\/wp\/v2\/product"}],"about":[{"href":"https:\/\/www.thermoplongeurs-galvatek.com\/es\/wp-json\/wp\/v2\/types\/product"}],"wp:featuredmedia":[{"embeddable":true,"href":"https:\/\/www.thermoplongeurs-galvatek.com\/es\/wp-json\/wp\/v2\/media\/4813"}],"wp:attachment":[{"href":"https:\/\/www.thermoplongeurs-galvatek.com\/es\/wp-json\/wp\/v2\/media?parent=4810"}],"wp:term":[{"taxonomy":"product_brand","embeddable":true,"href":"https:\/\/www.thermoplongeurs-galvatek.com\/es\/wp-json\/wp\/v2\/product_brand?post=4810"},{"taxonomy":"product_cat","embeddable":true,"href":"https:\/\/www.thermoplongeurs-galvatek.com\/es\/wp-json\/wp\/v2\/product_cat?post=4810"},{"taxonomy":"product_tag","embeddable":true,"href":"https:\/\/www.thermoplongeurs-galvatek.com\/es\/wp-json\/wp\/v2\/product_tag?post=4810"}],"curies":[{"name":"wp","href":"https:\/\/api.w.org\/{rel}","templated":true}]}}