{"id":4804,"date":"2025-04-08T11:12:47","date_gmt":"2025-04-08T09:12:47","guid":{"rendered":"https:\/\/www.thermoplongeurs-galvatek.com\/produit\/intercambiador-de-calor-de-placas\/"},"modified":"2025-09-25T13:05:18","modified_gmt":"2025-09-25T11:05:18","slug":"intercambiador-de-calor-de-placas","status":"publish","type":"product","link":"https:\/\/www.thermoplongeurs-galvatek.com\/es\/produit\/intercambiador-de-calor-de-placas\/","title":{"rendered":"Intercambiador de calor de placas"},"content":{"rendered":"<p>Los intercambiadores de calor de placas SYNOTHERM\u00ae de Galvatek constituyen una soluci\u00f3n eficiente y compacta para asegurar el calentamiento o el enfriamiento indirecto de l\u00edquidos en diversos entornos industriales. Dise\u00f1ados para integrarse en las l\u00edneas de galvanizaci\u00f3n y los tanques que requieren un espacio reducido, ofrecen un rendimiento t\u00e9rmico equivalente al de los intercambiadores tubulares, optimizando al mismo tiempo el espacio y garantizando una alta resistencia a los fluidos de tratamiento. <\/p>\n","protected":false},"excerpt":{"rendered":"<p>Los intercambiadores de calor de placas SYNOTHERM\u00ae de Galvatek constituyen una soluci\u00f3n eficiente y compacta para asegurar el calentamiento o el enfriamiento indirecto de l\u00edquidos en diversos entornos industriales. Dise\u00f1ados para integrarse en las l\u00edneas de galvanizaci\u00f3n y los tanques que requieren un espacio reducido, ofrecen un rendimiento t\u00e9rmico equivalente al de los intercambiadores tubulares, optimizando al mismo tiempo el espacio y garantizando una alta resistencia a los fluidos de tratamiento. <\/p>\n","protected":false},"featured_media":4806,"template":"","meta":{"_acf_changed":false,"_seopress_robots_primary_cat":"none","_seopress_titles_title":"","_seopress_titles_desc":"","_seopress_robots_index":""},"product_brand":[],"product_cat":[120],"product_tag":[],"class_list":{"0":"post-4804","1":"product","2":"type-product","3":"status-publish","4":"has-post-thumbnail","6":"product_cat-intercambiadore-de-calor","8":"first","9":"instock","10":"shipping-taxable","11":"product-type-simple"},"acf":{"option_ou_accessoire":null},"_links":{"self":[{"href":"https:\/\/www.thermoplongeurs-galvatek.com\/es\/wp-json\/wp\/v2\/product\/4804","targetHints":{"allow":["GET"]}}],"collection":[{"href":"https:\/\/www.thermoplongeurs-galvatek.com\/es\/wp-json\/wp\/v2\/product"}],"about":[{"href":"https:\/\/www.thermoplongeurs-galvatek.com\/es\/wp-json\/wp\/v2\/types\/product"}],"wp:featuredmedia":[{"embeddable":true,"href":"https:\/\/www.thermoplongeurs-galvatek.com\/es\/wp-json\/wp\/v2\/media\/4806"}],"wp:attachment":[{"href":"https:\/\/www.thermoplongeurs-galvatek.com\/es\/wp-json\/wp\/v2\/media?parent=4804"}],"wp:term":[{"taxonomy":"product_brand","embeddable":true,"href":"https:\/\/www.thermoplongeurs-galvatek.com\/es\/wp-json\/wp\/v2\/product_brand?post=4804"},{"taxonomy":"product_cat","embeddable":true,"href":"https:\/\/www.thermoplongeurs-galvatek.com\/es\/wp-json\/wp\/v2\/product_cat?post=4804"},{"taxonomy":"product_tag","embeddable":true,"href":"https:\/\/www.thermoplongeurs-galvatek.com\/es\/wp-json\/wp\/v2\/product_tag?post=4804"}],"curies":[{"name":"wp","href":"https:\/\/api.w.org\/{rel}","templated":true}]}}