{"id":4800,"date":"2025-04-08T17:31:25","date_gmt":"2025-04-08T15:31:25","guid":{"rendered":"https:\/\/www.thermoplongeurs-galvatek.com\/produit\/sonda-sf\/"},"modified":"2025-09-25T13:34:38","modified_gmt":"2025-09-25T11:34:38","slug":"sonda-sf","status":"publish","type":"product","link":"https:\/\/www.thermoplongeurs-galvatek.com\/es\/produit\/sonda-sf\/","title":{"rendered":"Sonda SF"},"content":{"rendered":"<p>La Sonda SF es una sonda fusible de seguridad dise\u00f1ada para proteger los equipos t\u00e9rmicos contra temperaturas excesivas. Equipada con un cable flexible revestido de FEP, contiene dos conductores aislados con silicona y un elemento fusible que se destruye irreversiblemente cuando se alcanza la temperatura cr\u00edtica (94\u00b0C o 121\u00b0C seg\u00fan el modelo). Este dispositivo asegura as\u00ed una interrupci\u00f3n inmediata del circuito de control para evitar cualquier riesgo de incendio o sobrecalentamiento agravado.  <\/p>\n","protected":false},"excerpt":{"rendered":"<p>La Sonda SF es una sonda fusible de seguridad dise\u00f1ada para proteger los equipos t\u00e9rmicos contra temperaturas excesivas. Equipada con un cable flexible revestido de FEP, contiene dos conductores aislados con silicona y un elemento fusible que se destruye irreversiblemente cuando se alcanza la temperatura cr\u00edtica (94\u00b0C o 121\u00b0C seg\u00fan el modelo). Este dispositivo asegura as\u00ed una interrupci\u00f3n inmediata del circuito de control para evitar cualquier riesgo de incendio o sobrecalentamiento agravado.  <\/p>\n","protected":false},"featured_media":4801,"template":"","meta":{"_acf_changed":false,"_seopress_robots_primary_cat":"none","_seopress_titles_title":"","_seopress_titles_desc":"","_seopress_robots_index":""},"product_brand":[],"product_cat":[118,97],"product_tag":[],"class_list":{"0":"post-4800","1":"product","2":"type-product","3":"status-publish","4":"has-post-thumbnail","6":"product_cat-sonda-fusibles","7":"product_cat-sonda-de-temperatura","9":"first","10":"instock","11":"shipping-taxable","12":"product-type-simple"},"acf":{"option_ou_accessoire":null},"_links":{"self":[{"href":"https:\/\/www.thermoplongeurs-galvatek.com\/es\/wp-json\/wp\/v2\/product\/4800","targetHints":{"allow":["GET"]}}],"collection":[{"href":"https:\/\/www.thermoplongeurs-galvatek.com\/es\/wp-json\/wp\/v2\/product"}],"about":[{"href":"https:\/\/www.thermoplongeurs-galvatek.com\/es\/wp-json\/wp\/v2\/types\/product"}],"wp:featuredmedia":[{"embeddable":true,"href":"https:\/\/www.thermoplongeurs-galvatek.com\/es\/wp-json\/wp\/v2\/media\/4801"}],"wp:attachment":[{"href":"https:\/\/www.thermoplongeurs-galvatek.com\/es\/wp-json\/wp\/v2\/media?parent=4800"}],"wp:term":[{"taxonomy":"product_brand","embeddable":true,"href":"https:\/\/www.thermoplongeurs-galvatek.com\/es\/wp-json\/wp\/v2\/product_brand?post=4800"},{"taxonomy":"product_cat","embeddable":true,"href":"https:\/\/www.thermoplongeurs-galvatek.com\/es\/wp-json\/wp\/v2\/product_cat?post=4800"},{"taxonomy":"product_tag","embeddable":true,"href":"https:\/\/www.thermoplongeurs-galvatek.com\/es\/wp-json\/wp\/v2\/product_tag?post=4800"}],"curies":[{"name":"wp","href":"https:\/\/api.w.org\/{rel}","templated":true}]}}