{"id":4792,"date":"2025-06-05T09:23:50","date_gmt":"2025-06-05T07:23:50","guid":{"rendered":"https:\/\/www.thermoplongeurs-galvatek.com\/produit\/calentadores-de-inmersion-con-vaina-calor-3\/"},"modified":"2025-09-25T13:34:24","modified_gmt":"2025-09-25T11:34:24","slug":"calentadores-de-inmersion-con-vaina-calor-3","status":"publish","type":"product","link":"https:\/\/www.thermoplongeurs-galvatek.com\/es\/produit\/calentadores-de-inmersion-con-vaina-calor-3\/","title":{"rendered":"Calentadores de inmersi\u00f3n con vaina CALOR"},"content":{"rendered":"<p>Los calentadores de inmersi\u00f3n con vaina CALOR est\u00e1n dise\u00f1ados para un rendimiento t\u00e9rmico \u00f3ptimo, adapt\u00e1ndose a diversos l\u00edquidos industriales, incluidos fluidos acuosos y no acuosos. Robustos y fiables, garantizan un uso prolongado incluso en entornos exigentes. <\/p>\n","protected":false},"excerpt":{"rendered":"<p>Los calentadores de inmersi\u00f3n con vaina CALOR est\u00e1n dise\u00f1ados para un rendimiento t\u00e9rmico \u00f3ptimo, adapt\u00e1ndose a diversos l\u00edquidos industriales, incluidos fluidos acuosos y no acuosos. Robustos y fiables, garantizan un uso prolongado incluso en entornos exigentes. <\/p>\n","protected":false},"featured_media":4796,"template":"","meta":{"_acf_changed":false,"_seopress_robots_primary_cat":"none","_seopress_titles_title":"","_seopress_titles_desc":"","_seopress_robots_index":""},"product_brand":[],"product_cat":[71,73],"product_tag":[],"class_list":{"0":"post-4792","1":"product","2":"type-product","3":"status-publish","4":"has-post-thumbnail","6":"product_cat-termoplongeur-industriales","7":"product_cat-termoplongeur-sobre-brida","9":"first","10":"instock","11":"shipping-taxable","12":"product-type-simple"},"acf":{"option_ou_accessoire":null},"_links":{"self":[{"href":"https:\/\/www.thermoplongeurs-galvatek.com\/es\/wp-json\/wp\/v2\/product\/4792","targetHints":{"allow":["GET"]}}],"collection":[{"href":"https:\/\/www.thermoplongeurs-galvatek.com\/es\/wp-json\/wp\/v2\/product"}],"about":[{"href":"https:\/\/www.thermoplongeurs-galvatek.com\/es\/wp-json\/wp\/v2\/types\/product"}],"wp:featuredmedia":[{"embeddable":true,"href":"https:\/\/www.thermoplongeurs-galvatek.com\/es\/wp-json\/wp\/v2\/media\/4796"}],"wp:attachment":[{"href":"https:\/\/www.thermoplongeurs-galvatek.com\/es\/wp-json\/wp\/v2\/media?parent=4792"}],"wp:term":[{"taxonomy":"product_brand","embeddable":true,"href":"https:\/\/www.thermoplongeurs-galvatek.com\/es\/wp-json\/wp\/v2\/product_brand?post=4792"},{"taxonomy":"product_cat","embeddable":true,"href":"https:\/\/www.thermoplongeurs-galvatek.com\/es\/wp-json\/wp\/v2\/product_cat?post=4792"},{"taxonomy":"product_tag","embeddable":true,"href":"https:\/\/www.thermoplongeurs-galvatek.com\/es\/wp-json\/wp\/v2\/product_tag?post=4792"}],"curies":[{"name":"wp","href":"https:\/\/api.w.org\/{rel}","templated":true}]}}