{"id":4788,"date":"2025-06-04T10:24:49","date_gmt":"2025-06-04T08:24:49","guid":{"rendered":"https:\/\/www.thermoplongeurs-galvatek.com\/produit\/calentadores-de-inmersion-planos-montaje-a-pies-para-proteccion-contra-heladas\/"},"modified":"2025-09-25T13:34:37","modified_gmt":"2025-09-25T11:34:37","slug":"calentadores-de-inmersion-planos-montaje-a-pies-para-proteccion-contra-heladas","status":"publish","type":"product","link":"https:\/\/www.thermoplongeurs-galvatek.com\/es\/produit\/calentadores-de-inmersion-planos-montaje-a-pies-para-proteccion-contra-heladas\/","title":{"rendered":"Calentadores de inmersi\u00f3n planos &#8211; Montaje A + pies para protecci\u00f3n contra heladas"},"content":{"rendered":"<p>El calentador de inmersi\u00f3n Galvatherm\u00ae plano &#8211; Montaje A con pies est\u00e1 dise\u00f1ado para la protecci\u00f3n contra heladas de tanques de almacenamiento, con o sin retenci\u00f3n. Su formato plano, su gran superficie de intercambio t\u00e9rmico y su configuraci\u00f3n con pies permiten una instalaci\u00f3n sencilla y eficaz, directamente a trav\u00e9s de la escotilla de inspecci\u00f3n con un di\u00e1metro m\u00ednimo de 500 mm, incluso en un tanque lleno. Es una soluci\u00f3n ideal para asegurar sus vol\u00famenes sensibles a bajas temperaturas, de forma totalmente aut\u00f3noma.  <\/p>\n","protected":false},"excerpt":{"rendered":"<p>El calentador de inmersi\u00f3n Galvatherm\u00ae plano &#8211; Montaje A con pies est\u00e1 dise\u00f1ado para la protecci\u00f3n contra heladas de tanques de almacenamiento, con o sin retenci\u00f3n. Su formato plano, su gran superficie de intercambio t\u00e9rmico y su configuraci\u00f3n con pies permiten una instalaci\u00f3n sencilla y eficaz, directamente a trav\u00e9s de la escotilla de inspecci\u00f3n con un di\u00e1metro m\u00ednimo de 500 mm, incluso en un tanque lleno. Es una soluci\u00f3n ideal para asegurar sus vol\u00famenes sensibles a bajas temperaturas, de forma totalmente aut\u00f3noma.  <\/p>\n","protected":false},"featured_media":4791,"template":"","meta":{"_acf_changed":false,"_seopress_robots_primary_cat":"none","_seopress_titles_title":"","_seopress_titles_desc":"","_seopress_robots_index":""},"product_brand":[],"product_cat":[71,115],"product_tag":[],"class_list":{"0":"post-4788","1":"product","2":"type-product","3":"status-publish","4":"has-post-thumbnail","6":"product_cat-termoplongeur-industriales","7":"product_cat-termoplongeadore-anti-hielo","9":"first","10":"instock","11":"shipping-taxable","12":"product-type-simple"},"acf":{"option_ou_accessoire":[954,2160,2146,2162]},"_links":{"self":[{"href":"https:\/\/www.thermoplongeurs-galvatek.com\/es\/wp-json\/wp\/v2\/product\/4788","targetHints":{"allow":["GET"]}}],"collection":[{"href":"https:\/\/www.thermoplongeurs-galvatek.com\/es\/wp-json\/wp\/v2\/product"}],"about":[{"href":"https:\/\/www.thermoplongeurs-galvatek.com\/es\/wp-json\/wp\/v2\/types\/product"}],"acf:post":[{"embeddable":true,"href":"https:\/\/www.thermoplongeurs-galvatek.com\/es\/wp-json\/wp\/v2\/product\/2162"},{"embeddable":true,"href":"https:\/\/www.thermoplongeurs-galvatek.com\/es\/wp-json\/wp\/v2\/product\/2146"},{"embeddable":true,"href":"https:\/\/www.thermoplongeurs-galvatek.com\/es\/wp-json\/wp\/v2\/product\/2160"},{"embeddable":true,"href":"https:\/\/www.thermoplongeurs-galvatek.com\/es\/wp-json\/wp\/v2\/product\/954"}],"wp:featuredmedia":[{"embeddable":true,"href":"https:\/\/www.thermoplongeurs-galvatek.com\/es\/wp-json\/wp\/v2\/media\/4791"}],"wp:attachment":[{"href":"https:\/\/www.thermoplongeurs-galvatek.com\/es\/wp-json\/wp\/v2\/media?parent=4788"}],"wp:term":[{"taxonomy":"product_brand","embeddable":true,"href":"https:\/\/www.thermoplongeurs-galvatek.com\/es\/wp-json\/wp\/v2\/product_brand?post=4788"},{"taxonomy":"product_cat","embeddable":true,"href":"https:\/\/www.thermoplongeurs-galvatek.com\/es\/wp-json\/wp\/v2\/product_cat?post=4788"},{"taxonomy":"product_tag","embeddable":true,"href":"https:\/\/www.thermoplongeurs-galvatek.com\/es\/wp-json\/wp\/v2\/product_tag?post=4788"}],"curies":[{"name":"wp","href":"https:\/\/api.w.org\/{rel}","templated":true}]}}