{"id":4780,"date":"2025-06-04T10:24:51","date_gmt":"2025-06-04T08:24:51","guid":{"rendered":"https:\/\/www.thermoplongeurs-galvatek.com\/produit\/termoplongeadores-planos-montaje-f-pies-de-mantenimiento-anti-hielo\/"},"modified":"2025-09-25T13:34:35","modified_gmt":"2025-09-25T11:34:35","slug":"termoplongeadores-planos-montaje-f-pies-de-mantenimiento-anti-hielo","status":"publish","type":"product","link":"https:\/\/www.thermoplongeurs-galvatek.com\/es\/produit\/termoplongeadores-planos-montaje-f-pies-de-mantenimiento-anti-hielo\/","title":{"rendered":"Termoplongeadores planos &#8211; Montaje F + pies de mantenimiento anti hielo"},"content":{"rendered":"<p>El termoplongeador Galvatherm\u00ae plano \u2013 Montaje F con pies es una soluci\u00f3n totalmente de pl\u00e1stico, robusta y eficaz, especialmente dise\u00f1ada para el mantenimiento anti hielo de los tanques de almacenamiento, incluso de gran capacidad. Su estructura de junco de pl\u00e1stico garantiza una excelente rigidez, indispensable para potencias a partir de 6 kW, a la vez que permite una instalaci\u00f3n directa por boca de inspecci\u00f3n (orificio de \u00d8 500 mm m\u00ednimo), sin vaciado previo. <\/p>\n","protected":false},"excerpt":{"rendered":"<p>El termoplongeador Galvatherm\u00ae plano \u2013 Montaje F con pies es una soluci\u00f3n totalmente de pl\u00e1stico, robusta y eficaz, especialmente dise\u00f1ada para el mantenimiento anti hielo de los tanques de almacenamiento, incluso de gran capacidad. Su estructura de junco de pl\u00e1stico garantiza una excelente rigidez, indispensable para potencias a partir de 6 kW, a la vez que permite una instalaci\u00f3n directa por boca de inspecci\u00f3n (orificio de \u00d8 500 mm m\u00ednimo), sin vaciado previo. <\/p>\n","protected":false},"featured_media":4782,"template":"","meta":{"_acf_changed":false,"_seopress_robots_primary_cat":"none","_seopress_titles_title":"","_seopress_titles_desc":"","_seopress_robots_index":""},"product_brand":[],"product_cat":[71,115],"product_tag":[],"class_list":{"0":"post-4780","1":"product","2":"type-product","3":"status-publish","4":"has-post-thumbnail","6":"product_cat-termoplongeur-industriales","7":"product_cat-termoplongeadore-anti-hielo","9":"first","10":"instock","11":"shipping-taxable","12":"product-type-simple"},"acf":{"option_ou_accessoire":[954,2160,2149,2162]},"_links":{"self":[{"href":"https:\/\/www.thermoplongeurs-galvatek.com\/es\/wp-json\/wp\/v2\/product\/4780","targetHints":{"allow":["GET"]}}],"collection":[{"href":"https:\/\/www.thermoplongeurs-galvatek.com\/es\/wp-json\/wp\/v2\/product"}],"about":[{"href":"https:\/\/www.thermoplongeurs-galvatek.com\/es\/wp-json\/wp\/v2\/types\/product"}],"acf:post":[{"embeddable":true,"href":"https:\/\/www.thermoplongeurs-galvatek.com\/es\/wp-json\/wp\/v2\/product\/2162"},{"embeddable":true,"href":"https:\/\/www.thermoplongeurs-galvatek.com\/es\/wp-json\/wp\/v2\/product\/2149"},{"embeddable":true,"href":"https:\/\/www.thermoplongeurs-galvatek.com\/es\/wp-json\/wp\/v2\/product\/2160"},{"embeddable":true,"href":"https:\/\/www.thermoplongeurs-galvatek.com\/es\/wp-json\/wp\/v2\/product\/954"}],"wp:featuredmedia":[{"embeddable":true,"href":"https:\/\/www.thermoplongeurs-galvatek.com\/es\/wp-json\/wp\/v2\/media\/4782"}],"wp:attachment":[{"href":"https:\/\/www.thermoplongeurs-galvatek.com\/es\/wp-json\/wp\/v2\/media?parent=4780"}],"wp:term":[{"taxonomy":"product_brand","embeddable":true,"href":"https:\/\/www.thermoplongeurs-galvatek.com\/es\/wp-json\/wp\/v2\/product_brand?post=4780"},{"taxonomy":"product_cat","embeddable":true,"href":"https:\/\/www.thermoplongeurs-galvatek.com\/es\/wp-json\/wp\/v2\/product_cat?post=4780"},{"taxonomy":"product_tag","embeddable":true,"href":"https:\/\/www.thermoplongeurs-galvatek.com\/es\/wp-json\/wp\/v2\/product_tag?post=4780"}],"curies":[{"name":"wp","href":"https:\/\/api.w.org\/{rel}","templated":true}]}}