{"id":4771,"date":"2025-04-08T11:12:42","date_gmt":"2025-04-08T09:12:42","guid":{"rendered":"https:\/\/www.thermoplongeurs-galvatek.com\/produit\/termocalentador-plano-montaje-a-pies\/"},"modified":"2025-09-25T13:04:26","modified_gmt":"2025-09-25T11:04:26","slug":"termocalentador-plano-montaje-a-pies","status":"publish","type":"product","link":"https:\/\/www.thermoplongeurs-galvatek.com\/es\/produit\/termocalentador-plano-montaje-a-pies\/","title":{"rendered":"Termocalentador plano &#8211; Montaje A + pies"},"content":{"rendered":"<p>Los <b>termocalentadores Galvatherm\u00ae<\/b> de tipo plano con <b>montaje sobre pie<\/b> ofrecen una soluci\u00f3n de calefacci\u00f3n industrial fiable, que a\u00fana eficacia y flexibilidad. Dise\u00f1ados para una instalaci\u00f3n en el fondo de la cuba, garantizan una gran superficie de intercambio t\u00e9rmico al tiempo que minimizan el volumen. <\/p>\n","protected":false},"excerpt":{"rendered":"<p>Los <b>termocalentadores Galvatherm\u00ae<\/b> de tipo plano con <b>montaje sobre pie<\/b> ofrecen una soluci\u00f3n de calefacci\u00f3n industrial fiable, que a\u00fana eficacia y flexibilidad. Dise\u00f1ados para una instalaci\u00f3n en el fondo de la cuba, garantizan una gran superficie de intercambio t\u00e9rmico al tiempo que minimizan el volumen. <\/p>\n","protected":false},"featured_media":4772,"template":"","meta":{"_acf_changed":false,"_seopress_robots_primary_cat":"none","_seopress_titles_title":"","_seopress_titles_desc":"","_seopress_robots_index":""},"product_brand":[],"product_cat":[71,88,96],"product_tag":[],"class_list":{"0":"post-4771","1":"product","2":"type-product","3":"status-publish","4":"has-post-thumbnail","6":"product_cat-termoplongeur-industriales","7":"product_cat-calentadore-de-inmersion-para-fondo-de-tanque","8":"product_cat-termosumergible-galvatherm","10":"first","11":"instock","12":"shipping-taxable","13":"product-type-simple"},"acf":{"option_ou_accessoire":[954,2146,2152,2160]},"_links":{"self":[{"href":"https:\/\/www.thermoplongeurs-galvatek.com\/es\/wp-json\/wp\/v2\/product\/4771","targetHints":{"allow":["GET"]}}],"collection":[{"href":"https:\/\/www.thermoplongeurs-galvatek.com\/es\/wp-json\/wp\/v2\/product"}],"about":[{"href":"https:\/\/www.thermoplongeurs-galvatek.com\/es\/wp-json\/wp\/v2\/types\/product"}],"acf:post":[{"embeddable":true,"href":"https:\/\/www.thermoplongeurs-galvatek.com\/es\/wp-json\/wp\/v2\/product\/2160"},{"embeddable":true,"href":"https:\/\/www.thermoplongeurs-galvatek.com\/es\/wp-json\/wp\/v2\/product\/2152"},{"embeddable":true,"href":"https:\/\/www.thermoplongeurs-galvatek.com\/es\/wp-json\/wp\/v2\/product\/2146"},{"embeddable":true,"href":"https:\/\/www.thermoplongeurs-galvatek.com\/es\/wp-json\/wp\/v2\/product\/954"}],"wp:featuredmedia":[{"embeddable":true,"href":"https:\/\/www.thermoplongeurs-galvatek.com\/es\/wp-json\/wp\/v2\/media\/4772"}],"wp:attachment":[{"href":"https:\/\/www.thermoplongeurs-galvatek.com\/es\/wp-json\/wp\/v2\/media?parent=4771"}],"wp:term":[{"taxonomy":"product_brand","embeddable":true,"href":"https:\/\/www.thermoplongeurs-galvatek.com\/es\/wp-json\/wp\/v2\/product_brand?post=4771"},{"taxonomy":"product_cat","embeddable":true,"href":"https:\/\/www.thermoplongeurs-galvatek.com\/es\/wp-json\/wp\/v2\/product_cat?post=4771"},{"taxonomy":"product_tag","embeddable":true,"href":"https:\/\/www.thermoplongeurs-galvatek.com\/es\/wp-json\/wp\/v2\/product_tag?post=4771"}],"curies":[{"name":"wp","href":"https:\/\/api.w.org\/{rel}","templated":true}]}}