{"id":4764,"date":"2025-04-08T11:12:43","date_gmt":"2025-04-08T09:12:43","guid":{"rendered":"https:\/\/www.thermoplongeurs-galvatek.com\/produit\/termocalentador-plano-montaje-f-pies\/"},"modified":"2025-09-25T13:04:23","modified_gmt":"2025-09-25T11:04:23","slug":"termocalentador-plano-montaje-f-pies","status":"publish","type":"product","link":"https:\/\/www.thermoplongeurs-galvatek.com\/es\/produit\/termocalentador-plano-montaje-f-pies\/","title":{"rendered":"Termocalentador plano &#8211; Montaje F + pies"},"content":{"rendered":"<p>Los <b>termocalentadores Galvatherm<\/b><b>\u00ae<\/b> de tipo plano &#8211; Montaje F con <b>pies<\/b> son modelos universales \u00abtodo pl\u00e1stico\u00bb, especialmente dise\u00f1ados para potencias elevadas que van de <b>6 kW a 15 kW<\/b>. Su dise\u00f1o robusto y su instalaci\u00f3n estable en el fondo de la cuba ofrecen una soluci\u00f3n ideal para las grandes cubas industriales. <\/p>\n","protected":false},"excerpt":{"rendered":"<p>Los <b>termocalentadores Galvatherm<\/b><b>\u00ae<\/b> de tipo plano &#8211; Montaje F con <b>pies<\/b> son modelos universales \u00abtodo pl\u00e1stico\u00bb, especialmente dise\u00f1ados para potencias elevadas que van de <b>6 kW a 15 kW<\/b>. Su dise\u00f1o robusto y su instalaci\u00f3n estable en el fondo de la cuba ofrecen una soluci\u00f3n ideal para las grandes cubas industriales. <\/p>\n","protected":false},"featured_media":4766,"template":"","meta":{"_acf_changed":false,"_seopress_robots_primary_cat":"none","_seopress_titles_title":"","_seopress_titles_desc":"","_seopress_robots_index":""},"product_brand":[],"product_cat":[71,88],"product_tag":[],"class_list":{"0":"post-4764","1":"product","2":"type-product","3":"status-publish","4":"has-post-thumbnail","6":"product_cat-termoplongeur-industriales","7":"product_cat-calentadore-de-inmersion-para-fondo-de-tanque","9":"first","10":"instock","11":"shipping-taxable","12":"product-type-simple"},"acf":{"option_ou_accessoire":[954,2149,2160,2156]},"_links":{"self":[{"href":"https:\/\/www.thermoplongeurs-galvatek.com\/es\/wp-json\/wp\/v2\/product\/4764","targetHints":{"allow":["GET"]}}],"collection":[{"href":"https:\/\/www.thermoplongeurs-galvatek.com\/es\/wp-json\/wp\/v2\/product"}],"about":[{"href":"https:\/\/www.thermoplongeurs-galvatek.com\/es\/wp-json\/wp\/v2\/types\/product"}],"acf:post":[{"embeddable":true,"href":"https:\/\/www.thermoplongeurs-galvatek.com\/es\/wp-json\/wp\/v2\/product\/2156"},{"embeddable":true,"href":"https:\/\/www.thermoplongeurs-galvatek.com\/es\/wp-json\/wp\/v2\/product\/2160"},{"embeddable":true,"href":"https:\/\/www.thermoplongeurs-galvatek.com\/es\/wp-json\/wp\/v2\/product\/2149"},{"embeddable":true,"href":"https:\/\/www.thermoplongeurs-galvatek.com\/es\/wp-json\/wp\/v2\/product\/954"}],"wp:featuredmedia":[{"embeddable":true,"href":"https:\/\/www.thermoplongeurs-galvatek.com\/es\/wp-json\/wp\/v2\/media\/4766"}],"wp:attachment":[{"href":"https:\/\/www.thermoplongeurs-galvatek.com\/es\/wp-json\/wp\/v2\/media?parent=4764"}],"wp:term":[{"taxonomy":"product_brand","embeddable":true,"href":"https:\/\/www.thermoplongeurs-galvatek.com\/es\/wp-json\/wp\/v2\/product_brand?post=4764"},{"taxonomy":"product_cat","embeddable":true,"href":"https:\/\/www.thermoplongeurs-galvatek.com\/es\/wp-json\/wp\/v2\/product_cat?post=4764"},{"taxonomy":"product_tag","embeddable":true,"href":"https:\/\/www.thermoplongeurs-galvatek.com\/es\/wp-json\/wp\/v2\/product_tag?post=4764"}],"curies":[{"name":"wp","href":"https:\/\/api.w.org\/{rel}","templated":true}]}}