{"id":4755,"date":"2025-04-08T11:12:42","date_gmt":"2025-04-08T09:12:42","guid":{"rendered":"https:\/\/www.thermoplongeurs-galvatek.com\/produit\/sondas-de-temperatura-tf\/"},"modified":"2025-09-26T12:12:41","modified_gmt":"2025-09-26T10:12:41","slug":"sondas-de-temperatura-tf","status":"publish","type":"product","link":"https:\/\/www.thermoplongeurs-galvatek.com\/es\/produit\/sondas-de-temperatura-tf\/","title":{"rendered":"Sondas de Temperatura &#8211; TF"},"content":{"rendered":"<p>Las sondas de temperatura TF de Galvatek, que integran sondas PT100, ofrecen una medici\u00f3n precisa y fiable para la regulaci\u00f3n y la supervisi\u00f3n de las temperaturas de los l\u00edquidos en los entornos industriales m\u00e1s exigentes. Disponibles con un tubo r\u00edgido o una vaina flexible en materiales altamente resistentes, se adaptan a las necesidades variadas de los procesos t\u00e9rmicos. <\/p>\n","protected":false},"excerpt":{"rendered":"<p>Las sondas de temperatura TF de Galvatek, que integran sondas PT100, ofrecen una medici\u00f3n precisa y fiable para la regulaci\u00f3n y la supervisi\u00f3n de las temperaturas de los l\u00edquidos en los entornos industriales m\u00e1s exigentes. Disponibles con un tubo r\u00edgido o una vaina flexible en materiales altamente resistentes, se adaptan a las necesidades variadas de los procesos t\u00e9rmicos. <\/p>\n","protected":false},"featured_media":9145,"template":"","meta":{"_acf_changed":false,"_seopress_robots_primary_cat":"none","_seopress_titles_title":"","_seopress_titles_desc":"","_seopress_robots_index":""},"product_brand":[],"product_cat":[97,98],"product_tag":[],"class_list":{"0":"post-4755","1":"product","2":"type-product","3":"status-publish","4":"has-post-thumbnail","6":"product_cat-sonda-de-temperatura","7":"product_cat-sonda-pt100","9":"first","10":"instock","11":"shipping-taxable","12":"product-type-simple"},"acf":{"option_ou_accessoire":[2070,2082,2112,2116,2163,2072,2084,2114,2165]},"_links":{"self":[{"href":"https:\/\/www.thermoplongeurs-galvatek.com\/es\/wp-json\/wp\/v2\/product\/4755","targetHints":{"allow":["GET"]}}],"collection":[{"href":"https:\/\/www.thermoplongeurs-galvatek.com\/es\/wp-json\/wp\/v2\/product"}],"about":[{"href":"https:\/\/www.thermoplongeurs-galvatek.com\/es\/wp-json\/wp\/v2\/types\/product"}],"acf:post":[{"embeddable":true,"href":"https:\/\/www.thermoplongeurs-galvatek.com\/es\/wp-json\/wp\/v2\/product\/2165"},{"embeddable":true,"href":"https:\/\/www.thermoplongeurs-galvatek.com\/es\/wp-json\/wp\/v2\/product\/2114"},{"embeddable":true,"href":"https:\/\/www.thermoplongeurs-galvatek.com\/es\/wp-json\/wp\/v2\/product\/2084"},{"embeddable":true,"href":"https:\/\/www.thermoplongeurs-galvatek.com\/es\/wp-json\/wp\/v2\/product\/2072"},{"embeddable":true,"href":"https:\/\/www.thermoplongeurs-galvatek.com\/es\/wp-json\/wp\/v2\/product\/2163"},{"embeddable":true,"href":"https:\/\/www.thermoplongeurs-galvatek.com\/es\/wp-json\/wp\/v2\/product\/2116"},{"embeddable":true,"href":"https:\/\/www.thermoplongeurs-galvatek.com\/es\/wp-json\/wp\/v2\/product\/2112"},{"embeddable":true,"href":"https:\/\/www.thermoplongeurs-galvatek.com\/es\/wp-json\/wp\/v2\/product\/2082"},{"embeddable":true,"href":"https:\/\/www.thermoplongeurs-galvatek.com\/es\/wp-json\/wp\/v2\/product\/2070"}],"wp:featuredmedia":[{"embeddable":true,"href":"https:\/\/www.thermoplongeurs-galvatek.com\/es\/wp-json\/wp\/v2\/media\/9145"}],"wp:attachment":[{"href":"https:\/\/www.thermoplongeurs-galvatek.com\/es\/wp-json\/wp\/v2\/media?parent=4755"}],"wp:term":[{"taxonomy":"product_brand","embeddable":true,"href":"https:\/\/www.thermoplongeurs-galvatek.com\/es\/wp-json\/wp\/v2\/product_brand?post=4755"},{"taxonomy":"product_cat","embeddable":true,"href":"https:\/\/www.thermoplongeurs-galvatek.com\/es\/wp-json\/wp\/v2\/product_cat?post=4755"},{"taxonomy":"product_tag","embeddable":true,"href":"https:\/\/www.thermoplongeurs-galvatek.com\/es\/wp-json\/wp\/v2\/product_tag?post=4755"}],"curies":[{"name":"wp","href":"https:\/\/api.w.org\/{rel}","templated":true}]}}