{"id":4748,"date":"2025-04-08T11:12:43","date_gmt":"2025-04-08T09:12:43","guid":{"rendered":"https:\/\/www.thermoplongeurs-galvatek.com\/produit\/termosumergible-cilindrico-montaje-s-pies\/"},"modified":"2026-01-26T15:45:22","modified_gmt":"2026-01-26T14:45:22","slug":"termosumergible-cilindrico-montaje-s-pies","status":"publish","type":"product","link":"https:\/\/www.thermoplongeurs-galvatek.com\/es\/produit\/termosumergible-cilindrico-montaje-s-pies\/","title":{"rendered":"Termosumergible cil\u00edndrico &#8211; Montaje S + pies"},"content":{"rendered":"<p>Los termosumergibles Galvatherm\u00ae de tipo cil\u00edndrico &#8211; Montaje S con pies est\u00e1n especialmente dise\u00f1ados para aplicaciones que requieren peque\u00f1as potencias a partir de 0,5 kW. Su dise\u00f1o completamente pl\u00e1stico, ligero y flexible, permite una instalaci\u00f3n estable en el fondo del dep\u00f3sito, ideal para peque\u00f1os dep\u00f3sitos o usos puntuales. <\/p>\n","protected":false},"excerpt":{"rendered":"<p>Los termosumergibles Galvatherm\u00ae de tipo cil\u00edndrico &#8211; Montaje S con pies est\u00e1n especialmente dise\u00f1ados para aplicaciones que requieren peque\u00f1as potencias a partir de 0,5 kW. Su dise\u00f1o completamente pl\u00e1stico, ligero y flexible, permite una instalaci\u00f3n estable en el fondo del dep\u00f3sito, ideal para peque\u00f1os dep\u00f3sitos o usos puntuales. <\/p>\n","protected":false},"featured_media":4749,"template":"","meta":{"_acf_changed":false,"_seopress_robots_primary_cat":"none","_seopress_titles_title":"","_seopress_titles_desc":"","_seopress_robots_index":""},"product_brand":[],"product_cat":[71,88,96],"product_tag":[],"class_list":{"0":"post-4748","1":"product","2":"type-product","3":"status-publish","4":"has-post-thumbnail","6":"product_cat-termoplongeur-industriales","7":"product_cat-calentadore-de-inmersion-para-fondo-de-tanque","8":"product_cat-termosumergible-galvatherm","10":"first","11":"instock","12":"shipping-taxable","13":"product-type-simple"},"acf":{"option_ou_accessoire":[954,2160]},"_links":{"self":[{"href":"https:\/\/www.thermoplongeurs-galvatek.com\/es\/wp-json\/wp\/v2\/product\/4748","targetHints":{"allow":["GET"]}}],"collection":[{"href":"https:\/\/www.thermoplongeurs-galvatek.com\/es\/wp-json\/wp\/v2\/product"}],"about":[{"href":"https:\/\/www.thermoplongeurs-galvatek.com\/es\/wp-json\/wp\/v2\/types\/product"}],"acf:post":[{"embeddable":true,"href":"https:\/\/www.thermoplongeurs-galvatek.com\/es\/wp-json\/wp\/v2\/product\/2160"},{"embeddable":true,"href":"https:\/\/www.thermoplongeurs-galvatek.com\/es\/wp-json\/wp\/v2\/product\/954"}],"wp:featuredmedia":[{"embeddable":true,"href":"https:\/\/www.thermoplongeurs-galvatek.com\/es\/wp-json\/wp\/v2\/media\/4749"}],"wp:attachment":[{"href":"https:\/\/www.thermoplongeurs-galvatek.com\/es\/wp-json\/wp\/v2\/media?parent=4748"}],"wp:term":[{"taxonomy":"product_brand","embeddable":true,"href":"https:\/\/www.thermoplongeurs-galvatek.com\/es\/wp-json\/wp\/v2\/product_brand?post=4748"},{"taxonomy":"product_cat","embeddable":true,"href":"https:\/\/www.thermoplongeurs-galvatek.com\/es\/wp-json\/wp\/v2\/product_cat?post=4748"},{"taxonomy":"product_tag","embeddable":true,"href":"https:\/\/www.thermoplongeurs-galvatek.com\/es\/wp-json\/wp\/v2\/product_tag?post=4748"}],"curies":[{"name":"wp","href":"https:\/\/api.w.org\/{rel}","templated":true}]}}