{"id":4744,"date":"2025-04-08T11:12:44","date_gmt":"2025-04-08T09:12:44","guid":{"rendered":"https:\/\/www.thermoplongeurs-galvatek.com\/produit\/manta-calefactora-estandar-gama-630\/"},"modified":"2025-09-25T13:05:29","modified_gmt":"2025-09-25T11:05:29","slug":"manta-calefactora-estandar-gama-630","status":"publish","type":"product","link":"https:\/\/www.thermoplongeurs-galvatek.com\/es\/produit\/manta-calefactora-estandar-gama-630\/","title":{"rendered":"Manta calefactora est\u00e1ndar &#8211; gama 630"},"content":{"rendered":"<p>Las mantas calefactoras industriales est\u00e1ndar de la gama 630 ofrecen una soluci\u00f3n eficaz y vers\u00e1til para mantener la temperatura y calentar bidones de pl\u00e1stico o metal de 25 a 220 litros. Dise\u00f1ada para un uso pr\u00e1ctico y un rendimiento \u00f3ptimo, esta gama satisface las diversas necesidades de la industria. <\/p>\n","protected":false},"excerpt":{"rendered":"<p>Las mantas calefactoras industriales est\u00e1ndar de la gama 630 ofrecen una soluci\u00f3n eficaz y vers\u00e1til para mantener la temperatura y calentar bidones de pl\u00e1stico o metal de 25 a 220 litros. Dise\u00f1ada para un uso pr\u00e1ctico y un rendimiento \u00f3ptimo, esta gama satisface las diversas necesidades de la industria. <\/p>\n","protected":false},"featured_media":4746,"template":"","meta":{"_acf_changed":false,"_seopress_robots_primary_cat":"none","_seopress_titles_title":"","_seopress_titles_desc":"","_seopress_robots_index":""},"product_brand":[],"product_cat":[79,81],"product_tag":[],"class_list":{"0":"post-4744","1":"product","2":"type-product","3":"status-publish","4":"has-post-thumbnail","6":"product_cat-manta-calefactoras-industriales","7":"product_cat-manta-calefactoras-para-bidones-y-contenedores","9":"first","10":"instock","11":"shipping-taxable","12":"product-type-simple"},"acf":{"option_ou_accessoire":[2096,2098,2092]},"_links":{"self":[{"href":"https:\/\/www.thermoplongeurs-galvatek.com\/es\/wp-json\/wp\/v2\/product\/4744","targetHints":{"allow":["GET"]}}],"collection":[{"href":"https:\/\/www.thermoplongeurs-galvatek.com\/es\/wp-json\/wp\/v2\/product"}],"about":[{"href":"https:\/\/www.thermoplongeurs-galvatek.com\/es\/wp-json\/wp\/v2\/types\/product"}],"acf:post":[{"embeddable":true,"href":"https:\/\/www.thermoplongeurs-galvatek.com\/es\/wp-json\/wp\/v2\/product\/2092"},{"embeddable":true,"href":"https:\/\/www.thermoplongeurs-galvatek.com\/es\/wp-json\/wp\/v2\/product\/2098"},{"embeddable":true,"href":"https:\/\/www.thermoplongeurs-galvatek.com\/es\/wp-json\/wp\/v2\/product\/2096"}],"wp:featuredmedia":[{"embeddable":true,"href":"https:\/\/www.thermoplongeurs-galvatek.com\/es\/wp-json\/wp\/v2\/media\/4746"}],"wp:attachment":[{"href":"https:\/\/www.thermoplongeurs-galvatek.com\/es\/wp-json\/wp\/v2\/media?parent=4744"}],"wp:term":[{"taxonomy":"product_brand","embeddable":true,"href":"https:\/\/www.thermoplongeurs-galvatek.com\/es\/wp-json\/wp\/v2\/product_brand?post=4744"},{"taxonomy":"product_cat","embeddable":true,"href":"https:\/\/www.thermoplongeurs-galvatek.com\/es\/wp-json\/wp\/v2\/product_cat?post=4744"},{"taxonomy":"product_tag","embeddable":true,"href":"https:\/\/www.thermoplongeurs-galvatek.com\/es\/wp-json\/wp\/v2\/product_tag?post=4744"}],"curies":[{"name":"wp","href":"https:\/\/api.w.org\/{rel}","templated":true}]}}