{"id":4737,"date":"2025-04-08T11:12:44","date_gmt":"2025-04-08T09:12:44","guid":{"rendered":"https:\/\/www.thermoplongeurs-galvatek.com\/produit\/base-calefactora-gama-digiheat\/"},"modified":"2025-09-26T10:47:30","modified_gmt":"2025-09-26T08:47:30","slug":"base-calefactora-gama-digiheat","status":"publish","type":"product","link":"https:\/\/www.thermoplongeurs-galvatek.com\/es\/produit\/base-calefactora-gama-digiheat\/","title":{"rendered":"Base calefactora &#8211; Gama Digiheat"},"content":{"rendered":"<p>La base calefactora industrial de la gama &#8220;Digiheat&#8221; est\u00e1 dise\u00f1ada para calentar y mantener la temperatura de bidones de 210 litros, ya sean de pl\u00e1stico, acero o acero inoxidable. Gracias a su placa calefactora homog\u00e9nea y su regulador digital, ofrece un calentamiento preciso y eficaz. <\/p>\n<p>Puede utilizarse sola, con una cubierta aislante o junto con una manta calefactora para acelerar el tiempo de calentamiento.<\/p>\n","protected":false},"excerpt":{"rendered":"<p>La base calefactora industrial de la gama &#8220;Digiheat&#8221; est\u00e1 dise\u00f1ada para calentar y mantener la temperatura de bidones de 210 litros, ya sean de pl\u00e1stico, acero o acero inoxidable. Gracias a su placa calefactora homog\u00e9nea y su regulador digital, ofrece un calentamiento preciso y eficaz. <\/p>\n<p>Puede utilizarse sola, con una cubierta aislante o junto con una manta calefactora para acelerar el tiempo de calentamiento.<\/p>\n<ul>\n<li aria-level=\"1\"><b>Materiales<\/b>: Placa calefactora homog\u00e9nea en toda la superficie.<\/li>\n<li aria-level=\"1\"><b>Tecnolog\u00eda<\/b>: Termostato electr\u00f3nico digital ajustable de 0 a 145 \u00b0C.<\/li>\n<li aria-level=\"1\"><b>Potencia<\/b>: 850 W (3,5 A).<\/li>\n<li aria-level=\"1\"><b>Tensi\u00f3n de alimentaci\u00f3n<\/b>: 240 V 1ph, 50\/60 Hz CA.<\/li>\n<li aria-level=\"1\"><b>Cable de alimentaci\u00f3n<\/b>: 5 m de PVC recubierto con malla de acero galvanizado.<\/li>\n<li aria-level=\"1\"><b>Dimensiones<\/b>:\n<ul>\n<li aria-level=\"2\">Di\u00e1metro total: 887 mm.<\/li>\n<li aria-level=\"2\">Di\u00e1metro de la placa calefactora: 550 mm.<\/li>\n<li aria-level=\"2\">Altura total: 59 mm.<\/li>\n<\/ul>\n<\/li>\n<\/ul>\n","protected":false},"featured_media":8653,"template":"","meta":{"_acf_changed":false,"_seopress_robots_primary_cat":"none","_seopress_titles_title":"","_seopress_titles_desc":"","_seopress_robots_index":""},"product_brand":[],"product_cat":[79,81],"product_tag":[],"class_list":{"0":"post-4737","1":"product","2":"type-product","3":"status-publish","4":"has-post-thumbnail","6":"product_cat-manta-calefactoras-industriales","7":"product_cat-manta-calefactoras-para-bidones-y-contenedores","9":"first","10":"instock","11":"shipping-taxable","12":"product-type-simple"},"acf":{"option_ou_accessoire":[2088,2090,2092]},"_links":{"self":[{"href":"https:\/\/www.thermoplongeurs-galvatek.com\/es\/wp-json\/wp\/v2\/product\/4737","targetHints":{"allow":["GET"]}}],"collection":[{"href":"https:\/\/www.thermoplongeurs-galvatek.com\/es\/wp-json\/wp\/v2\/product"}],"about":[{"href":"https:\/\/www.thermoplongeurs-galvatek.com\/es\/wp-json\/wp\/v2\/types\/product"}],"acf:post":[{"embeddable":true,"href":"https:\/\/www.thermoplongeurs-galvatek.com\/es\/wp-json\/wp\/v2\/product\/2092"},{"embeddable":true,"href":"https:\/\/www.thermoplongeurs-galvatek.com\/es\/wp-json\/wp\/v2\/product\/2090"},{"embeddable":true,"href":"https:\/\/www.thermoplongeurs-galvatek.com\/es\/wp-json\/wp\/v2\/product\/2088"}],"wp:featuredmedia":[{"embeddable":true,"href":"https:\/\/www.thermoplongeurs-galvatek.com\/es\/wp-json\/wp\/v2\/media\/8653"}],"wp:attachment":[{"href":"https:\/\/www.thermoplongeurs-galvatek.com\/es\/wp-json\/wp\/v2\/media?parent=4737"}],"wp:term":[{"taxonomy":"product_brand","embeddable":true,"href":"https:\/\/www.thermoplongeurs-galvatek.com\/es\/wp-json\/wp\/v2\/product_brand?post=4737"},{"taxonomy":"product_cat","embeddable":true,"href":"https:\/\/www.thermoplongeurs-galvatek.com\/es\/wp-json\/wp\/v2\/product_cat?post=4737"},{"taxonomy":"product_tag","embeddable":true,"href":"https:\/\/www.thermoplongeurs-galvatek.com\/es\/wp-json\/wp\/v2\/product_tag?post=4737"}],"curies":[{"name":"wp","href":"https:\/\/api.w.org\/{rel}","templated":true}]}}