{"id":4730,"date":"2025-04-08T11:12:44","date_gmt":"2025-04-08T09:12:44","guid":{"rendered":"https:\/\/www.thermoplongeurs-galvatek.com\/produit\/caja-de-regulacion-trifasica-galvabox-5t15-3aa\/"},"modified":"2026-04-01T10:36:17","modified_gmt":"2026-04-01T08:36:17","slug":"caja-de-regulacion-trifasica-galvabox-5t15-3aa","status":"publish","type":"product","link":"https:\/\/www.thermoplongeurs-galvatek.com\/es\/produit\/caja-de-regulacion-trifasica-galvabox-5t15-3aa\/","title":{"rendered":"Caja de control trif\u00e1sica &#8211; Galvabox 5T20-3AA"},"content":{"rendered":"<div class=\"wpb-content-wrapper\"><p>[vc_row][vc_column][vc_column_text uncode_shortcode_id=&#8221;629998&#8243;]La Galvabox 5T20-3AA es una unidad de control trif\u00e1sica compacta, robusta y f\u00e1cil de usar, especialmente dise\u00f1ada para entornos industriales exigentes. Con su controlador PID de pantalla digital y su amplia compatibilidad, proporciona un control preciso y seguro de sistemas de calefacci\u00f3n de hasta 20 kW a 400 V trif\u00e1sicos.[\/vc_column_text][\/vc_column][\/vc_row]<\/p>\n<\/div>","protected":false},"excerpt":{"rendered":"<p>La Galvabox 5T20-3AA es una unidad de control trif\u00e1sica compacta, robusta y f\u00e1cil de usar, especialmente dise\u00f1ada para entornos industriales exigentes. Con su controlador PID de pantalla digital y su amplia compatibilidad, proporciona un control preciso y seguro de sistemas de calefacci\u00f3n de hasta 20 kW a 400 V trif\u00e1sicos. <\/p>\n","protected":false},"featured_media":4732,"template":"","meta":{"_acf_changed":false,"_seopress_robots_primary_cat":"none","_seopress_titles_title":"","_seopress_titles_desc":"","_seopress_robots_index":""},"product_brand":[],"product_cat":[106,110],"product_tag":[],"class_list":{"0":"post-4730","1":"product","2":"type-product","3":"status-publish","4":"has-post-thumbnail","6":"product_cat-reguladore-y-sistema-de-control","7":"product_cat-cuadro-de-regulacion","9":"first","10":"instock","11":"shipping-taxable","12":"product-type-simple"},"acf":{"option_ou_accessoire":[2161]},"_links":{"self":[{"href":"https:\/\/www.thermoplongeurs-galvatek.com\/es\/wp-json\/wp\/v2\/product\/4730","targetHints":{"allow":["GET"]}}],"collection":[{"href":"https:\/\/www.thermoplongeurs-galvatek.com\/es\/wp-json\/wp\/v2\/product"}],"about":[{"href":"https:\/\/www.thermoplongeurs-galvatek.com\/es\/wp-json\/wp\/v2\/types\/product"}],"acf:post":[{"embeddable":true,"href":"https:\/\/www.thermoplongeurs-galvatek.com\/es\/wp-json\/wp\/v2\/product\/2161"}],"wp:featuredmedia":[{"embeddable":true,"href":"https:\/\/www.thermoplongeurs-galvatek.com\/es\/wp-json\/wp\/v2\/media\/4732"}],"wp:attachment":[{"href":"https:\/\/www.thermoplongeurs-galvatek.com\/es\/wp-json\/wp\/v2\/media?parent=4730"}],"wp:term":[{"taxonomy":"product_brand","embeddable":true,"href":"https:\/\/www.thermoplongeurs-galvatek.com\/es\/wp-json\/wp\/v2\/product_brand?post=4730"},{"taxonomy":"product_cat","embeddable":true,"href":"https:\/\/www.thermoplongeurs-galvatek.com\/es\/wp-json\/wp\/v2\/product_cat?post=4730"},{"taxonomy":"product_tag","embeddable":true,"href":"https:\/\/www.thermoplongeurs-galvatek.com\/es\/wp-json\/wp\/v2\/product_tag?post=4730"}],"curies":[{"name":"wp","href":"https:\/\/api.w.org\/{rel}","templated":true}]}}