{"id":4726,"date":"2025-04-08T11:12:45","date_gmt":"2025-04-08T09:12:45","guid":{"rendered":"https:\/\/www.thermoplongeurs-galvatek.com\/produit\/cinturon-calefactor-de-silicona\/"},"modified":"2025-09-25T13:05:25","modified_gmt":"2025-09-25T11:05:25","slug":"cinturon-calefactor-de-silicona","status":"publish","type":"product","link":"https:\/\/www.thermoplongeurs-galvatek.com\/es\/produit\/cinturon-calefactor-de-silicona\/","title":{"rendered":"Cintur\u00f3n calefactor de silicona"},"content":{"rendered":"<p>El cintur\u00f3n calefactor industrial de silicona referencia 540402 est\u00e1 especialmente dise\u00f1ado para mantener la temperatura de bidones de 200 litros. Flexible y f\u00e1cil de instalar, ofrece un calentamiento homog\u00e9neo y puede utilizarse solo o con hasta 3 cinturones simult\u00e1neamente para un mayor rendimiento. <\/p>\n","protected":false},"excerpt":{"rendered":"<p>El cintur\u00f3n calefactor industrial de silicona referencia 540402 est\u00e1 especialmente dise\u00f1ado para mantener la temperatura de bidones de 200 litros. Flexible y f\u00e1cil de instalar, ofrece un calentamiento homog\u00e9neo y puede utilizarse solo o con hasta 3 cinturones simult\u00e1neamente para un mayor rendimiento. <\/p>\n","protected":false},"featured_media":4729,"template":"","meta":{"_acf_changed":false,"_seopress_robots_primary_cat":"none","_seopress_titles_title":"","_seopress_titles_desc":"","_seopress_robots_index":""},"product_brand":[],"product_cat":[81,79],"product_tag":[],"class_list":{"0":"post-4726","1":"product","2":"type-product","3":"status-publish","4":"has-post-thumbnail","6":"product_cat-manta-calefactoras-para-bidones-y-contenedores","7":"product_cat-manta-calefactoras-industriales","9":"first","10":"instock","11":"shipping-taxable","12":"product-type-simple"},"acf":{"option_ou_accessoire":[2096,2098,2092]},"_links":{"self":[{"href":"https:\/\/www.thermoplongeurs-galvatek.com\/es\/wp-json\/wp\/v2\/product\/4726","targetHints":{"allow":["GET"]}}],"collection":[{"href":"https:\/\/www.thermoplongeurs-galvatek.com\/es\/wp-json\/wp\/v2\/product"}],"about":[{"href":"https:\/\/www.thermoplongeurs-galvatek.com\/es\/wp-json\/wp\/v2\/types\/product"}],"acf:post":[{"embeddable":true,"href":"https:\/\/www.thermoplongeurs-galvatek.com\/es\/wp-json\/wp\/v2\/product\/2092"},{"embeddable":true,"href":"https:\/\/www.thermoplongeurs-galvatek.com\/es\/wp-json\/wp\/v2\/product\/2098"},{"embeddable":true,"href":"https:\/\/www.thermoplongeurs-galvatek.com\/es\/wp-json\/wp\/v2\/product\/2096"}],"wp:featuredmedia":[{"embeddable":true,"href":"https:\/\/www.thermoplongeurs-galvatek.com\/es\/wp-json\/wp\/v2\/media\/4729"}],"wp:attachment":[{"href":"https:\/\/www.thermoplongeurs-galvatek.com\/es\/wp-json\/wp\/v2\/media?parent=4726"}],"wp:term":[{"taxonomy":"product_brand","embeddable":true,"href":"https:\/\/www.thermoplongeurs-galvatek.com\/es\/wp-json\/wp\/v2\/product_brand?post=4726"},{"taxonomy":"product_cat","embeddable":true,"href":"https:\/\/www.thermoplongeurs-galvatek.com\/es\/wp-json\/wp\/v2\/product_cat?post=4726"},{"taxonomy":"product_tag","embeddable":true,"href":"https:\/\/www.thermoplongeurs-galvatek.com\/es\/wp-json\/wp\/v2\/product_tag?post=4726"}],"curies":[{"name":"wp","href":"https:\/\/api.w.org\/{rel}","templated":true}]}}