{"id":4721,"date":"2025-04-08T11:12:36","date_gmt":"2025-04-08T09:12:36","guid":{"rendered":"https:\/\/www.thermoplongeurs-galvatek.com\/produit\/control-therm-montaje-u\/"},"modified":"2025-09-25T13:05:38","modified_gmt":"2025-09-25T11:05:38","slug":"control-therm-montaje-u","status":"publish","type":"product","link":"https:\/\/www.thermoplongeurs-galvatek.com\/es\/produit\/control-therm-montaje-u\/","title":{"rendered":"Control-Therm\u00ae &#8211; Montaje U"},"content":{"rendered":"<p>Los calentadores de inmersi\u00f3n Galvatherm\u00ae con termostato integrado (montaje U) incorporan, en un solo dispositivo, el elemento calefactor, el sensor de temperatura y el circuito de conmutaci\u00f3n. Son especialmente adecuados para tanques con nivel de l\u00edquido variable o bajo, ofreciendo una soluci\u00f3n pr\u00e1ctica y eficiente. <\/p>\n","protected":false},"excerpt":{"rendered":"<p>Los calentadores de inmersi\u00f3n Galvatherm\u00ae con termostato integrado (montaje U) incorporan, en un solo dispositivo, el elemento calefactor, el sensor de temperatura y el circuito de conmutaci\u00f3n. Son especialmente adecuados para tanques con nivel de l\u00edquido variable o bajo, ofreciendo una soluci\u00f3n pr\u00e1ctica y eficiente. <\/p>\n","protected":false},"featured_media":4722,"template":"","meta":{"_acf_changed":false,"_seopress_robots_primary_cat":"none","_seopress_titles_title":"","_seopress_titles_desc":"","_seopress_robots_index":""},"product_brand":[],"product_cat":[88,89,96,71],"product_tag":[],"class_list":{"0":"post-4721","1":"product","2":"type-product","3":"status-publish","4":"has-post-thumbnail","6":"product_cat-calentadore-de-inmersion-para-fondo-de-tanque","7":"product_cat-calentadore-de-inmersion-para-bano-quimico","8":"product_cat-termosumergible-galvatherm","9":"product_cat-termoplongeur-industriales","11":"first","12":"instock","13":"shipping-taxable","14":"product-type-simple"},"acf":{"option_ou_accessoire":[2157,2159,2166,2082]},"_links":{"self":[{"href":"https:\/\/www.thermoplongeurs-galvatek.com\/es\/wp-json\/wp\/v2\/product\/4721","targetHints":{"allow":["GET"]}}],"collection":[{"href":"https:\/\/www.thermoplongeurs-galvatek.com\/es\/wp-json\/wp\/v2\/product"}],"about":[{"href":"https:\/\/www.thermoplongeurs-galvatek.com\/es\/wp-json\/wp\/v2\/types\/product"}],"acf:post":[{"embeddable":true,"href":"https:\/\/www.thermoplongeurs-galvatek.com\/es\/wp-json\/wp\/v2\/product\/2082"},{"embeddable":true,"href":"https:\/\/www.thermoplongeurs-galvatek.com\/es\/wp-json\/wp\/v2\/product\/2166"},{"embeddable":true,"href":"https:\/\/www.thermoplongeurs-galvatek.com\/es\/wp-json\/wp\/v2\/product\/2159"},{"embeddable":true,"href":"https:\/\/www.thermoplongeurs-galvatek.com\/es\/wp-json\/wp\/v2\/product\/2157"}],"wp:featuredmedia":[{"embeddable":true,"href":"https:\/\/www.thermoplongeurs-galvatek.com\/es\/wp-json\/wp\/v2\/media\/4722"}],"wp:attachment":[{"href":"https:\/\/www.thermoplongeurs-galvatek.com\/es\/wp-json\/wp\/v2\/media?parent=4721"}],"wp:term":[{"taxonomy":"product_brand","embeddable":true,"href":"https:\/\/www.thermoplongeurs-galvatek.com\/es\/wp-json\/wp\/v2\/product_brand?post=4721"},{"taxonomy":"product_cat","embeddable":true,"href":"https:\/\/www.thermoplongeurs-galvatek.com\/es\/wp-json\/wp\/v2\/product_cat?post=4721"},{"taxonomy":"product_tag","embeddable":true,"href":"https:\/\/www.thermoplongeurs-galvatek.com\/es\/wp-json\/wp\/v2\/product_tag?post=4721"}],"curies":[{"name":"wp","href":"https:\/\/api.w.org\/{rel}","templated":true}]}}