{"id":4717,"date":"2025-04-08T11:12:37","date_gmt":"2025-04-08T09:12:37","guid":{"rendered":"https:\/\/www.thermoplongeurs-galvatek.com\/produit\/regulacion-y-control-de-niveles-de-liquido-enr300-ets100-200-y-ets410\/"},"modified":"2025-09-25T13:05:36","modified_gmt":"2025-09-25T11:05:36","slug":"regulacion-y-control-de-niveles-de-liquido-enr300-ets100-200-y-ets410","status":"publish","type":"product","link":"https:\/\/www.thermoplongeurs-galvatek.com\/es\/produit\/regulacion-y-control-de-niveles-de-liquido-enr300-ets100-200-y-ets410\/","title":{"rendered":"Regulaci\u00f3n y control de niveles de l\u00edquido &#8211; ENR300, ETS100-200 y ETS410"},"content":{"rendered":"<p>Los reguladores electr\u00f3nicos  <b>ENR300, ET100, ETS200 y ETS410 garantizan un control preciso del nivel de l\u00edquido en el tanque. Estos dispositivos aseguran tanto la protecci\u00f3n contra el funcionamiento en seco como una regulaci\u00f3n \u00f3ptima del nivel <\/b>  en entornos industriales exigentes, especialmente en tecnolog\u00edas de superficie y galvanoplastia.<\/p>\n","protected":false},"excerpt":{"rendered":"<p>Los reguladores electr\u00f3nicos  <b>ENR300, ET100, ETS200 y ETS410 garantizan un control preciso del nivel de l\u00edquido en el tanque. Estos dispositivos aseguran tanto la protecci\u00f3n contra el funcionamiento en seco como una regulaci\u00f3n \u00f3ptima del nivel <\/b>  en entornos industriales exigentes, especialmente en tecnolog\u00edas de superficie y galvanoplastia.<\/p>\n","protected":false},"featured_media":4718,"template":"","meta":{"_acf_changed":false,"_seopress_robots_primary_cat":"none","_seopress_titles_title":"","_seopress_titles_desc":"","_seopress_robots_index":""},"product_brand":[],"product_cat":[106,107],"product_tag":[],"class_list":{"0":"post-4717","1":"product","2":"type-product","3":"status-publish","4":"has-post-thumbnail","6":"product_cat-reguladore-y-sistema-de-control","7":"product_cat-reguladore-electronicos","9":"first","10":"instock","11":"shipping-taxable","12":"product-type-simple"},"acf":{"option_ou_accessoire":null},"_links":{"self":[{"href":"https:\/\/www.thermoplongeurs-galvatek.com\/es\/wp-json\/wp\/v2\/product\/4717","targetHints":{"allow":["GET"]}}],"collection":[{"href":"https:\/\/www.thermoplongeurs-galvatek.com\/es\/wp-json\/wp\/v2\/product"}],"about":[{"href":"https:\/\/www.thermoplongeurs-galvatek.com\/es\/wp-json\/wp\/v2\/types\/product"}],"wp:featuredmedia":[{"embeddable":true,"href":"https:\/\/www.thermoplongeurs-galvatek.com\/es\/wp-json\/wp\/v2\/media\/4718"}],"wp:attachment":[{"href":"https:\/\/www.thermoplongeurs-galvatek.com\/es\/wp-json\/wp\/v2\/media?parent=4717"}],"wp:term":[{"taxonomy":"product_brand","embeddable":true,"href":"https:\/\/www.thermoplongeurs-galvatek.com\/es\/wp-json\/wp\/v2\/product_brand?post=4717"},{"taxonomy":"product_cat","embeddable":true,"href":"https:\/\/www.thermoplongeurs-galvatek.com\/es\/wp-json\/wp\/v2\/product_cat?post=4717"},{"taxonomy":"product_tag","embeddable":true,"href":"https:\/\/www.thermoplongeurs-galvatek.com\/es\/wp-json\/wp\/v2\/product_tag?post=4717"}],"curies":[{"name":"wp","href":"https:\/\/api.w.org\/{rel}","templated":true}]}}