{"id":4713,"date":"2025-04-08T11:12:36","date_gmt":"2025-04-08T09:12:36","guid":{"rendered":"https:\/\/www.thermoplongeurs-galvatek.com\/produit\/control-therm-montaje-t\/"},"modified":"2025-09-25T13:05:40","modified_gmt":"2025-09-25T11:05:40","slug":"control-therm-montaje-t","status":"publish","type":"product","link":"https:\/\/www.thermoplongeurs-galvatek.com\/es\/produit\/control-therm-montaje-t\/","title":{"rendered":"Control-Therm\u00ae &#8211; Montaje T"},"content":{"rendered":"<p>Los termocalentadores con termostato integrado (montaje T) son aparatos innovadores que combinan calefacci\u00f3n y regulaci\u00f3n en un solo dispositivo. Dise\u00f1ados para tanques peque\u00f1os que requieren una baja potencia de calefacci\u00f3n, ofrecen una soluci\u00f3n compacta y econ\u00f3mica <\/p>\n","protected":false},"excerpt":{"rendered":"<p>Los termocalentadores con termostato integrado (montaje T) son aparatos innovadores que combinan calefacci\u00f3n y regulaci\u00f3n en un solo dispositivo. Dise\u00f1ados para tanques peque\u00f1os que requieren una baja potencia de calefacci\u00f3n, ofrecen una soluci\u00f3n compacta y econ\u00f3mica. <\/p>\n","protected":false},"featured_media":4716,"template":"","meta":{"_acf_changed":false,"_seopress_robots_primary_cat":"none","_seopress_titles_title":"","_seopress_titles_desc":"","_seopress_robots_index":""},"product_brand":[],"product_cat":[71,89,91,96],"product_tag":[],"class_list":{"0":"post-4713","1":"product","2":"type-product","3":"status-publish","4":"has-post-thumbnail","6":"product_cat-termoplongeur-industriales","7":"product_cat-calentadore-de-inmersion-para-bano-quimico","8":"product_cat-calentadore-de-inmersion-para-pared-de-tanque","9":"product_cat-termosumergible-galvatherm","11":"first","12":"instock","13":"shipping-taxable","14":"product-type-simple"},"acf":{"option_ou_accessoire":[2157,2159,2082,2166]},"_links":{"self":[{"href":"https:\/\/www.thermoplongeurs-galvatek.com\/es\/wp-json\/wp\/v2\/product\/4713","targetHints":{"allow":["GET"]}}],"collection":[{"href":"https:\/\/www.thermoplongeurs-galvatek.com\/es\/wp-json\/wp\/v2\/product"}],"about":[{"href":"https:\/\/www.thermoplongeurs-galvatek.com\/es\/wp-json\/wp\/v2\/types\/product"}],"acf:post":[{"embeddable":true,"href":"https:\/\/www.thermoplongeurs-galvatek.com\/es\/wp-json\/wp\/v2\/product\/2166"},{"embeddable":true,"href":"https:\/\/www.thermoplongeurs-galvatek.com\/es\/wp-json\/wp\/v2\/product\/2082"},{"embeddable":true,"href":"https:\/\/www.thermoplongeurs-galvatek.com\/es\/wp-json\/wp\/v2\/product\/2159"},{"embeddable":true,"href":"https:\/\/www.thermoplongeurs-galvatek.com\/es\/wp-json\/wp\/v2\/product\/2157"}],"wp:featuredmedia":[{"embeddable":true,"href":"https:\/\/www.thermoplongeurs-galvatek.com\/es\/wp-json\/wp\/v2\/media\/4716"}],"wp:attachment":[{"href":"https:\/\/www.thermoplongeurs-galvatek.com\/es\/wp-json\/wp\/v2\/media?parent=4713"}],"wp:term":[{"taxonomy":"product_brand","embeddable":true,"href":"https:\/\/www.thermoplongeurs-galvatek.com\/es\/wp-json\/wp\/v2\/product_brand?post=4713"},{"taxonomy":"product_cat","embeddable":true,"href":"https:\/\/www.thermoplongeurs-galvatek.com\/es\/wp-json\/wp\/v2\/product_cat?post=4713"},{"taxonomy":"product_tag","embeddable":true,"href":"https:\/\/www.thermoplongeurs-galvatek.com\/es\/wp-json\/wp\/v2\/product_tag?post=4713"}],"curies":[{"name":"wp","href":"https:\/\/api.w.org\/{rel}","templated":true}]}}