{"id":4709,"date":"2025-04-08T11:12:37","date_gmt":"2025-04-08T09:12:37","guid":{"rendered":"https:\/\/www.thermoplongeurs-galvatek.com\/produit\/regulador-de-temperatura-mtr20\/"},"modified":"2025-09-25T13:04:25","modified_gmt":"2025-09-25T11:04:25","slug":"regulador-de-temperatura-mtr20","status":"publish","type":"product","link":"https:\/\/www.thermoplongeurs-galvatek.com\/es\/produit\/regulador-de-temperatura-mtr20\/","title":{"rendered":"Regulador de temperatura &#8211; MTR20"},"content":{"rendered":"<p>Los reguladores electr\u00f3nicos de temperatura MTR20 est\u00e1n especialmente dise\u00f1ados para las condiciones exigentes de los entornos industriales, especialmente en las instalaciones de tratamiento de superficies como la galvanoplastia. Su dise\u00f1o robusto y compacto, combinado con una interfaz intuitiva y una pantalla LED multicolor de dos l\u00edneas, garantiza una regulaci\u00f3n precisa y segura de los sistemas de calefacci\u00f3n industriales. <\/p>\n","protected":false},"excerpt":{"rendered":"<p>Los reguladores electr\u00f3nicos de temperatura MTR20 est\u00e1n especialmente dise\u00f1ados para las condiciones exigentes de los entornos industriales, especialmente en las instalaciones de tratamiento de superficies como la galvanoplastia. Su dise\u00f1o robusto y compacto, combinado con una interfaz intuitiva y una pantalla LED multicolor de dos l\u00edneas, garantiza una regulaci\u00f3n precisa y segura de los sistemas de calefacci\u00f3n industriales. <\/p>\n","protected":false},"featured_media":4712,"template":"","meta":{"_acf_changed":false,"_seopress_robots_primary_cat":"none","_seopress_titles_title":"","_seopress_titles_desc":"","_seopress_robots_index":""},"product_brand":[],"product_cat":[107,106],"product_tag":[],"class_list":{"0":"post-4709","1":"product","2":"type-product","3":"status-publish","4":"has-post-thumbnail","6":"product_cat-reguladore-electronicos","7":"product_cat-reguladore-y-sistema-de-control","9":"first","10":"instock","11":"shipping-taxable","12":"product-type-simple"},"acf":{"option_ou_accessoire":null},"_links":{"self":[{"href":"https:\/\/www.thermoplongeurs-galvatek.com\/es\/wp-json\/wp\/v2\/product\/4709","targetHints":{"allow":["GET"]}}],"collection":[{"href":"https:\/\/www.thermoplongeurs-galvatek.com\/es\/wp-json\/wp\/v2\/product"}],"about":[{"href":"https:\/\/www.thermoplongeurs-galvatek.com\/es\/wp-json\/wp\/v2\/types\/product"}],"wp:featuredmedia":[{"embeddable":true,"href":"https:\/\/www.thermoplongeurs-galvatek.com\/es\/wp-json\/wp\/v2\/media\/4712"}],"wp:attachment":[{"href":"https:\/\/www.thermoplongeurs-galvatek.com\/es\/wp-json\/wp\/v2\/media?parent=4709"}],"wp:term":[{"taxonomy":"product_brand","embeddable":true,"href":"https:\/\/www.thermoplongeurs-galvatek.com\/es\/wp-json\/wp\/v2\/product_brand?post=4709"},{"taxonomy":"product_cat","embeddable":true,"href":"https:\/\/www.thermoplongeurs-galvatek.com\/es\/wp-json\/wp\/v2\/product_cat?post=4709"},{"taxonomy":"product_tag","embeddable":true,"href":"https:\/\/www.thermoplongeurs-galvatek.com\/es\/wp-json\/wp\/v2\/product_tag?post=4709"}],"curies":[{"name":"wp","href":"https:\/\/api.w.org\/{rel}","templated":true}]}}