{"id":4700,"date":"2025-04-08T11:12:38","date_gmt":"2025-04-08T09:12:38","guid":{"rendered":"https:\/\/www.thermoplongeurs-galvatek.com\/produit\/control-de-temperatura-limitador-electronico-etb200-con-sonda-de-temperatura-tf24\/"},"modified":"2025-09-25T13:04:23","modified_gmt":"2025-09-25T11:04:23","slug":"control-de-temperatura-limitador-electronico-etb200-con-sonda-de-temperatura-tf24","status":"publish","type":"product","link":"https:\/\/www.thermoplongeurs-galvatek.com\/es\/produit\/control-de-temperatura-limitador-electronico-etb200-con-sonda-de-temperatura-tf24\/","title":{"rendered":"Control de temperatura &#8211; Limitador electr\u00f3nico ETB200 con sonda de temperatura TF24"},"content":{"rendered":"<p>El limitador electr\u00f3nico <b>ETB200<\/b>, junto con la sonda de temperatura <b>TF24<\/b>, est\u00e1 dise\u00f1ado para monitorizar y limitar la temperatura de l\u00edquidos en sistemas industriales. Este sistema completo garantiza la seguridad de los procesos cumpliendo con las normas m\u00e1s estrictas, con un dise\u00f1o robusto y adaptado a entornos exigentes. <\/p>\n","protected":false},"excerpt":{"rendered":"<p>El limitador electr\u00f3nico <b>ETB200<\/b>, junto con la sonda de temperatura <b>TF24<\/b>, est\u00e1 dise\u00f1ado para monitorizar y limitar la temperatura de l\u00edquidos en sistemas industriales. Este sistema completo garantiza la seguridad de los procesos cumpliendo con las normas m\u00e1s estrictas, con un dise\u00f1o robusto y adaptado a entornos exigentes. <\/p>\n","protected":false},"featured_media":4702,"template":"","meta":{"_acf_changed":false,"_seopress_robots_primary_cat":"none","_seopress_titles_title":"","_seopress_titles_desc":"","_seopress_robots_index":""},"product_brand":[],"product_cat":[106,107],"product_tag":[],"class_list":{"0":"post-4700","1":"product","2":"type-product","3":"status-publish","4":"has-post-thumbnail","6":"product_cat-reguladore-y-sistema-de-control","7":"product_cat-reguladore-electronicos","9":"first","10":"instock","11":"shipping-taxable","12":"product-type-simple"},"acf":{"option_ou_accessoire":[1321]},"_links":{"self":[{"href":"https:\/\/www.thermoplongeurs-galvatek.com\/es\/wp-json\/wp\/v2\/product\/4700","targetHints":{"allow":["GET"]}}],"collection":[{"href":"https:\/\/www.thermoplongeurs-galvatek.com\/es\/wp-json\/wp\/v2\/product"}],"about":[{"href":"https:\/\/www.thermoplongeurs-galvatek.com\/es\/wp-json\/wp\/v2\/types\/product"}],"wp:featuredmedia":[{"embeddable":true,"href":"https:\/\/www.thermoplongeurs-galvatek.com\/es\/wp-json\/wp\/v2\/media\/4702"}],"wp:attachment":[{"href":"https:\/\/www.thermoplongeurs-galvatek.com\/es\/wp-json\/wp\/v2\/media?parent=4700"}],"wp:term":[{"taxonomy":"product_brand","embeddable":true,"href":"https:\/\/www.thermoplongeurs-galvatek.com\/es\/wp-json\/wp\/v2\/product_brand?post=4700"},{"taxonomy":"product_cat","embeddable":true,"href":"https:\/\/www.thermoplongeurs-galvatek.com\/es\/wp-json\/wp\/v2\/product_cat?post=4700"},{"taxonomy":"product_tag","embeddable":true,"href":"https:\/\/www.thermoplongeurs-galvatek.com\/es\/wp-json\/wp\/v2\/product_tag?post=4700"}],"curies":[{"name":"wp","href":"https:\/\/api.w.org\/{rel}","templated":true}]}}