{"id":4695,"date":"2025-04-08T11:12:41","date_gmt":"2025-04-08T09:12:41","guid":{"rendered":"https:\/\/www.thermoplongeurs-galvatek.com\/produit\/detectores-de-nivel-interruptores-de-flotador-mtsu-mtst\/"},"modified":"2025-09-25T13:04:22","modified_gmt":"2025-09-25T11:04:22","slug":"detectores-de-nivel-interruptores-de-flotador-mtsu-mtst","status":"publish","type":"product","link":"https:\/\/www.thermoplongeurs-galvatek.com\/es\/produit\/detectores-de-nivel-interruptores-de-flotador-mtsu-mtst\/","title":{"rendered":"Detectores de nivel &#8211; Interruptores de flotador MTSu\/MTSt"},"content":{"rendered":"<p>Los interruptores de flotador MTSu\/MTSt comercializados por Galvatek ofrecen una soluci\u00f3n sencilla, robusta y econ\u00f3mica para la regulaci\u00f3n y supervisi\u00f3n de niveles de l\u00edquido en cubas y dep\u00f3sitos industriales. Basados en el principio de movilidad de un cuerpo flotante, estos dispositivos est\u00e1n dise\u00f1ados para su uso en l\u00edquidos donde el riesgo de incrustaciones es bajo. Disponibles en varias configuraciones, pueden incluir hasta cuatro contactos y una sonda de temperatura integrada para una funcionalidad ampliada.  <\/p>\n","protected":false},"excerpt":{"rendered":"<p>Los interruptores de flotador MTSu\/MTSt comercializados por Galvatek ofrecen una soluci\u00f3n sencilla, robusta y econ\u00f3mica para la regulaci\u00f3n y supervisi\u00f3n de niveles de l\u00edquido en cubas y dep\u00f3sitos industriales. Basados en el principio de movilidad de un cuerpo flotante, estos dispositivos est\u00e1n dise\u00f1ados para su uso en l\u00edquidos donde el riesgo de incrustaciones es bajo. Disponibles en varias configuraciones, pueden incluir hasta cuatro contactos y una sonda de temperatura integrada para una funcionalidad ampliada.  <\/p>\n","protected":false},"featured_media":4697,"template":"","meta":{"_acf_changed":false,"_seopress_robots_primary_cat":"none","_seopress_titles_title":"","_seopress_titles_desc":"","_seopress_robots_index":""},"product_brand":[],"product_cat":[99,102],"product_tag":[],"class_list":{"0":"post-4695","1":"product","2":"type-product","3":"status-publish","4":"has-post-thumbnail","6":"product_cat-detectore-de-nivel","7":"product_cat-detectore-de-nivel-flotador","9":"first","10":"instock","11":"shipping-taxable","12":"product-type-simple"},"acf":{"option_ou_accessoire":[2072,2084,2114]},"_links":{"self":[{"href":"https:\/\/www.thermoplongeurs-galvatek.com\/es\/wp-json\/wp\/v2\/product\/4695","targetHints":{"allow":["GET"]}}],"collection":[{"href":"https:\/\/www.thermoplongeurs-galvatek.com\/es\/wp-json\/wp\/v2\/product"}],"about":[{"href":"https:\/\/www.thermoplongeurs-galvatek.com\/es\/wp-json\/wp\/v2\/types\/product"}],"acf:post":[{"embeddable":true,"href":"https:\/\/www.thermoplongeurs-galvatek.com\/es\/wp-json\/wp\/v2\/product\/2114"},{"embeddable":true,"href":"https:\/\/www.thermoplongeurs-galvatek.com\/es\/wp-json\/wp\/v2\/product\/2084"},{"embeddable":true,"href":"https:\/\/www.thermoplongeurs-galvatek.com\/es\/wp-json\/wp\/v2\/product\/2072"}],"wp:featuredmedia":[{"embeddable":true,"href":"https:\/\/www.thermoplongeurs-galvatek.com\/es\/wp-json\/wp\/v2\/media\/4697"}],"wp:attachment":[{"href":"https:\/\/www.thermoplongeurs-galvatek.com\/es\/wp-json\/wp\/v2\/media?parent=4695"}],"wp:term":[{"taxonomy":"product_brand","embeddable":true,"href":"https:\/\/www.thermoplongeurs-galvatek.com\/es\/wp-json\/wp\/v2\/product_brand?post=4695"},{"taxonomy":"product_cat","embeddable":true,"href":"https:\/\/www.thermoplongeurs-galvatek.com\/es\/wp-json\/wp\/v2\/product_cat?post=4695"},{"taxonomy":"product_tag","embeddable":true,"href":"https:\/\/www.thermoplongeurs-galvatek.com\/es\/wp-json\/wp\/v2\/product_tag?post=4695"}],"curies":[{"name":"wp","href":"https:\/\/api.w.org\/{rel}","templated":true}]}}