{"id":4692,"date":"2025-04-08T11:12:38","date_gmt":"2025-04-08T09:12:38","guid":{"rendered":"https:\/\/www.thermoplongeurs-galvatek.com\/produit\/detectores-de-nivel-de-electrodo-ns-nt\/"},"modified":"2025-09-25T13:04:27","modified_gmt":"2025-09-25T11:04:27","slug":"detectores-de-nivel-de-electrodo-ns-nt","status":"publish","type":"product","link":"https:\/\/www.thermoplongeurs-galvatek.com\/es\/produit\/detectores-de-nivel-de-electrodo-ns-nt\/","title":{"rendered":"Detectores de nivel de electrodo NS\/NT"},"content":{"rendered":"<p>Los detectores de nivel de electrodo NS\/NT de Galvatek ofrecen una soluci\u00f3n fiable y precisa para la regulaci\u00f3n y monitorizaci\u00f3n de niveles de l\u00edquido en tanques industriales. Basados en el principio de conductividad el\u00e9ctrica, estos sensores pasivos son ideales para entornos exigentes donde la precisi\u00f3n y la seguridad de los procesos son primordiales. Dado que estos dispositivos son completamente pasivos, es indispensable el uso de controladores electr\u00f3nicos adecuados (tipo ETS o ENR).  <\/p>\n","protected":false},"excerpt":{"rendered":"<p>Los detectores de nivel de electrodo NS\/NT de Galvatek ofrecen una soluci\u00f3n fiable y precisa para la regulaci\u00f3n y monitorizaci\u00f3n de niveles de l\u00edquido en tanques industriales. Basados en el principio de conductividad el\u00e9ctrica, estos sensores pasivos son ideales para entornos exigentes donde la precisi\u00f3n y la seguridad de los procesos son primordiales. Dado que estos dispositivos son completamente pasivos, es indispensable el uso de controladores electr\u00f3nicos adecuados (tipo ETS o ENR).  <\/p>\n","protected":false},"featured_media":4694,"template":"","meta":{"_acf_changed":false,"_seopress_robots_primary_cat":"none","_seopress_titles_title":"","_seopress_titles_desc":"","_seopress_robots_index":""},"product_brand":[],"product_cat":[101,99],"product_tag":[],"class_list":{"0":"post-4692","1":"product","2":"type-product","3":"status-publish","4":"has-post-thumbnail","6":"product_cat-detectore-de-nivel-de-electrodo","7":"product_cat-detectore-de-nivel","9":"first","10":"instock","11":"shipping-taxable","12":"product-type-simple"},"acf":{"option_ou_accessoire":[2070,2082,2112,2116,2163,2084,2114,2165,2072]},"_links":{"self":[{"href":"https:\/\/www.thermoplongeurs-galvatek.com\/es\/wp-json\/wp\/v2\/product\/4692","targetHints":{"allow":["GET"]}}],"collection":[{"href":"https:\/\/www.thermoplongeurs-galvatek.com\/es\/wp-json\/wp\/v2\/product"}],"about":[{"href":"https:\/\/www.thermoplongeurs-galvatek.com\/es\/wp-json\/wp\/v2\/types\/product"}],"acf:post":[{"embeddable":true,"href":"https:\/\/www.thermoplongeurs-galvatek.com\/es\/wp-json\/wp\/v2\/product\/2072"},{"embeddable":true,"href":"https:\/\/www.thermoplongeurs-galvatek.com\/es\/wp-json\/wp\/v2\/product\/2165"},{"embeddable":true,"href":"https:\/\/www.thermoplongeurs-galvatek.com\/es\/wp-json\/wp\/v2\/product\/2114"},{"embeddable":true,"href":"https:\/\/www.thermoplongeurs-galvatek.com\/es\/wp-json\/wp\/v2\/product\/2084"},{"embeddable":true,"href":"https:\/\/www.thermoplongeurs-galvatek.com\/es\/wp-json\/wp\/v2\/product\/2163"},{"embeddable":true,"href":"https:\/\/www.thermoplongeurs-galvatek.com\/es\/wp-json\/wp\/v2\/product\/2116"},{"embeddable":true,"href":"https:\/\/www.thermoplongeurs-galvatek.com\/es\/wp-json\/wp\/v2\/product\/2112"},{"embeddable":true,"href":"https:\/\/www.thermoplongeurs-galvatek.com\/es\/wp-json\/wp\/v2\/product\/2082"},{"embeddable":true,"href":"https:\/\/www.thermoplongeurs-galvatek.com\/es\/wp-json\/wp\/v2\/product\/2070"}],"wp:featuredmedia":[{"embeddable":true,"href":"https:\/\/www.thermoplongeurs-galvatek.com\/es\/wp-json\/wp\/v2\/media\/4694"}],"wp:attachment":[{"href":"https:\/\/www.thermoplongeurs-galvatek.com\/es\/wp-json\/wp\/v2\/media?parent=4692"}],"wp:term":[{"taxonomy":"product_brand","embeddable":true,"href":"https:\/\/www.thermoplongeurs-galvatek.com\/es\/wp-json\/wp\/v2\/product_brand?post=4692"},{"taxonomy":"product_cat","embeddable":true,"href":"https:\/\/www.thermoplongeurs-galvatek.com\/es\/wp-json\/wp\/v2\/product_cat?post=4692"},{"taxonomy":"product_tag","embeddable":true,"href":"https:\/\/www.thermoplongeurs-galvatek.com\/es\/wp-json\/wp\/v2\/product_tag?post=4692"}],"curies":[{"name":"wp","href":"https:\/\/api.w.org\/{rel}","templated":true}]}}