{"id":4691,"date":"2025-04-08T11:12:42","date_gmt":"2025-04-08T09:12:42","guid":{"rendered":"https:\/\/www.thermoplongeurs-galvatek.com\/produit\/sondas-de-temperatura-sopt-y-sotc\/"},"modified":"2025-09-30T13:52:24","modified_gmt":"2025-09-30T11:52:24","slug":"sondas-de-temperatura-sopt-y-sotc","status":"publish","type":"product","link":"https:\/\/www.thermoplongeurs-galvatek.com\/es\/produit\/sondas-de-temperatura-sopt-y-sotc\/","title":{"rendered":"Sondas de temperatura SOPT y SOTC"},"content":{"rendered":"<p>Las <b>sondas de temperatura<\/b><b> SOPT y SOTC<\/b> de Galvatek garantizan una medici\u00f3n precisa y fiable de las temperaturas de l\u00edquidos en entornos industriales exigentes. Fabricadas con materiales de alta calidad como el FEP, ofrecen una durabilidad \u00f3ptima, una alta resistencia qu\u00edmica y una adaptaci\u00f3n a necesidades espec\u00edficas gracias a sus m\u00faltiples configuraciones. <\/p>\n","protected":false},"excerpt":{"rendered":"<p>Las <b>sondas de temperatura<\/b><b> SOPT y SOTC<\/b> de Galvatek garantizan una medici\u00f3n precisa y fiable de las temperaturas de l\u00edquidos en entornos industriales exigentes. Fabricadas con materiales de alta calidad como el FEP, ofrecen una durabilidad \u00f3ptima, una alta resistencia qu\u00edmica y una adaptaci\u00f3n a necesidades espec\u00edficas gracias a sus m\u00faltiples configuraciones. <\/p>\n","protected":false},"featured_media":9434,"template":"","meta":{"_acf_changed":false,"_seopress_robots_primary_cat":"none","_seopress_titles_title":"","_seopress_titles_desc":"","_seopress_robots_index":""},"product_brand":[],"product_cat":[97,98,100],"product_tag":[],"class_list":{"0":"post-4691","1":"product","2":"type-product","3":"status-publish","4":"has-post-thumbnail","6":"product_cat-sonda-de-temperatura","7":"product_cat-sonda-pt100","8":"product_cat-sonda-termopar","10":"first","11":"instock","12":"shipping-taxable","13":"product-type-simple"},"acf":{"option_ou_accessoire":[1320,1318,1319]},"_links":{"self":[{"href":"https:\/\/www.thermoplongeurs-galvatek.com\/es\/wp-json\/wp\/v2\/product\/4691","targetHints":{"allow":["GET"]}}],"collection":[{"href":"https:\/\/www.thermoplongeurs-galvatek.com\/es\/wp-json\/wp\/v2\/product"}],"about":[{"href":"https:\/\/www.thermoplongeurs-galvatek.com\/es\/wp-json\/wp\/v2\/types\/product"}],"wp:featuredmedia":[{"embeddable":true,"href":"https:\/\/www.thermoplongeurs-galvatek.com\/es\/wp-json\/wp\/v2\/media\/9434"}],"wp:attachment":[{"href":"https:\/\/www.thermoplongeurs-galvatek.com\/es\/wp-json\/wp\/v2\/media?parent=4691"}],"wp:term":[{"taxonomy":"product_brand","embeddable":true,"href":"https:\/\/www.thermoplongeurs-galvatek.com\/es\/wp-json\/wp\/v2\/product_brand?post=4691"},{"taxonomy":"product_cat","embeddable":true,"href":"https:\/\/www.thermoplongeurs-galvatek.com\/es\/wp-json\/wp\/v2\/product_cat?post=4691"},{"taxonomy":"product_tag","embeddable":true,"href":"https:\/\/www.thermoplongeurs-galvatek.com\/es\/wp-json\/wp\/v2\/product_tag?post=4691"}],"curies":[{"name":"wp","href":"https:\/\/api.w.org\/{rel}","templated":true}]}}