{"id":4682,"date":"2025-04-08T11:12:33","date_gmt":"2025-04-08T09:12:33","guid":{"rendered":"https:\/\/www.thermoplongeurs-galvatek.com\/produit\/termosumergible-plano-montaje-d\/"},"modified":"2025-09-25T13:03:40","modified_gmt":"2025-09-25T11:03:40","slug":"termosumergible-plano-montaje-d","status":"publish","type":"product","link":"https:\/\/www.thermoplongeurs-galvatek.com\/es\/produit\/termosumergible-plano-montaje-d\/","title":{"rendered":"Termosumergible plano &#8211; Montaje D"},"content":{"rendered":"<p>Los termosumergibles Galvatherm\u00ae de tipo plano &#8211; Montaje D, est\u00e1n dise\u00f1ados espec\u00edficamente para aplicaciones en fondo de dep\u00f3sito y para potencias reducidas, a partir de 0,5 kW. Su dise\u00f1o completamente de pl\u00e1stico permite un volumen m\u00ednimo, adapt\u00e1ndose a la forma ovalada de la parte calefactora, lo que lo hace particularmente adecuado hasta 6 kW. El cable no calefactor asciende de forma perpendicular a la parte calefactora.  <\/p>\n","protected":false},"excerpt":{"rendered":"<p>Los termosumergibles Galvatherm\u00ae de tipo plano &#8211; Montaje D, est\u00e1n dise\u00f1ados espec\u00edficamente para aplicaciones en fondo de dep\u00f3sito y para potencias reducidas, a partir de 0,5 kW. Su dise\u00f1o completamente de pl\u00e1stico permite un volumen m\u00ednimo, adapt\u00e1ndose a la forma ovalada de la parte calefactora, lo que lo hace particularmente adecuado hasta 6 kW. El cable no calefactor asciende de forma perpendicular a la parte calefactora.  <\/p>\n","protected":false},"featured_media":4683,"template":"","meta":{"_acf_changed":false,"_seopress_robots_primary_cat":"none","_seopress_titles_title":"","_seopress_titles_desc":"","_seopress_robots_index":""},"product_brand":[],"product_cat":[71,88,89,96],"product_tag":[],"class_list":{"0":"post-4682","1":"product","2":"type-product","3":"status-publish","4":"has-post-thumbnail","6":"product_cat-termoplongeur-industriales","7":"product_cat-calentadore-de-inmersion-para-fondo-de-tanque","8":"product_cat-calentadore-de-inmersion-para-bano-quimico","9":"product_cat-termosumergible-galvatherm","11":"first","12":"instock","13":"shipping-taxable","14":"product-type-simple"},"acf":{"option_ou_accessoire":[954,2148,2160,2155]},"_links":{"self":[{"href":"https:\/\/www.thermoplongeurs-galvatek.com\/es\/wp-json\/wp\/v2\/product\/4682","targetHints":{"allow":["GET"]}}],"collection":[{"href":"https:\/\/www.thermoplongeurs-galvatek.com\/es\/wp-json\/wp\/v2\/product"}],"about":[{"href":"https:\/\/www.thermoplongeurs-galvatek.com\/es\/wp-json\/wp\/v2\/types\/product"}],"acf:post":[{"embeddable":true,"href":"https:\/\/www.thermoplongeurs-galvatek.com\/es\/wp-json\/wp\/v2\/product\/2155"},{"embeddable":true,"href":"https:\/\/www.thermoplongeurs-galvatek.com\/es\/wp-json\/wp\/v2\/product\/2160"},{"embeddable":true,"href":"https:\/\/www.thermoplongeurs-galvatek.com\/es\/wp-json\/wp\/v2\/product\/2148"},{"embeddable":true,"href":"https:\/\/www.thermoplongeurs-galvatek.com\/es\/wp-json\/wp\/v2\/product\/954"}],"wp:featuredmedia":[{"embeddable":true,"href":"https:\/\/www.thermoplongeurs-galvatek.com\/es\/wp-json\/wp\/v2\/media\/4683"}],"wp:attachment":[{"href":"https:\/\/www.thermoplongeurs-galvatek.com\/es\/wp-json\/wp\/v2\/media?parent=4682"}],"wp:term":[{"taxonomy":"product_brand","embeddable":true,"href":"https:\/\/www.thermoplongeurs-galvatek.com\/es\/wp-json\/wp\/v2\/product_brand?post=4682"},{"taxonomy":"product_cat","embeddable":true,"href":"https:\/\/www.thermoplongeurs-galvatek.com\/es\/wp-json\/wp\/v2\/product_cat?post=4682"},{"taxonomy":"product_tag","embeddable":true,"href":"https:\/\/www.thermoplongeurs-galvatek.com\/es\/wp-json\/wp\/v2\/product_tag?post=4682"}],"curies":[{"name":"wp","href":"https:\/\/api.w.org\/{rel}","templated":true}]}}