{"id":4668,"date":"2025-04-08T11:12:34","date_gmt":"2025-04-08T09:12:34","guid":{"rendered":"https:\/\/www.thermoplongeurs-galvatek.com\/produit\/calentador-de-inmersion-plano-montaje-f\/"},"modified":"2025-09-25T13:03:38","modified_gmt":"2025-09-25T11:03:38","slug":"calentador-de-inmersion-plano-montaje-f","status":"publish","type":"product","link":"https:\/\/www.thermoplongeurs-galvatek.com\/es\/produit\/calentador-de-inmersion-plano-montaje-f\/","title":{"rendered":"Calentador de inmersi\u00f3n plano &#8211; Montaje F"},"content":{"rendered":"<p>Los calentadores de inmersi\u00f3n Galvatherm\u00ae de tipo plano &#8211; Montaje F son modelos universales &#8220;todo pl\u00e1stico&#8221;, especialmente dise\u00f1ados para potencias elevadas, desde 6 kW hasta 15 kW. Est\u00e1n particularmente adaptados para grandes tanques y pueden instalarse en el borde o en el fondo del tanque, ofreciendo as\u00ed una gran flexibilidad de uso. <\/p>\n","protected":false},"excerpt":{"rendered":"<p>Los calentadores de inmersi\u00f3n Galvatherm\u00ae de tipo plano &#8211; Montaje F son modelos universales &#8220;todo pl\u00e1stico&#8221;, especialmente dise\u00f1ados para potencias elevadas, desde 6 kW hasta 15 kW. Est\u00e1n particularmente adaptados para grandes tanques y pueden instalarse en el borde o en el fondo del tanque, ofreciendo as\u00ed una gran flexibilidad de uso. <\/p>\n","protected":false},"featured_media":4670,"template":"","meta":{"_acf_changed":false,"_seopress_robots_primary_cat":"none","_seopress_titles_title":"","_seopress_titles_desc":"","_seopress_robots_index":""},"product_brand":[],"product_cat":[71,89,91,96],"product_tag":[],"class_list":{"0":"post-4668","1":"product","2":"type-product","3":"status-publish","4":"has-post-thumbnail","6":"product_cat-termoplongeur-industriales","7":"product_cat-calentadore-de-inmersion-para-bano-quimico","8":"product_cat-calentadore-de-inmersion-para-pared-de-tanque","9":"product_cat-termosumergible-galvatherm","11":"first","12":"instock","13":"shipping-taxable","14":"product-type-simple"},"acf":{"option_ou_accessoire":[954,2149,2160,2171,2078,2156]},"_links":{"self":[{"href":"https:\/\/www.thermoplongeurs-galvatek.com\/es\/wp-json\/wp\/v2\/product\/4668","targetHints":{"allow":["GET"]}}],"collection":[{"href":"https:\/\/www.thermoplongeurs-galvatek.com\/es\/wp-json\/wp\/v2\/product"}],"about":[{"href":"https:\/\/www.thermoplongeurs-galvatek.com\/es\/wp-json\/wp\/v2\/types\/product"}],"acf:post":[{"embeddable":true,"href":"https:\/\/www.thermoplongeurs-galvatek.com\/es\/wp-json\/wp\/v2\/product\/2156"},{"embeddable":true,"href":"https:\/\/www.thermoplongeurs-galvatek.com\/es\/wp-json\/wp\/v2\/product\/2078"},{"embeddable":true,"href":"https:\/\/www.thermoplongeurs-galvatek.com\/es\/wp-json\/wp\/v2\/product\/2171"},{"embeddable":true,"href":"https:\/\/www.thermoplongeurs-galvatek.com\/es\/wp-json\/wp\/v2\/product\/2160"},{"embeddable":true,"href":"https:\/\/www.thermoplongeurs-galvatek.com\/es\/wp-json\/wp\/v2\/product\/2149"},{"embeddable":true,"href":"https:\/\/www.thermoplongeurs-galvatek.com\/es\/wp-json\/wp\/v2\/product\/954"}],"wp:featuredmedia":[{"embeddable":true,"href":"https:\/\/www.thermoplongeurs-galvatek.com\/es\/wp-json\/wp\/v2\/media\/4670"}],"wp:attachment":[{"href":"https:\/\/www.thermoplongeurs-galvatek.com\/es\/wp-json\/wp\/v2\/media?parent=4668"}],"wp:term":[{"taxonomy":"product_brand","embeddable":true,"href":"https:\/\/www.thermoplongeurs-galvatek.com\/es\/wp-json\/wp\/v2\/product_brand?post=4668"},{"taxonomy":"product_cat","embeddable":true,"href":"https:\/\/www.thermoplongeurs-galvatek.com\/es\/wp-json\/wp\/v2\/product_cat?post=4668"},{"taxonomy":"product_tag","embeddable":true,"href":"https:\/\/www.thermoplongeurs-galvatek.com\/es\/wp-json\/wp\/v2\/product_tag?post=4668"}],"curies":[{"name":"wp","href":"https:\/\/api.w.org\/{rel}","templated":true}]}}