{"id":4649,"date":"2025-04-08T11:12:34","date_gmt":"2025-04-08T09:12:34","guid":{"rendered":"https:\/\/www.thermoplongeurs-galvatek.com\/produit\/termocalentador-cilindrico-montaje-s\/"},"modified":"2025-09-25T13:05:49","modified_gmt":"2025-09-25T11:05:49","slug":"termocalentador-cilindrico-montaje-s","status":"publish","type":"product","link":"https:\/\/www.thermoplongeurs-galvatek.com\/es\/produit\/termocalentador-cilindrico-montaje-s\/","title":{"rendered":"Termocalentador cil\u00edndrico &#8211; Montaje S"},"content":{"rendered":"<p>Los termocalentadores Galvatherm\u00ae de tipo cil\u00edndrico &#8211; Montaje S son modelos universales \u00abtodo pl\u00e1stico\u00bb, especialmente dise\u00f1ados para peque\u00f1as potencias a partir de 0,5 kW. Son particularmente adecuados para un uso puntual y est\u00e1n disponibles en dos di\u00e1metros: 85 mm y 120 mm. <\/p>\n","protected":false},"excerpt":{"rendered":"<p>Los termocalentadores Galvatherm\u00ae de tipo cil\u00edndrico &#8211; Montaje S son modelos universales \u00abtodo pl\u00e1stico\u00bb, especialmente dise\u00f1ados para peque\u00f1as potencias a partir de 0,5 kW. Son particularmente adecuados para un uso puntual y est\u00e1n disponibles en dos di\u00e1metros: 85 mm y 120 mm. <\/p>\n","protected":false},"featured_media":4654,"template":"","meta":{"_acf_changed":false,"_seopress_robots_primary_cat":"none","_seopress_titles_title":"","_seopress_titles_desc":"","_seopress_robots_index":""},"product_brand":[],"product_cat":[71,89,91,96],"product_tag":[],"class_list":{"0":"post-4649","1":"product","2":"type-product","3":"status-publish","4":"has-post-thumbnail","6":"product_cat-termoplongeur-industriales","7":"product_cat-calentadore-de-inmersion-para-bano-quimico","8":"product_cat-calentadore-de-inmersion-para-pared-de-tanque","9":"product_cat-termosumergible-galvatherm","11":"first","12":"instock","13":"shipping-taxable","14":"product-type-simple"},"acf":{"option_ou_accessoire":[954,2160,2150,2151]},"_links":{"self":[{"href":"https:\/\/www.thermoplongeurs-galvatek.com\/es\/wp-json\/wp\/v2\/product\/4649","targetHints":{"allow":["GET"]}}],"collection":[{"href":"https:\/\/www.thermoplongeurs-galvatek.com\/es\/wp-json\/wp\/v2\/product"}],"about":[{"href":"https:\/\/www.thermoplongeurs-galvatek.com\/es\/wp-json\/wp\/v2\/types\/product"}],"acf:post":[{"embeddable":true,"href":"https:\/\/www.thermoplongeurs-galvatek.com\/es\/wp-json\/wp\/v2\/product\/2151"},{"embeddable":true,"href":"https:\/\/www.thermoplongeurs-galvatek.com\/es\/wp-json\/wp\/v2\/product\/2150"},{"embeddable":true,"href":"https:\/\/www.thermoplongeurs-galvatek.com\/es\/wp-json\/wp\/v2\/product\/2160"},{"embeddable":true,"href":"https:\/\/www.thermoplongeurs-galvatek.com\/es\/wp-json\/wp\/v2\/product\/954"}],"wp:featuredmedia":[{"embeddable":true,"href":"https:\/\/www.thermoplongeurs-galvatek.com\/es\/wp-json\/wp\/v2\/media\/4654"}],"wp:attachment":[{"href":"https:\/\/www.thermoplongeurs-galvatek.com\/es\/wp-json\/wp\/v2\/media?parent=4649"}],"wp:term":[{"taxonomy":"product_brand","embeddable":true,"href":"https:\/\/www.thermoplongeurs-galvatek.com\/es\/wp-json\/wp\/v2\/product_brand?post=4649"},{"taxonomy":"product_cat","embeddable":true,"href":"https:\/\/www.thermoplongeurs-galvatek.com\/es\/wp-json\/wp\/v2\/product_cat?post=4649"},{"taxonomy":"product_tag","embeddable":true,"href":"https:\/\/www.thermoplongeurs-galvatek.com\/es\/wp-json\/wp\/v2\/product_tag?post=4649"}],"curies":[{"name":"wp","href":"https:\/\/api.w.org\/{rel}","templated":true}]}}