{"id":4648,"date":"2025-04-08T11:12:36","date_gmt":"2025-04-08T09:12:36","guid":{"rendered":"https:\/\/www.thermoplongeurs-galvatek.com\/produit\/termosumergible-cilindrico-montaje-p\/"},"modified":"2025-09-25T13:05:37","modified_gmt":"2025-09-25T11:05:37","slug":"termosumergible-cilindrico-montaje-p","status":"publish","type":"product","link":"https:\/\/www.thermoplongeurs-galvatek.com\/es\/produit\/termosumergible-cilindrico-montaje-p\/","title":{"rendered":"Termosumergible cil\u00edndrico &#8211; Montaje P"},"content":{"rendered":"<p>Los termosumergibles Galvatherm\u00ae de tipo cil\u00edndrico &#8211; Montaje P son modelos \u00abtodo pl\u00e1stico\u00bb dise\u00f1ados para potencias de hasta 15 kW. Integran pies para elevar la zona calefactora del fondo del dep\u00f3sito, ofreciendo as\u00ed una soluci\u00f3n eficaz para la calefacci\u00f3n. <\/p>\n","protected":false},"excerpt":{"rendered":"<p>Los termosumergibles Galvatherm\u00ae de tipo cil\u00edndrico &#8211; Montaje P son modelos \u00abtodo pl\u00e1stico\u00bb dise\u00f1ados para potencias de hasta 15 kW. Integran pies para elevar la zona calefactora del fondo del dep\u00f3sito, ofreciendo as\u00ed una soluci\u00f3n eficaz para la calefacci\u00f3n. <\/p>\n","protected":false},"featured_media":4650,"template":"","meta":{"_acf_changed":false,"_seopress_robots_primary_cat":"none","_seopress_titles_title":"","_seopress_titles_desc":"","_seopress_robots_index":""},"product_brand":[],"product_cat":[71,88,89,96],"product_tag":[],"class_list":{"0":"post-4648","1":"product","2":"type-product","3":"status-publish","4":"has-post-thumbnail","6":"product_cat-termoplongeur-industriales","7":"product_cat-calentadore-de-inmersion-para-fondo-de-tanque","8":"product_cat-calentadore-de-inmersion-para-bano-quimico","9":"product_cat-termosumergible-galvatherm","11":"first","12":"instock","13":"shipping-taxable","14":"product-type-simple"},"acf":{"option_ou_accessoire":[954,2160,2151]},"_links":{"self":[{"href":"https:\/\/www.thermoplongeurs-galvatek.com\/es\/wp-json\/wp\/v2\/product\/4648","targetHints":{"allow":["GET"]}}],"collection":[{"href":"https:\/\/www.thermoplongeurs-galvatek.com\/es\/wp-json\/wp\/v2\/product"}],"about":[{"href":"https:\/\/www.thermoplongeurs-galvatek.com\/es\/wp-json\/wp\/v2\/types\/product"}],"acf:post":[{"embeddable":true,"href":"https:\/\/www.thermoplongeurs-galvatek.com\/es\/wp-json\/wp\/v2\/product\/2151"},{"embeddable":true,"href":"https:\/\/www.thermoplongeurs-galvatek.com\/es\/wp-json\/wp\/v2\/product\/2160"},{"embeddable":true,"href":"https:\/\/www.thermoplongeurs-galvatek.com\/es\/wp-json\/wp\/v2\/product\/954"}],"wp:featuredmedia":[{"embeddable":true,"href":"https:\/\/www.thermoplongeurs-galvatek.com\/es\/wp-json\/wp\/v2\/media\/4650"}],"wp:attachment":[{"href":"https:\/\/www.thermoplongeurs-galvatek.com\/es\/wp-json\/wp\/v2\/media?parent=4648"}],"wp:term":[{"taxonomy":"product_brand","embeddable":true,"href":"https:\/\/www.thermoplongeurs-galvatek.com\/es\/wp-json\/wp\/v2\/product_brand?post=4648"},{"taxonomy":"product_cat","embeddable":true,"href":"https:\/\/www.thermoplongeurs-galvatek.com\/es\/wp-json\/wp\/v2\/product_cat?post=4648"},{"taxonomy":"product_tag","embeddable":true,"href":"https:\/\/www.thermoplongeurs-galvatek.com\/es\/wp-json\/wp\/v2\/product_tag?post=4648"}],"curies":[{"name":"wp","href":"https:\/\/api.w.org\/{rel}","templated":true}]}}