{"id":4638,"date":"2025-04-08T11:12:32","date_gmt":"2025-04-08T09:12:32","guid":{"rendered":"https:\/\/www.thermoplongeurs-galvatek.com\/produit\/calentador-de-inmersion-plano-montaje-a\/"},"modified":"2025-09-25T13:03:41","modified_gmt":"2025-09-25T11:03:41","slug":"calentador-de-inmersion-plano-montaje-a","status":"publish","type":"product","link":"https:\/\/www.thermoplongeurs-galvatek.com\/es\/produit\/calentador-de-inmersion-plano-montaje-a\/","title":{"rendered":"Calentador de inmersi\u00f3n plano &#8211; Montaje A"},"content":{"rendered":"<p>Los calentadores de inmersi\u00f3n Galvatherm\u00ae de tipo plano est\u00e1n dise\u00f1ados para ofrecer una soluci\u00f3n de calentamiento eficaz con un espacio m\u00ednimo. Son especialmente adecuados para aplicaciones que requieren una gran superficie de intercambio t\u00e9rmico. <\/p>\n","protected":false},"excerpt":{"rendered":"<p>Los calentadores de inmersi\u00f3n Galvatherm\u00ae de tipo plano est\u00e1n dise\u00f1ados para ofrecer una soluci\u00f3n de calentamiento eficaz con un espacio m\u00ednimo. Son especialmente adecuados para aplicaciones que requieren una gran superficie de intercambio t\u00e9rmico. <\/p>\n","protected":false},"featured_media":4639,"template":"","meta":{"_acf_changed":false,"_seopress_robots_primary_cat":"none","_seopress_titles_title":"","_seopress_titles_desc":"","_seopress_robots_index":""},"product_brand":[],"product_cat":[71,89,91,96],"product_tag":[],"class_list":{"0":"post-4638","1":"product","2":"type-product","3":"status-publish","4":"has-post-thumbnail","6":"product_cat-termoplongeur-industriales","7":"product_cat-calentadore-de-inmersion-para-bano-quimico","8":"product_cat-calentadore-de-inmersion-para-pared-de-tanque","9":"product_cat-termosumergible-galvatherm","11":"first","12":"instock","13":"shipping-taxable","14":"product-type-simple"},"acf":{"option_ou_accessoire":[2160,2152,2146,954]},"_links":{"self":[{"href":"https:\/\/www.thermoplongeurs-galvatek.com\/es\/wp-json\/wp\/v2\/product\/4638","targetHints":{"allow":["GET"]}}],"collection":[{"href":"https:\/\/www.thermoplongeurs-galvatek.com\/es\/wp-json\/wp\/v2\/product"}],"about":[{"href":"https:\/\/www.thermoplongeurs-galvatek.com\/es\/wp-json\/wp\/v2\/types\/product"}],"acf:post":[{"embeddable":true,"href":"https:\/\/www.thermoplongeurs-galvatek.com\/es\/wp-json\/wp\/v2\/product\/954"},{"embeddable":true,"href":"https:\/\/www.thermoplongeurs-galvatek.com\/es\/wp-json\/wp\/v2\/product\/2146"},{"embeddable":true,"href":"https:\/\/www.thermoplongeurs-galvatek.com\/es\/wp-json\/wp\/v2\/product\/2152"},{"embeddable":true,"href":"https:\/\/www.thermoplongeurs-galvatek.com\/es\/wp-json\/wp\/v2\/product\/2160"}],"wp:featuredmedia":[{"embeddable":true,"href":"https:\/\/www.thermoplongeurs-galvatek.com\/es\/wp-json\/wp\/v2\/media\/4639"}],"wp:attachment":[{"href":"https:\/\/www.thermoplongeurs-galvatek.com\/es\/wp-json\/wp\/v2\/media?parent=4638"}],"wp:term":[{"taxonomy":"product_brand","embeddable":true,"href":"https:\/\/www.thermoplongeurs-galvatek.com\/es\/wp-json\/wp\/v2\/product_brand?post=4638"},{"taxonomy":"product_cat","embeddable":true,"href":"https:\/\/www.thermoplongeurs-galvatek.com\/es\/wp-json\/wp\/v2\/product_cat?post=4638"},{"taxonomy":"product_tag","embeddable":true,"href":"https:\/\/www.thermoplongeurs-galvatek.com\/es\/wp-json\/wp\/v2\/product_tag?post=4638"}],"curies":[{"name":"wp","href":"https:\/\/api.w.org\/{rel}","templated":true}]}}