{"id":4627,"date":"2025-04-08T11:12:33","date_gmt":"2025-04-08T09:12:33","guid":{"rendered":"https:\/\/www.thermoplongeurs-galvatek.com\/produit\/termosumergible-plano-montaje-b\/"},"modified":"2025-09-25T13:03:39","modified_gmt":"2025-09-25T11:03:39","slug":"termosumergible-plano-montaje-b","status":"publish","type":"product","link":"https:\/\/www.thermoplongeurs-galvatek.com\/es\/produit\/termosumergible-plano-montaje-b\/","title":{"rendered":"Termosumergible plano &#8211; Montaje B"},"content":{"rendered":"<p>Los termosumergibles Galvatherm\u00ae de tipo plano &#8211; Montaje B est\u00e1n especialmente dise\u00f1ados para adaptarse a todas las instalaciones en el borde del tanque. Permiten una fijaci\u00f3n segura gracias a una brida en PP o PVDF, ofreciendo una soluci\u00f3n particularmente adecuada para el calentamiento de l\u00edquidos hasta 6 kW. <\/p>\n","protected":false},"excerpt":{"rendered":"<p>Los termosumergibles Galvatherm\u00ae de tipo plano &#8211; Montaje B est\u00e1n especialmente dise\u00f1ados para adaptarse a todas las instalaciones en el borde del tanque. Permiten una fijaci\u00f3n segura gracias a una brida en PP o PVDF, ofreciendo una soluci\u00f3n particularmente adecuada para el calentamiento de l\u00edquidos hasta 6 kW. <\/p>\n","protected":false},"featured_media":4629,"template":"","meta":{"_acf_changed":false,"_seopress_robots_primary_cat":"none","_seopress_titles_title":"","_seopress_titles_desc":"","_seopress_robots_index":""},"product_brand":[],"product_cat":[71,89,91,96],"product_tag":[],"class_list":{"0":"post-4627","1":"product","2":"type-product","3":"status-publish","4":"has-post-thumbnail","6":"product_cat-termoplongeur-industriales","7":"product_cat-calentadore-de-inmersion-para-bano-quimico","8":"product_cat-calentadore-de-inmersion-para-pared-de-tanque","9":"product_cat-termosumergible-galvatherm","11":"first","12":"instock","13":"shipping-taxable","14":"product-type-simple"},"acf":{"option_ou_accessoire":[954,2160,2153]},"_links":{"self":[{"href":"https:\/\/www.thermoplongeurs-galvatek.com\/es\/wp-json\/wp\/v2\/product\/4627","targetHints":{"allow":["GET"]}}],"collection":[{"href":"https:\/\/www.thermoplongeurs-galvatek.com\/es\/wp-json\/wp\/v2\/product"}],"about":[{"href":"https:\/\/www.thermoplongeurs-galvatek.com\/es\/wp-json\/wp\/v2\/types\/product"}],"acf:post":[{"embeddable":true,"href":"https:\/\/www.thermoplongeurs-galvatek.com\/es\/wp-json\/wp\/v2\/product\/2153"},{"embeddable":true,"href":"https:\/\/www.thermoplongeurs-galvatek.com\/es\/wp-json\/wp\/v2\/product\/2160"},{"embeddable":true,"href":"https:\/\/www.thermoplongeurs-galvatek.com\/es\/wp-json\/wp\/v2\/product\/954"}],"wp:featuredmedia":[{"embeddable":true,"href":"https:\/\/www.thermoplongeurs-galvatek.com\/es\/wp-json\/wp\/v2\/media\/4629"}],"wp:attachment":[{"href":"https:\/\/www.thermoplongeurs-galvatek.com\/es\/wp-json\/wp\/v2\/media?parent=4627"}],"wp:term":[{"taxonomy":"product_brand","embeddable":true,"href":"https:\/\/www.thermoplongeurs-galvatek.com\/es\/wp-json\/wp\/v2\/product_brand?post=4627"},{"taxonomy":"product_cat","embeddable":true,"href":"https:\/\/www.thermoplongeurs-galvatek.com\/es\/wp-json\/wp\/v2\/product_cat?post=4627"},{"taxonomy":"product_tag","embeddable":true,"href":"https:\/\/www.thermoplongeurs-galvatek.com\/es\/wp-json\/wp\/v2\/product_tag?post=4627"}],"curies":[{"name":"wp","href":"https:\/\/api.w.org\/{rel}","templated":true}]}}