{"id":4621,"date":"2025-04-08T11:12:32","date_gmt":"2025-04-08T09:12:32","guid":{"rendered":"https:\/\/www.thermoplongeurs-galvatek.com\/produit\/termosumergible-gama-petit-rotkappe\/"},"modified":"2025-09-25T13:03:48","modified_gmt":"2025-09-25T11:03:48","slug":"termosumergible-gama-petit-rotkappe","status":"publish","type":"product","link":"https:\/\/www.thermoplongeurs-galvatek.com\/es\/produit\/termosumergible-gama-petit-rotkappe\/","title":{"rendered":"Termosumergible Gama Petit Rotkappe\u00ae"},"content":{"rendered":"<p>Los termosumergibles con vaina de la gama petit Rotkappe\u00ae son soluciones de calentamiento directo adaptadas a casi todos los l\u00edquidos de proceso y aplicaciones. Dise\u00f1ados para instalaciones monof\u00e1sicas, ofrecen una potencia que va de 250 vatios hasta 1,6 kW, lo que los hace ideales para peque\u00f1os dep\u00f3sitos. <\/p>\n<p>Estos termosumergibles se caracterizan por su excelente resistencia qu\u00edmica, garantizada por el uso de diferentes materiales para el tubo sumergible. Su dise\u00f1o modular comprende un tubo sumergible, un elemento calefactor, una caja de bornes y un cable, permitiendo una personalizaci\u00f3n seg\u00fan las necesidades espec\u00edficas de cada aplicaci\u00f3n. <\/p>\n","protected":false},"excerpt":{"rendered":"<p>Los termosumergibles con vaina de la gama petit Rotkappe\u00ae son soluciones de calentamiento directo adaptadas a casi todos los l\u00edquidos de proceso y aplicaciones. Dise\u00f1ados para instalaciones monof\u00e1sicas, ofrecen una potencia que va de 250 vatios hasta 1,6 kW, lo que los hace ideales para peque\u00f1os dep\u00f3sitos. <\/p>\n<p>Estos termosumergibles se caracterizan por su excelente resistencia qu\u00edmica, garantizada por el uso de diferentes materiales para el tubo sumergible. Su dise\u00f1o modular comprende un tubo sumergible, un elemento calefactor, una caja de bornes y un cable, permitiendo una personalizaci\u00f3n seg\u00fan las necesidades espec\u00edficas de cada aplicaci\u00f3n. <\/p>\n","protected":false},"featured_media":4623,"template":"","meta":{"_acf_changed":false,"_seopress_robots_primary_cat":"none","_seopress_titles_title":"","_seopress_titles_desc":"","_seopress_robots_index":""},"product_brand":[],"product_cat":[71,86,89,90,91],"product_tag":[],"class_list":{"0":"post-4621","1":"product","2":"type-product","3":"status-publish","4":"has-post-thumbnail","6":"product_cat-termoplongeur-industriales","7":"product_cat-calentadore-de-inmersion-con-vaina","8":"product_cat-calentadore-de-inmersion-para-bano-quimico","9":"product_cat-calentadore-de-inmersion-para-laboratorio","10":"product_cat-calentadore-de-inmersion-para-pared-de-tanque","12":"first","13":"instock","14":"shipping-taxable","15":"product-type-simple"},"acf":{"option_ou_accessoire":[2114,2072,2084,2165]},"_links":{"self":[{"href":"https:\/\/www.thermoplongeurs-galvatek.com\/es\/wp-json\/wp\/v2\/product\/4621","targetHints":{"allow":["GET"]}}],"collection":[{"href":"https:\/\/www.thermoplongeurs-galvatek.com\/es\/wp-json\/wp\/v2\/product"}],"about":[{"href":"https:\/\/www.thermoplongeurs-galvatek.com\/es\/wp-json\/wp\/v2\/types\/product"}],"acf:post":[{"embeddable":true,"href":"https:\/\/www.thermoplongeurs-galvatek.com\/es\/wp-json\/wp\/v2\/product\/2165"},{"embeddable":true,"href":"https:\/\/www.thermoplongeurs-galvatek.com\/es\/wp-json\/wp\/v2\/product\/2084"},{"embeddable":true,"href":"https:\/\/www.thermoplongeurs-galvatek.com\/es\/wp-json\/wp\/v2\/product\/2072"},{"embeddable":true,"href":"https:\/\/www.thermoplongeurs-galvatek.com\/es\/wp-json\/wp\/v2\/product\/2114"}],"wp:featuredmedia":[{"embeddable":true,"href":"https:\/\/www.thermoplongeurs-galvatek.com\/es\/wp-json\/wp\/v2\/media\/4623"}],"wp:attachment":[{"href":"https:\/\/www.thermoplongeurs-galvatek.com\/es\/wp-json\/wp\/v2\/media?parent=4621"}],"wp:term":[{"taxonomy":"product_brand","embeddable":true,"href":"https:\/\/www.thermoplongeurs-galvatek.com\/es\/wp-json\/wp\/v2\/product_brand?post=4621"},{"taxonomy":"product_cat","embeddable":true,"href":"https:\/\/www.thermoplongeurs-galvatek.com\/es\/wp-json\/wp\/v2\/product_cat?post=4621"},{"taxonomy":"product_tag","embeddable":true,"href":"https:\/\/www.thermoplongeurs-galvatek.com\/es\/wp-json\/wp\/v2\/product_tag?post=4621"}],"curies":[{"name":"wp","href":"https:\/\/api.w.org\/{rel}","templated":true}]}}