{"id":4603,"date":"2025-04-08T11:12:30","date_gmt":"2025-04-08T09:12:30","guid":{"rendered":"https:\/\/www.thermoplongeurs-galvatek.com\/produit\/base-calefactora-gama-faratherm\/"},"modified":"2025-09-25T13:04:02","modified_gmt":"2025-09-25T11:04:02","slug":"base-calefactora-gama-faratherm","status":"publish","type":"product","link":"https:\/\/www.thermoplongeurs-galvatek.com\/es\/produit\/base-calefactora-gama-faratherm\/","title":{"rendered":"Base calefactora &#8211; Gama Faratherm"},"content":{"rendered":"<p>La base calefactora industrial de la gama &#8220;Faratherm&#8221; est\u00e1 dise\u00f1ada para calentar eficazmente el fondo de bidones de 205 litros (de pl\u00e1stico, acero o acero inoxidable), incluso en atm\u00f3sferas explosivas. Utiliza una innovadora tecnolog\u00eda de calentamiento por inducci\u00f3n, garantizando seguridad y eficacia en los entornos m\u00e1s exigentes. <\/p>\n<p>Puede utilizarse sola o en combinaci\u00f3n con otros equipos de calefacci\u00f3n, como las mantas calefactoras Inteliheat o el calentador de bidones por inducci\u00f3n Thermosafe\u00ae, para optimizar el rendimiento.<\/p>\n","protected":false},"excerpt":{"rendered":"<p>La base calefactora industrial de la gama &#8220;Faratherm&#8221; est\u00e1 dise\u00f1ada para calentar eficazmente el fondo de bidones de 205 litros (de pl\u00e1stico, acero o acero inoxidable), incluso en atm\u00f3sferas explosivas. Utiliza una innovadora tecnolog\u00eda de calentamiento por inducci\u00f3n, garantizando seguridad y eficacia en los entornos m\u00e1s exigentes. <\/p>\n<p>Puede utilizarse sola o en combinaci\u00f3n con otros equipos de calefacci\u00f3n, como las mantas calefactoras Inteliheat o el calentador de bidones por inducci\u00f3n Thermosafe\u00ae, para optimizar el rendimiento.<\/p>\n","protected":false},"featured_media":8530,"template":"","meta":{"_acf_changed":false,"_seopress_robots_primary_cat":"none","_seopress_titles_title":"","_seopress_titles_desc":"","_seopress_robots_index":""},"product_brand":[],"product_cat":[79,81],"product_tag":[],"class_list":{"0":"post-4603","1":"product","2":"type-product","3":"status-publish","4":"has-post-thumbnail","6":"product_cat-manta-calefactoras-industriales","7":"product_cat-manta-calefactoras-para-bidones-y-contenedores","9":"first","10":"instock","11":"shipping-taxable","12":"product-type-simple"},"acf":{"option_ou_accessoire":[2080,2172,2092]},"_links":{"self":[{"href":"https:\/\/www.thermoplongeurs-galvatek.com\/es\/wp-json\/wp\/v2\/product\/4603","targetHints":{"allow":["GET"]}}],"collection":[{"href":"https:\/\/www.thermoplongeurs-galvatek.com\/es\/wp-json\/wp\/v2\/product"}],"about":[{"href":"https:\/\/www.thermoplongeurs-galvatek.com\/es\/wp-json\/wp\/v2\/types\/product"}],"acf:post":[{"embeddable":true,"href":"https:\/\/www.thermoplongeurs-galvatek.com\/es\/wp-json\/wp\/v2\/product\/2092"},{"embeddable":true,"href":"https:\/\/www.thermoplongeurs-galvatek.com\/es\/wp-json\/wp\/v2\/product\/2172"},{"embeddable":true,"href":"https:\/\/www.thermoplongeurs-galvatek.com\/es\/wp-json\/wp\/v2\/product\/2080"}],"wp:featuredmedia":[{"embeddable":true,"href":"https:\/\/www.thermoplongeurs-galvatek.com\/es\/wp-json\/wp\/v2\/media\/8530"}],"wp:attachment":[{"href":"https:\/\/www.thermoplongeurs-galvatek.com\/es\/wp-json\/wp\/v2\/media?parent=4603"}],"wp:term":[{"taxonomy":"product_brand","embeddable":true,"href":"https:\/\/www.thermoplongeurs-galvatek.com\/es\/wp-json\/wp\/v2\/product_brand?post=4603"},{"taxonomy":"product_cat","embeddable":true,"href":"https:\/\/www.thermoplongeurs-galvatek.com\/es\/wp-json\/wp\/v2\/product_cat?post=4603"},{"taxonomy":"product_tag","embeddable":true,"href":"https:\/\/www.thermoplongeurs-galvatek.com\/es\/wp-json\/wp\/v2\/product_tag?post=4603"}],"curies":[{"name":"wp","href":"https:\/\/api.w.org\/{rel}","templated":true}]}}