{"id":4593,"date":"2025-04-08T11:12:31","date_gmt":"2025-04-08T09:12:31","guid":{"rendered":"https:\/\/www.thermoplongeurs-galvatek.com\/produit\/calentador-de-inmersion-gama-rotkappe\/"},"modified":"2025-09-25T13:03:52","modified_gmt":"2025-09-25T11:03:52","slug":"calentador-de-inmersion-gama-rotkappe","status":"publish","type":"product","link":"https:\/\/www.thermoplongeurs-galvatek.com\/es\/produit\/calentador-de-inmersion-gama-rotkappe\/","title":{"rendered":"Calentador de inmersi\u00f3n gama Rotkappe\u00ae"},"content":{"rendered":"<p>Dise\u00f1ados para satisfacer las necesidades de aplicaciones industriales, los calentadores de inmersi\u00f3n con vaina Rotkappe\u00ae proporcionan un calentamiento directo adaptado a casi todos los l\u00edquidos de proceso. Su robustez y resistencia qu\u00edmica los convierten en una soluci\u00f3n fiable para entornos de tratamiento de superficies y ba\u00f1os qu\u00edmicos, con potencias de hasta 12 kW. <\/p>\n","protected":false},"excerpt":{"rendered":"<p>Dise\u00f1ados para satisfacer las necesidades de aplicaciones industriales, los calentadores de inmersi\u00f3n con vaina Rotkappe\u00ae proporcionan un calentamiento directo adaptado a casi todos los l\u00edquidos de proceso. Su robustez y resistencia qu\u00edmica los convierten en una soluci\u00f3n fiable para entornos de tratamiento de superficies y ba\u00f1os qu\u00edmicos, con potencias de hasta 12 kW. <\/p>\n","protected":false},"featured_media":4595,"template":"","meta":{"_acf_changed":false,"_seopress_robots_primary_cat":"none","_seopress_titles_title":"","_seopress_titles_desc":"","_seopress_robots_index":""},"product_brand":[],"product_cat":[71,86,89,91],"product_tag":[],"class_list":{"0":"post-4593","1":"product","2":"type-product","3":"status-publish","4":"has-post-thumbnail","6":"product_cat-termoplongeur-industriales","7":"product_cat-calentadore-de-inmersion-con-vaina","8":"product_cat-calentadore-de-inmersion-para-bano-quimico","9":"product_cat-calentadore-de-inmersion-para-pared-de-tanque","11":"first","12":"instock","13":"shipping-taxable","14":"product-type-simple"},"acf":{"option_ou_accessoire":[2070,2082,2102,2116,2112,2163,2164,2167]},"_links":{"self":[{"href":"https:\/\/www.thermoplongeurs-galvatek.com\/es\/wp-json\/wp\/v2\/product\/4593","targetHints":{"allow":["GET"]}}],"collection":[{"href":"https:\/\/www.thermoplongeurs-galvatek.com\/es\/wp-json\/wp\/v2\/product"}],"about":[{"href":"https:\/\/www.thermoplongeurs-galvatek.com\/es\/wp-json\/wp\/v2\/types\/product"}],"acf:post":[{"embeddable":true,"href":"https:\/\/www.thermoplongeurs-galvatek.com\/es\/wp-json\/wp\/v2\/product\/2167"},{"embeddable":true,"href":"https:\/\/www.thermoplongeurs-galvatek.com\/es\/wp-json\/wp\/v2\/product\/2164"},{"embeddable":true,"href":"https:\/\/www.thermoplongeurs-galvatek.com\/es\/wp-json\/wp\/v2\/product\/2163"},{"embeddable":true,"href":"https:\/\/www.thermoplongeurs-galvatek.com\/es\/wp-json\/wp\/v2\/product\/2112"},{"embeddable":true,"href":"https:\/\/www.thermoplongeurs-galvatek.com\/es\/wp-json\/wp\/v2\/product\/2116"},{"embeddable":true,"href":"https:\/\/www.thermoplongeurs-galvatek.com\/es\/wp-json\/wp\/v2\/product\/2102"},{"embeddable":true,"href":"https:\/\/www.thermoplongeurs-galvatek.com\/es\/wp-json\/wp\/v2\/product\/2082"},{"embeddable":true,"href":"https:\/\/www.thermoplongeurs-galvatek.com\/es\/wp-json\/wp\/v2\/product\/2070"}],"wp:featuredmedia":[{"embeddable":true,"href":"https:\/\/www.thermoplongeurs-galvatek.com\/es\/wp-json\/wp\/v2\/media\/4595"}],"wp:attachment":[{"href":"https:\/\/www.thermoplongeurs-galvatek.com\/es\/wp-json\/wp\/v2\/media?parent=4593"}],"wp:term":[{"taxonomy":"product_brand","embeddable":true,"href":"https:\/\/www.thermoplongeurs-galvatek.com\/es\/wp-json\/wp\/v2\/product_brand?post=4593"},{"taxonomy":"product_cat","embeddable":true,"href":"https:\/\/www.thermoplongeurs-galvatek.com\/es\/wp-json\/wp\/v2\/product_cat?post=4593"},{"taxonomy":"product_tag","embeddable":true,"href":"https:\/\/www.thermoplongeurs-galvatek.com\/es\/wp-json\/wp\/v2\/product_tag?post=4593"}],"curies":[{"name":"wp","href":"https:\/\/api.w.org\/{rel}","templated":true}]}}