{"id":4589,"date":"2025-04-08T11:12:30","date_gmt":"2025-04-08T09:12:30","guid":{"rendered":"https:\/\/www.thermoplongeurs-galvatek.com\/produit\/manta-calefactora-calorifugada\/"},"modified":"2025-09-25T13:46:17","modified_gmt":"2025-09-25T11:46:17","slug":"manta-calefactora-calorifugada","status":"publish","type":"product","link":"https:\/\/www.thermoplongeurs-galvatek.com\/es\/produit\/manta-calefactora-calorifugada\/","title":{"rendered":"Manta calefactora calorifugada"},"content":{"rendered":"<p>La manta calefactora industrial calorifugada de Galvatek es una soluci\u00f3n de calefacci\u00f3n industrial innovadora dise\u00f1ada para el calentamiento y mantenimiento de temperatura de bidones de pl\u00e1stico o met\u00e1licos de 200 litros.<\/p>\n","protected":false},"excerpt":{"rendered":"<p>La manta calefactora industrial calorifugada de Galvatek es una soluci\u00f3n de calefacci\u00f3n industrial innovadora dise\u00f1ada para el calentamiento y mantenimiento de temperatura de bidones de pl\u00e1stico o met\u00e1licos de 200 litros.<\/p>\n","protected":false},"featured_media":4591,"template":"","meta":{"_acf_changed":false,"_seopress_robots_primary_cat":"none","_seopress_titles_title":"","_seopress_titles_desc":"","_seopress_robots_index":""},"product_brand":[],"product_cat":[79,81],"product_tag":[],"class_list":{"0":"post-4589","1":"product","2":"type-product","3":"status-publish","4":"has-post-thumbnail","6":"product_cat-manta-calefactoras-industriales","7":"product_cat-manta-calefactoras-para-bidones-y-contenedores","9":"first","10":"instock","11":"shipping-taxable","12":"product-type-simple"},"acf":{"option_ou_accessoire":[2096,2098]},"_links":{"self":[{"href":"https:\/\/www.thermoplongeurs-galvatek.com\/es\/wp-json\/wp\/v2\/product\/4589","targetHints":{"allow":["GET"]}}],"collection":[{"href":"https:\/\/www.thermoplongeurs-galvatek.com\/es\/wp-json\/wp\/v2\/product"}],"about":[{"href":"https:\/\/www.thermoplongeurs-galvatek.com\/es\/wp-json\/wp\/v2\/types\/product"}],"acf:post":[{"embeddable":true,"href":"https:\/\/www.thermoplongeurs-galvatek.com\/es\/wp-json\/wp\/v2\/product\/2098"},{"embeddable":true,"href":"https:\/\/www.thermoplongeurs-galvatek.com\/es\/wp-json\/wp\/v2\/product\/2096"}],"wp:featuredmedia":[{"embeddable":true,"href":"https:\/\/www.thermoplongeurs-galvatek.com\/es\/wp-json\/wp\/v2\/media\/4591"}],"wp:attachment":[{"href":"https:\/\/www.thermoplongeurs-galvatek.com\/es\/wp-json\/wp\/v2\/media?parent=4589"}],"wp:term":[{"taxonomy":"product_brand","embeddable":true,"href":"https:\/\/www.thermoplongeurs-galvatek.com\/es\/wp-json\/wp\/v2\/product_brand?post=4589"},{"taxonomy":"product_cat","embeddable":true,"href":"https:\/\/www.thermoplongeurs-galvatek.com\/es\/wp-json\/wp\/v2\/product_cat?post=4589"},{"taxonomy":"product_tag","embeddable":true,"href":"https:\/\/www.thermoplongeurs-galvatek.com\/es\/wp-json\/wp\/v2\/product_tag?post=4589"}],"curies":[{"name":"wp","href":"https:\/\/api.w.org\/{rel}","templated":true}]}}