{"id":4588,"date":"2025-04-08T11:12:32","date_gmt":"2025-04-08T09:12:32","guid":{"rendered":"https:\/\/www.thermoplongeurs-galvatek.com\/produit\/termosumergibles-angulares-gama-rotkappe\/"},"modified":"2025-09-25T13:03:51","modified_gmt":"2025-09-25T11:03:51","slug":"termosumergibles-angulares-gama-rotkappe","status":"publish","type":"product","link":"https:\/\/www.thermoplongeurs-galvatek.com\/es\/produit\/termosumergibles-angulares-gama-rotkappe\/","title":{"rendered":"Termosumergibles angulares &#8211; Gama Rotkappe\u00ae"},"content":{"rendered":"<p>Los termosumergibles angulares Rotkappe\u00ae son dispositivos de calentamiento ideales para cubas o dep\u00f3sitos que contienen una altura reducida de l\u00edquido o con niveles fluctuantes, especialmente en ba\u00f1os qu\u00edmicos. Su dise\u00f1o \u00fanico, que integra la tecnolog\u00eda de los termosumergibles con vaina, permite un calentamiento eficaz, incluso en entornos espec\u00edficos como las aplicaciones industriales complejas. Estos termosumergibles de fondo de cuba garantizan una difusi\u00f3n homog\u00e9nea del calor.  <\/p>\n","protected":false},"excerpt":{"rendered":"<p>Los termosumergibles angulares Rotkappe\u00ae son dispositivos de calentamiento ideales para cubas o dep\u00f3sitos que contienen una altura reducida de l\u00edquido o con niveles fluctuantes, especialmente en ba\u00f1os qu\u00edmicos. Su dise\u00f1o \u00fanico, que integra la tecnolog\u00eda de los termosumergibles con vaina, permite un calentamiento eficaz, incluso en entornos espec\u00edficos como las aplicaciones industriales complejas. Estos termosumergibles de fondo de cuba garantizan una difusi\u00f3n homog\u00e9nea del calor.  <\/p>\n","protected":false},"featured_media":4590,"template":"","meta":{"_acf_changed":false,"_seopress_robots_primary_cat":"none","_seopress_titles_title":"","_seopress_titles_desc":"","_seopress_robots_index":""},"product_brand":[],"product_cat":[71,86,88,89],"product_tag":[],"class_list":{"0":"post-4588","1":"product","2":"type-product","3":"status-publish","4":"has-post-thumbnail","6":"product_cat-termoplongeur-industriales","7":"product_cat-calentadore-de-inmersion-con-vaina","8":"product_cat-calentadore-de-inmersion-para-fondo-de-tanque","9":"product_cat-calentadore-de-inmersion-para-bano-quimico","11":"first","12":"instock","13":"shipping-taxable","14":"product-type-simple"},"acf":{"option_ou_accessoire":[2166,2169,2070,2082]},"_links":{"self":[{"href":"https:\/\/www.thermoplongeurs-galvatek.com\/es\/wp-json\/wp\/v2\/product\/4588","targetHints":{"allow":["GET"]}}],"collection":[{"href":"https:\/\/www.thermoplongeurs-galvatek.com\/es\/wp-json\/wp\/v2\/product"}],"about":[{"href":"https:\/\/www.thermoplongeurs-galvatek.com\/es\/wp-json\/wp\/v2\/types\/product"}],"acf:post":[{"embeddable":true,"href":"https:\/\/www.thermoplongeurs-galvatek.com\/es\/wp-json\/wp\/v2\/product\/2082"},{"embeddable":true,"href":"https:\/\/www.thermoplongeurs-galvatek.com\/es\/wp-json\/wp\/v2\/product\/2070"},{"embeddable":true,"href":"https:\/\/www.thermoplongeurs-galvatek.com\/es\/wp-json\/wp\/v2\/product\/2169"},{"embeddable":true,"href":"https:\/\/www.thermoplongeurs-galvatek.com\/es\/wp-json\/wp\/v2\/product\/2166"}],"wp:featuredmedia":[{"embeddable":true,"href":"https:\/\/www.thermoplongeurs-galvatek.com\/es\/wp-json\/wp\/v2\/media\/4590"}],"wp:attachment":[{"href":"https:\/\/www.thermoplongeurs-galvatek.com\/es\/wp-json\/wp\/v2\/media?parent=4588"}],"wp:term":[{"taxonomy":"product_brand","embeddable":true,"href":"https:\/\/www.thermoplongeurs-galvatek.com\/es\/wp-json\/wp\/v2\/product_brand?post=4588"},{"taxonomy":"product_cat","embeddable":true,"href":"https:\/\/www.thermoplongeurs-galvatek.com\/es\/wp-json\/wp\/v2\/product_cat?post=4588"},{"taxonomy":"product_tag","embeddable":true,"href":"https:\/\/www.thermoplongeurs-galvatek.com\/es\/wp-json\/wp\/v2\/product_tag?post=4588"}],"curies":[{"name":"wp","href":"https:\/\/api.w.org\/{rel}","templated":true}]}}