{"id":4586,"date":"2025-04-08T11:12:28","date_gmt":"2025-04-08T09:12:28","guid":{"rendered":"https:\/\/www.thermoplongeurs-galvatek.com\/produit\/cartucho-de-calentamiento-calor\/"},"modified":"2025-09-25T13:03:04","modified_gmt":"2025-09-25T11:03:04","slug":"cartucho-de-calentamiento-calor","status":"publish","type":"product","link":"https:\/\/www.thermoplongeurs-galvatek.com\/es\/produit\/cartucho-de-calentamiento-calor\/","title":{"rendered":"Cartucho de calentamiento &#8211; Calor"},"content":{"rendered":"<p>Los cartuchos de calentamiento CALOR son dispositivos vers\u00e1tiles dise\u00f1ados principalmente para el calentamiento directo de l\u00edquidos, incluyendo en fondo de dep\u00f3sito, pero tambi\u00e9n adaptados bajo ciertas condiciones al calentamiento de fluidos acuosos y no l\u00edquidos. Su dise\u00f1o modular y su gama de potencias los convierten en una soluci\u00f3n flexible para diversas aplicaciones industriales. <\/p>\n","protected":false},"excerpt":{"rendered":"<p>Los cartuchos de calentamiento CALOR son dispositivos vers\u00e1tiles dise\u00f1ados principalmente para el calentamiento directo de l\u00edquidos, incluyendo en fondo de dep\u00f3sito, pero tambi\u00e9n adaptados bajo ciertas condiciones al calentamiento de fluidos acuosos y no l\u00edquidos. Su dise\u00f1o modular y su gama de potencias los convierten en una soluci\u00f3n flexible para diversas aplicaciones industriales. <\/p>\n","protected":false},"featured_media":4587,"template":"","meta":{"_acf_changed":false,"_seopress_robots_primary_cat":"none","_seopress_titles_title":"","_seopress_titles_desc":"","_seopress_robots_index":""},"product_brand":[],"product_cat":[71,88],"product_tag":[],"class_list":{"0":"post-4586","1":"product","2":"type-product","3":"status-publish","4":"has-post-thumbnail","6":"product_cat-termoplongeur-industriales","7":"product_cat-calentadore-de-inmersion-para-fondo-de-tanque","9":"first","10":"instock","11":"shipping-taxable","12":"product-type-simple"},"acf":{"option_ou_accessoire":[2070,2158,2074,2076]},"_links":{"self":[{"href":"https:\/\/www.thermoplongeurs-galvatek.com\/es\/wp-json\/wp\/v2\/product\/4586","targetHints":{"allow":["GET"]}}],"collection":[{"href":"https:\/\/www.thermoplongeurs-galvatek.com\/es\/wp-json\/wp\/v2\/product"}],"about":[{"href":"https:\/\/www.thermoplongeurs-galvatek.com\/es\/wp-json\/wp\/v2\/types\/product"}],"acf:post":[{"embeddable":true,"href":"https:\/\/www.thermoplongeurs-galvatek.com\/es\/wp-json\/wp\/v2\/product\/2076"},{"embeddable":true,"href":"https:\/\/www.thermoplongeurs-galvatek.com\/es\/wp-json\/wp\/v2\/product\/2074"},{"embeddable":true,"href":"https:\/\/www.thermoplongeurs-galvatek.com\/es\/wp-json\/wp\/v2\/product\/2158"},{"embeddable":true,"href":"https:\/\/www.thermoplongeurs-galvatek.com\/es\/wp-json\/wp\/v2\/product\/2070"}],"wp:featuredmedia":[{"embeddable":true,"href":"https:\/\/www.thermoplongeurs-galvatek.com\/es\/wp-json\/wp\/v2\/media\/4587"}],"wp:attachment":[{"href":"https:\/\/www.thermoplongeurs-galvatek.com\/es\/wp-json\/wp\/v2\/media?parent=4586"}],"wp:term":[{"taxonomy":"product_brand","embeddable":true,"href":"https:\/\/www.thermoplongeurs-galvatek.com\/es\/wp-json\/wp\/v2\/product_brand?post=4586"},{"taxonomy":"product_cat","embeddable":true,"href":"https:\/\/www.thermoplongeurs-galvatek.com\/es\/wp-json\/wp\/v2\/product_cat?post=4586"},{"taxonomy":"product_tag","embeddable":true,"href":"https:\/\/www.thermoplongeurs-galvatek.com\/es\/wp-json\/wp\/v2\/product_tag?post=4586"}],"curies":[{"name":"wp","href":"https:\/\/api.w.org\/{rel}","templated":true}]}}