{"id":4582,"date":"2025-04-08T11:12:29","date_gmt":"2025-04-08T09:12:29","guid":{"rendered":"https:\/\/www.thermoplongeurs-galvatek.com\/produit\/calentador-de-inmersion-galmaform\/"},"modified":"2025-09-25T13:04:01","modified_gmt":"2025-09-25T11:04:01","slug":"calentador-de-inmersion-galmaform","status":"publish","type":"product","link":"https:\/\/www.thermoplongeurs-galvatek.com\/es\/produit\/calentador-de-inmersion-galmaform\/","title":{"rendered":"Calentador de inmersi\u00f3n Galmaform\u00ae"},"content":{"rendered":"<p>Los calentadores de inmersi\u00f3n blindados Galmaform\u00ae, equipados con una funda de fluoropol\u00edmero PFA, est\u00e1n espec\u00edficamente dise\u00f1ados para el calentamiento directo de l\u00edquidos muy agresivos en entornos industriales exigentes.<\/p>\n<p>Gracias a su dise\u00f1o flexible y su excepcional durabilidad, satisfacen las necesidades de las industrias que requieren un mantenimiento m\u00ednimo.<\/p>\n","protected":false},"excerpt":{"rendered":"<p>Los calentadores de inmersi\u00f3n blindados Galmaform\u00ae, equipados con una funda de fluoropol\u00edmero PFA, est\u00e1n espec\u00edficamente dise\u00f1ados para el calentamiento directo de l\u00edquidos muy agresivos en entornos industriales exigentes.<\/p>\n<p>Gracias a su dise\u00f1o flexible y su excepcional durabilidad, satisfacen las necesidades de las industrias que requieren un mantenimiento m\u00ednimo.<\/p>\n","protected":false},"featured_media":4583,"template":"","meta":{"_acf_changed":false,"_seopress_robots_primary_cat":"none","_seopress_titles_title":"","_seopress_titles_desc":"","_seopress_robots_index":""},"product_brand":[],"product_cat":[71,72,88,89,90,91],"product_tag":[],"class_list":{"0":"post-4582","1":"product","2":"type-product","3":"status-publish","4":"has-post-thumbnail","6":"product_cat-termoplongeur-industriales","7":"product_cat-termoplongeur-blindados","8":"product_cat-calentadore-de-inmersion-para-fondo-de-tanque","9":"product_cat-calentadore-de-inmersion-para-bano-quimico","10":"product_cat-calentadore-de-inmersion-para-laboratorio","11":"product_cat-calentadore-de-inmersion-para-pared-de-tanque","13":"first","14":"instock","15":"shipping-taxable","16":"product-type-simple"},"acf":{"option_ou_accessoire":[2170,2100]},"_links":{"self":[{"href":"https:\/\/www.thermoplongeurs-galvatek.com\/es\/wp-json\/wp\/v2\/product\/4582","targetHints":{"allow":["GET"]}}],"collection":[{"href":"https:\/\/www.thermoplongeurs-galvatek.com\/es\/wp-json\/wp\/v2\/product"}],"about":[{"href":"https:\/\/www.thermoplongeurs-galvatek.com\/es\/wp-json\/wp\/v2\/types\/product"}],"acf:post":[{"embeddable":true,"href":"https:\/\/www.thermoplongeurs-galvatek.com\/es\/wp-json\/wp\/v2\/product\/2100"},{"embeddable":true,"href":"https:\/\/www.thermoplongeurs-galvatek.com\/es\/wp-json\/wp\/v2\/product\/2170"}],"wp:featuredmedia":[{"embeddable":true,"href":"https:\/\/www.thermoplongeurs-galvatek.com\/es\/wp-json\/wp\/v2\/media\/4583"}],"wp:attachment":[{"href":"https:\/\/www.thermoplongeurs-galvatek.com\/es\/wp-json\/wp\/v2\/media?parent=4582"}],"wp:term":[{"taxonomy":"product_brand","embeddable":true,"href":"https:\/\/www.thermoplongeurs-galvatek.com\/es\/wp-json\/wp\/v2\/product_brand?post=4582"},{"taxonomy":"product_cat","embeddable":true,"href":"https:\/\/www.thermoplongeurs-galvatek.com\/es\/wp-json\/wp\/v2\/product_cat?post=4582"},{"taxonomy":"product_tag","embeddable":true,"href":"https:\/\/www.thermoplongeurs-galvatek.com\/es\/wp-json\/wp\/v2\/product_tag?post=4582"}],"curies":[{"name":"wp","href":"https:\/\/api.w.org\/{rel}","templated":true}]}}