{"id":4573,"date":"2025-04-08T11:12:29","date_gmt":"2025-04-08T09:12:29","guid":{"rendered":"https:\/\/www.thermoplongeurs-galvatek.com\/produit\/el-calentador-de-bidones-industrial-de-induccion-atex-thermosafe\/"},"modified":"2025-09-25T13:04:04","modified_gmt":"2025-09-25T11:04:04","slug":"el-calentador-de-bidones-industrial-de-induccion-atex-thermosafe","status":"publish","type":"product","link":"https:\/\/www.thermoplongeurs-galvatek.com\/es\/produit\/el-calentador-de-bidones-industrial-de-induccion-atex-thermosafe\/","title":{"rendered":"El calentador de bidones industrial de inducci\u00f3n \u201cAtex Thermosafe\u00ae\u201d"},"content":{"rendered":"<p>El calentador de bidones industrial Thermosafe\u00ae es una soluci\u00f3n innovadora y segura para calentar bidones met\u00e1licos no calorifugados de 200 litros o menos, incluso en ambientes explosivos. Gracias a su tecnolog\u00eda de calentamiento por inducci\u00f3n, permite un aumento de temperatura r\u00e1pido y homog\u00e9neo, ideal para productos viscosos como la cera, el alquitr\u00e1n, el bet\u00fan o los \u00e1cidos org\u00e1nicos. <\/p>\n<p>Dise\u00f1ado para ser utilizado solo o como complemento de una base calefactora, garantiza una seguridad y una eficacia incomparables en comparaci\u00f3n con los sistemas cl\u00e1sicos.<\/p>\n","protected":false},"excerpt":{"rendered":"<p>El calentador de bidones industrial Thermosafe\u00ae es una soluci\u00f3n innovadora y segura para calentar bidones met\u00e1licos no calorifugados de 200 litros o menos, incluso en ambientes explosivos. Gracias a su tecnolog\u00eda de calentamiento por inducci\u00f3n, permite un aumento de temperatura r\u00e1pido y homog\u00e9neo, ideal para productos viscosos como la cera, el alquitr\u00e1n, el bet\u00fan o los \u00e1cidos org\u00e1nicos. <\/p>\n<p>Dise\u00f1ado para ser utilizado solo o como complemento de una base calefactora, garantiza una seguridad y una eficacia incomparables en comparaci\u00f3n con los sistemas cl\u00e1sicos.<\/p>\n","protected":false},"featured_media":8518,"template":"","meta":{"_acf_changed":false,"_seopress_robots_primary_cat":"none","_seopress_titles_title":"","_seopress_titles_desc":"","_seopress_robots_index":""},"product_brand":[],"product_cat":[79,81],"product_tag":[],"class_list":{"0":"post-4573","1":"product","2":"type-product","3":"status-publish","4":"has-post-thumbnail","6":"product_cat-manta-calefactoras-industriales","7":"product_cat-manta-calefactoras-para-bidones-y-contenedores","9":"first","10":"instock","11":"shipping-taxable","12":"product-type-simple"},"acf":{"option_ou_accessoire":[2062,2066,2172,2094]},"_links":{"self":[{"href":"https:\/\/www.thermoplongeurs-galvatek.com\/es\/wp-json\/wp\/v2\/product\/4573","targetHints":{"allow":["GET"]}}],"collection":[{"href":"https:\/\/www.thermoplongeurs-galvatek.com\/es\/wp-json\/wp\/v2\/product"}],"about":[{"href":"https:\/\/www.thermoplongeurs-galvatek.com\/es\/wp-json\/wp\/v2\/types\/product"}],"acf:post":[{"embeddable":true,"href":"https:\/\/www.thermoplongeurs-galvatek.com\/es\/wp-json\/wp\/v2\/product\/2094"},{"embeddable":true,"href":"https:\/\/www.thermoplongeurs-galvatek.com\/es\/wp-json\/wp\/v2\/product\/2172"},{"embeddable":true,"href":"https:\/\/www.thermoplongeurs-galvatek.com\/es\/wp-json\/wp\/v2\/product\/2066"},{"embeddable":true,"href":"https:\/\/www.thermoplongeurs-galvatek.com\/es\/wp-json\/wp\/v2\/product\/2062"}],"wp:featuredmedia":[{"embeddable":true,"href":"https:\/\/www.thermoplongeurs-galvatek.com\/es\/wp-json\/wp\/v2\/media\/8518"}],"wp:attachment":[{"href":"https:\/\/www.thermoplongeurs-galvatek.com\/es\/wp-json\/wp\/v2\/media?parent=4573"}],"wp:term":[{"taxonomy":"product_brand","embeddable":true,"href":"https:\/\/www.thermoplongeurs-galvatek.com\/es\/wp-json\/wp\/v2\/product_brand?post=4573"},{"taxonomy":"product_cat","embeddable":true,"href":"https:\/\/www.thermoplongeurs-galvatek.com\/es\/wp-json\/wp\/v2\/product_cat?post=4573"},{"taxonomy":"product_tag","embeddable":true,"href":"https:\/\/www.thermoplongeurs-galvatek.com\/es\/wp-json\/wp\/v2\/product_tag?post=4573"}],"curies":[{"name":"wp","href":"https:\/\/api.w.org\/{rel}","templated":true}]}}