{"id":4569,"date":"2025-03-05T12:46:51","date_gmt":"2025-03-05T11:46:51","guid":{"rendered":"https:\/\/www.thermoplongeurs-galvatek.com\/produit\/calentadores-de-inmersion-con-vaina-calor\/"},"modified":"2025-09-25T13:03:18","modified_gmt":"2025-09-25T11:03:18","slug":"calentadores-de-inmersion-con-vaina-calor","status":"publish","type":"product","link":"https:\/\/www.thermoplongeurs-galvatek.com\/es\/produit\/calentadores-de-inmersion-con-vaina-calor\/","title":{"rendered":"Calentadores de inmersi\u00f3n con vaina CALOR"},"content":{"rendered":"<p>Los calentadores de inmersi\u00f3n con vaina CALOR est\u00e1n dise\u00f1ados para un rendimiento t\u00e9rmico \u00f3ptimo, adapt\u00e1ndose a diversos l\u00edquidos industriales, incluidos fluidos acuosos y no acuosos. Robustos y fiables, garantizan un uso prolongado incluso en entornos exigentes. <\/p>\n","protected":false},"excerpt":{"rendered":"<p>Los calentadores de inmersi\u00f3n con vaina CALOR est\u00e1n dise\u00f1ados para un rendimiento t\u00e9rmico \u00f3ptimo, adapt\u00e1ndose a diversos l\u00edquidos industriales, incluidos fluidos acuosos y no acuosos. Robustos y fiables, garantizan un uso prolongado incluso en entornos exigentes. <\/p>\n","protected":false},"featured_media":4571,"template":"","meta":{"_acf_changed":false,"_seopress_robots_primary_cat":"none","_seopress_titles_title":"","_seopress_titles_desc":"","_seopress_robots_index":""},"product_brand":[],"product_cat":[71,86],"product_tag":[],"class_list":{"0":"post-4569","1":"product","2":"type-product","3":"status-publish","4":"has-post-thumbnail","6":"product_cat-termoplongeur-industriales","7":"product_cat-calentadore-de-inmersion-con-vaina","9":"first","10":"instock","11":"shipping-taxable","12":"product-type-simple"},"acf":{"option_ou_accessoire":[2068,2070,2076,2074,2158]},"_links":{"self":[{"href":"https:\/\/www.thermoplongeurs-galvatek.com\/es\/wp-json\/wp\/v2\/product\/4569","targetHints":{"allow":["GET"]}}],"collection":[{"href":"https:\/\/www.thermoplongeurs-galvatek.com\/es\/wp-json\/wp\/v2\/product"}],"about":[{"href":"https:\/\/www.thermoplongeurs-galvatek.com\/es\/wp-json\/wp\/v2\/types\/product"}],"acf:post":[{"embeddable":true,"href":"https:\/\/www.thermoplongeurs-galvatek.com\/es\/wp-json\/wp\/v2\/product\/2158"},{"embeddable":true,"href":"https:\/\/www.thermoplongeurs-galvatek.com\/es\/wp-json\/wp\/v2\/product\/2074"},{"embeddable":true,"href":"https:\/\/www.thermoplongeurs-galvatek.com\/es\/wp-json\/wp\/v2\/product\/2076"},{"embeddable":true,"href":"https:\/\/www.thermoplongeurs-galvatek.com\/es\/wp-json\/wp\/v2\/product\/2070"},{"embeddable":true,"href":"https:\/\/www.thermoplongeurs-galvatek.com\/es\/wp-json\/wp\/v2\/product\/2068"}],"wp:featuredmedia":[{"embeddable":true,"href":"https:\/\/www.thermoplongeurs-galvatek.com\/es\/wp-json\/wp\/v2\/media\/4571"}],"wp:attachment":[{"href":"https:\/\/www.thermoplongeurs-galvatek.com\/es\/wp-json\/wp\/v2\/media?parent=4569"}],"wp:term":[{"taxonomy":"product_brand","embeddable":true,"href":"https:\/\/www.thermoplongeurs-galvatek.com\/es\/wp-json\/wp\/v2\/product_brand?post=4569"},{"taxonomy":"product_cat","embeddable":true,"href":"https:\/\/www.thermoplongeurs-galvatek.com\/es\/wp-json\/wp\/v2\/product_cat?post=4569"},{"taxonomy":"product_tag","embeddable":true,"href":"https:\/\/www.thermoplongeurs-galvatek.com\/es\/wp-json\/wp\/v2\/product_tag?post=4569"}],"curies":[{"name":"wp","href":"https:\/\/api.w.org\/{rel}","templated":true}]}}