{"id":4554,"date":"2025-04-08T11:12:28","date_gmt":"2025-04-08T09:12:28","guid":{"rendered":"https:\/\/www.thermoplongeurs-galvatek.com\/produit\/manta-calefactora-gama-inteliheat-ibc\/"},"modified":"2025-09-25T13:03:06","modified_gmt":"2025-09-25T11:03:06","slug":"manta-calefactora-gama-inteliheat-ibc","status":"publish","type":"product","link":"https:\/\/www.thermoplongeurs-galvatek.com\/es\/produit\/manta-calefactora-gama-inteliheat-ibc\/","title":{"rendered":"Manta calefactora &#8211; Gama Inteliheat IBC"},"content":{"rendered":"<p>La manta calefactora industrial de la gama \u201cInteliheat\u201d est\u00e1 dise\u00f1ada para garantizar un calentamiento seguro de los contenedores de tipo IBC, incluso en atm\u00f3sferas explosivas. Su dise\u00f1o innovador permite una calefacci\u00f3n eficaz hasta 55 \u00b0C, manteniendo al mismo tiempo unas condiciones de seguridad \u00f3ptimas, de conformidad con las normas ATEX e IECEx. <\/p>\n<p>Es ideal para los contenedores de tipo IBC de pl\u00e1stico con estructura met\u00e1lica, as\u00ed como para el calentamiento simult\u00e1neo de 4 bidones de 205 litros.<\/p>\n","protected":false},"excerpt":{"rendered":"<p>La manta calefactora industrial de la gama \u201cInteliheat\u201d est\u00e1 dise\u00f1ada para garantizar un calentamiento seguro de los contenedores de tipo IBC, incluso en atm\u00f3sferas explosivas. Su dise\u00f1o innovador permite una calefacci\u00f3n eficaz hasta 55 \u00b0C, manteniendo al mismo tiempo unas condiciones de seguridad \u00f3ptimas, de conformidad con las normas ATEX e IECEx. <\/p>\n<p>Es ideal para los contenedores de tipo IBC de pl\u00e1stico con estructura met\u00e1lica, as\u00ed como para el calentamiento simult\u00e1neo de 4 bidones de 205 litros.<\/p>\n","protected":false},"featured_media":4558,"template":"","meta":{"_acf_changed":false,"_seopress_robots_primary_cat":"none","_seopress_titles_title":"","_seopress_titles_desc":"","_seopress_robots_index":""},"product_brand":[],"product_cat":[79,81],"product_tag":[],"class_list":{"0":"post-4554","1":"product","2":"type-product","3":"status-publish","4":"has-post-thumbnail","6":"product_cat-manta-calefactoras-industriales","7":"product_cat-manta-calefactoras-para-bidones-y-contenedores","9":"first","10":"instock","11":"shipping-taxable","12":"product-type-simple"},"acf":{"option_ou_accessoire":[2108,2106,2172]},"_links":{"self":[{"href":"https:\/\/www.thermoplongeurs-galvatek.com\/es\/wp-json\/wp\/v2\/product\/4554","targetHints":{"allow":["GET"]}}],"collection":[{"href":"https:\/\/www.thermoplongeurs-galvatek.com\/es\/wp-json\/wp\/v2\/product"}],"about":[{"href":"https:\/\/www.thermoplongeurs-galvatek.com\/es\/wp-json\/wp\/v2\/types\/product"}],"acf:post":[{"embeddable":true,"href":"https:\/\/www.thermoplongeurs-galvatek.com\/es\/wp-json\/wp\/v2\/product\/2172"},{"embeddable":true,"href":"https:\/\/www.thermoplongeurs-galvatek.com\/es\/wp-json\/wp\/v2\/product\/2106"},{"embeddable":true,"href":"https:\/\/www.thermoplongeurs-galvatek.com\/es\/wp-json\/wp\/v2\/product\/2108"}],"wp:featuredmedia":[{"embeddable":true,"href":"https:\/\/www.thermoplongeurs-galvatek.com\/es\/wp-json\/wp\/v2\/media\/4558"}],"wp:attachment":[{"href":"https:\/\/www.thermoplongeurs-galvatek.com\/es\/wp-json\/wp\/v2\/media?parent=4554"}],"wp:term":[{"taxonomy":"product_brand","embeddable":true,"href":"https:\/\/www.thermoplongeurs-galvatek.com\/es\/wp-json\/wp\/v2\/product_brand?post=4554"},{"taxonomy":"product_cat","embeddable":true,"href":"https:\/\/www.thermoplongeurs-galvatek.com\/es\/wp-json\/wp\/v2\/product_cat?post=4554"},{"taxonomy":"product_tag","embeddable":true,"href":"https:\/\/www.thermoplongeurs-galvatek.com\/es\/wp-json\/wp\/v2\/product_tag?post=4554"}],"curies":[{"name":"wp","href":"https:\/\/api.w.org\/{rel}","templated":true}]}}