{"id":4540,"date":"2025-01-28T16:09:04","date_gmt":"2025-01-28T15:09:04","guid":{"rendered":"https:\/\/www.thermoplongeurs-galvatek.com\/produit\/termoplongeurs-con-resistencias-blindadas\/"},"modified":"2025-09-25T13:03:20","modified_gmt":"2025-09-25T11:03:20","slug":"termoplongeurs-con-resistencias-blindadas","status":"publish","type":"product","link":"https:\/\/www.thermoplongeurs-galvatek.com\/es\/produit\/termoplongeurs-con-resistencias-blindadas\/","title":{"rendered":"Termoplongeurs con resistencias blindadas"},"content":{"rendered":"<p>Los termoplongeurs con resistencias blindadas est\u00e1n dise\u00f1ados para ofrecer un rendimiento t\u00e9rmico \u00f3ptimo en diversos entornos industriales. Adaptados para calentar l\u00edquidos como agua, aceites, algunos \u00e1cidos y fluidos caloportadores, garantizan una alta eficiencia energ\u00e9tica y una durabilidad notable. <\/p>\n","protected":false},"excerpt":{"rendered":"<p>Los termoplongeurs con resistencias blindadas est\u00e1n dise\u00f1ados para ofrecer un rendimiento t\u00e9rmico \u00f3ptimo en diversos entornos industriales. Adaptados para calentar l\u00edquidos como agua, aceites, algunos \u00e1cidos y fluidos caloportadores, garantizan una alta eficiencia energ\u00e9tica y una durabilidad notable. <\/p>\n","protected":false},"featured_media":4542,"template":"","meta":{"_acf_changed":false,"_seopress_robots_primary_cat":"none","_seopress_titles_title":"","_seopress_titles_desc":"","_seopress_robots_index":""},"product_brand":[],"product_cat":[71,72,73,74],"product_tag":[],"class_list":{"0":"post-4540","1":"product","2":"type-product","3":"status-publish","4":"has-post-thumbnail","6":"product_cat-termoplongeur-industriales","7":"product_cat-termoplongeur-blindados","8":"product_cat-termoplongeur-sobre-brida","9":"product_cat-termoplongeur-para-atornillar","11":"first","12":"instock","13":"shipping-taxable","14":"product-type-simple"},"acf":{"option_ou_accessoire":null},"_links":{"self":[{"href":"https:\/\/www.thermoplongeurs-galvatek.com\/es\/wp-json\/wp\/v2\/product\/4540","targetHints":{"allow":["GET"]}}],"collection":[{"href":"https:\/\/www.thermoplongeurs-galvatek.com\/es\/wp-json\/wp\/v2\/product"}],"about":[{"href":"https:\/\/www.thermoplongeurs-galvatek.com\/es\/wp-json\/wp\/v2\/types\/product"}],"wp:featuredmedia":[{"embeddable":true,"href":"https:\/\/www.thermoplongeurs-galvatek.com\/es\/wp-json\/wp\/v2\/media\/4542"}],"wp:attachment":[{"href":"https:\/\/www.thermoplongeurs-galvatek.com\/es\/wp-json\/wp\/v2\/media?parent=4540"}],"wp:term":[{"taxonomy":"product_brand","embeddable":true,"href":"https:\/\/www.thermoplongeurs-galvatek.com\/es\/wp-json\/wp\/v2\/product_brand?post=4540"},{"taxonomy":"product_cat","embeddable":true,"href":"https:\/\/www.thermoplongeurs-galvatek.com\/es\/wp-json\/wp\/v2\/product_cat?post=4540"},{"taxonomy":"product_tag","embeddable":true,"href":"https:\/\/www.thermoplongeurs-galvatek.com\/es\/wp-json\/wp\/v2\/product_tag?post=4540"}],"curies":[{"name":"wp","href":"https:\/\/api.w.org\/{rel}","templated":true}]}}