{"id":4979,"date":"2025-03-06T14:40:45","date_gmt":"2025-03-06T13:40:45","guid":{"rendered":"https:\/\/www.thermoplongeurs-galvatek.com\/termosumergibles-industriales\/calentadores-de-inmersion-roscados\/"},"modified":"2025-09-29T10:30:41","modified_gmt":"2025-09-29T08:30:41","slug":"calentadores-de-inmersion-roscados","status":"publish","type":"page","link":"https:\/\/www.thermoplongeurs-galvatek.com\/es\/termosumergibles-industriales\/calentadores-de-inmersion-roscados\/","title":{"rendered":"Calentadores de inmersi\u00f3n roscados"},"content":{"rendered":"<div class=\"wpb-content-wrapper\"><p>[vc_row row_height_percent=&#8221;0&#8243; override_padding=&#8221;yes&#8221; h_padding=&#8221;0&#8243; top_padding=&#8221;0&#8243; bottom_padding=&#8221;0&#8243; overlay_alpha=&#8221;50&#8243; gutter_size=&#8221;3&#8243; column_width_percent=&#8221;100&#8243; shift_y=&#8221;0&#8243; z_index=&#8221;0&#8243; content_parallax=&#8221;0&#8243; uncode_shortcode_id=&#8221;828706&#8243; css=&#8221;.vc_custom_1741268286748{margin-top: 41px !important;margin-bottom: 20px !important;}&#8221; el_id=&#8221;pl_pr_mobile&#8221;][vc_column column_width_percent=&#8221;100&#8243; gutter_size=&#8221;0&#8243; override_padding=&#8221;yes&#8221; column_padding=&#8221;0&#8243; overlay_alpha=&#8221;50&#8243; shift_x=&#8221;0&#8243; shift_y=&#8221;0&#8243; shift_y_down=&#8221;0&#8243; z_index=&#8221;0&#8243; medium_width=&#8221;0&#8243; mobile_width=&#8221;0&#8243; width=&#8221;1\/1&#8243; uncode_shortcode_id=&#8221;108032&#8243; css=&#8221;.vc_custom_1741181620872{padding-left: 23px !important;}&#8221; el_class=&#8221;pl_pr_mobile&#8221;][uncode_breadcrumbs separator=&#8221;triangle&#8221; el_class=&#8221;categorie_breadcrums&#8221;][\/vc_column][\/vc_row][vc_row row_height_percent=&#8221;0&#8243; override_padding=&#8221;yes&#8221; h_padding=&#8221;0&#8243; top_padding=&#8221;0&#8243; bottom_padding=&#8221;0&#8243; overlay_alpha=&#8221;50&#8243; gutter_size=&#8221;3&#8243; column_width_percent=&#8221;100&#8243; shift_y=&#8221;0&#8243; z_index=&#8221;0&#8243; content_parallax=&#8221;0&#8243; uncode_shortcode_id=&#8221;213890&#8243; css=&#8221;.vc_custom_1741280161418{padding-top: 83px !important;padding-bottom: 58px !important;}&#8221; el_id=&#8221;pl_pr_mobile&#8221; el_class=&#8221;pt_0_mobile&#8221;][vc_column column_width_percent=&#8221;100&#8243; gutter_size=&#8221;0&#8243; override_padding=&#8221;yes&#8221; column_padding=&#8221;0&#8243; overlay_alpha=&#8221;50&#8243; shift_x=&#8221;0&#8243; shift_y=&#8221;0&#8243; shift_y_down=&#8221;0&#8243; z_index=&#8221;0&#8243; medium_width=&#8221;0&#8243; mobile_width=&#8221;0&#8243; width=&#8221;1\/1&#8243; uncode_shortcode_id=&#8221;175168&#8243; el_class=&#8221;faq_section&#8221;][vc_column_text uncode_shortcode_id=&#8221;161227&#8243; css=&#8221;.vc_custom_1741279518173{margin-left: 59px !important;}&#8221; el_class=&#8221;max_800 h1_highlight&#8221;]<\/p>\n<h1>Calentadores de inmersi\u00f3n <span class=\"blue_highlight\">roscados<\/span><\/h1>\n<p>[\/vc_column_text][\/vc_column][\/vc_row][vc_row row_height_percent=&#8221;0&#8243; override_padding=&#8221;yes&#8221; h_padding=&#8221;0&#8243; top_padding=&#8221;0&#8243; bottom_padding=&#8221;0&#8243; overlay_alpha=&#8221;50&#8243; gutter_size=&#8221;3&#8243; column_width_percent=&#8221;100&#8243; shift_y=&#8221;0&#8243; z_index=&#8221;0&#8243; content_parallax=&#8221;0&#8243; uncode_shortcode_id=&#8221;125199&#8243; el_id=&#8221;pl_pr_mobile&#8221; css=&#8221;.vc_custom_1741593776252{margin-bottom: 69px !important;}&#8221; el_class=&#8221;mb_40_mobile&#8221;][vc_column column_width_percent=&#8221;100&#8243; gutter_size=&#8221;0&#8243; override_padding=&#8221;yes&#8221; column_padding=&#8221;0&#8243; overlay_alpha=&#8221;50&#8243; shift_x=&#8221;0&#8243; shift_y=&#8221;0&#8243; shift_y_down=&#8221;0&#8243; z_index=&#8221;0&#8243; medium_width=&#8221;0&#8243; mobile_width=&#8221;0&#8243; width=&#8221;1\/1&#8243; uncode_shortcode_id=&#8221;170023&#8243; el_class=&#8221;pl_pr_mobile max_900&#8243;][vc_column_text uncode_shortcode_id=&#8221;116265&#8243; css=&#8221;.vc_custom_1744706298989{margin-left: 59px !important;}&#8221; el_class=&#8221;max_900 intro_thermo&#8221;]Los calentadores de inmersi\u00f3n industriales roscados son equipos fiables dise\u00f1ados para el calentamiento directo de l\u00edquidos como agua, aceite, combustible o gases como el aire y el CO2. Se distinguen por su eficiencia t\u00e9rmica gracias al contacto directo con el fluido calentado. <\/p>\n<p>Fabricados con resistencias blindadas en materiales como acero inoxidable o cobre niquelado, se fijan en tapones roscados de lat\u00f3n o acero inoxidable, compatibles con normas m\u00e9tricas e imperiales.<\/p>\n<p>Su instalaci\u00f3n es posible en montaje horizontal o vertical en tanques de fluido est\u00e1tico o en calentadores de fluido en circulaci\u00f3n.[\/vc_column_text][\/vc_column][\/vc_row][vc_row row_height_percent=&#8221;0&#8243; override_padding=&#8221;yes&#8221; h_padding=&#8221;0&#8243; top_padding=&#8221;0&#8243; bottom_padding=&#8221;0&#8243; overlay_alpha=&#8221;50&#8243; gutter_size=&#8221;3&#8243; column_width_percent=&#8221;100&#8243; shift_y=&#8221;0&#8243; z_index=&#8221;0&#8243; content_parallax=&#8221;0&#8243; uncode_shortcode_id=&#8221;666242&#8243; el_id=&#8221;pl_pr_mobile&#8221; css=&#8221;.vc_custom_1741600761323{margin-bottom: 122px !important;padding-right: 50px !important;}&#8221; el_class=&#8221;mb_0_mobile&#8221;][vc_column column_width_percent=&#8221;100&#8243; gutter_size=&#8221;0&#8243; override_padding=&#8221;yes&#8221; column_padding=&#8221;0&#8243; overlay_alpha=&#8221;50&#8243; shift_x=&#8221;0&#8243; shift_y=&#8221;0&#8243; shift_y_down=&#8221;0&#8243; z_index=&#8221;0&#8243; medium_width=&#8221;0&#8243; mobile_width=&#8221;0&#8243; width=&#8221;1\/1&#8243; uncode_shortcode_id=&#8221;102568&#8243; css=&#8221;.vc_custom_1741278978233{padding-right: 10px !important;padding-left: 62px !important;}&#8221; el_id=&#8221;h2_highlight&#8221; el_class=&#8221;pl_pr_mobile slider_products&#8221;][vc_column_text uncode_shortcode_id=&#8221;619580&#8243; el_class=&#8221;max_900&#8243;]<\/p>\n<h2>Nuestra gama de calentadores de inmersi\u00f3n de rosca <br style=\"height: 15px;\"><\/h2>\n<p>[\/vc_column_text][uncode_carousel_nav padding=&#8221;0&#8243; icon=&#8221;fa fa-arrow-right4&#8243; hide_dots=&#8221;yes&#8221; hide_counter=&#8221;yes&#8221; uncode_shortcode_id=&#8221;294487&#8243; el_class=&#8221;hide_mobile&#8221;][uncode_index el_id=&#8221;index-733677&#8243; index_type=&#8221;css_grid&#8221; loop=&#8221;size:All|order_by:date|post_type:product|tax_query:28|taxonomy_count:10&#8243; grid_items=&#8221;3&#8243; screen_lg_items=&#8221;3&#8243; screen_lg_breakpoint=&#8221;1000&#8243; screen_md_items=&#8221;2&#8243; screen_md_breakpoint=&#8221;600&#8243; screen_sm_items=&#8221;1&#8243; screen_sm_breakpoint=&#8221;480&#8243; gutter_size=&#8221;2&#8243; product_items=&#8221;media|featured|onpost|poster|hide-sale|inherit-atc|inherit-w-atc|atc-typo-default|hide-atc,title&#8221; single_overlay_opacity=&#8221;50&#8243; single_overlay_anim=&#8221;no&#8221; single_text_anim=&#8221;no&#8221; single_image_anim=&#8221;no&#8221; single_padding=&#8221;2&#8243; single_border=&#8221;yes&#8221; custom_order=&#8221;yes&#8221; uncode_shortcode_id=&#8221;144115&#8243; el_class=&#8221;slider_products&#8221;][uncode_carousel_nav padding=&#8221;0&#8243; icon=&#8221;fa fa-arrow-right4&#8243; hide_dots=&#8221;yes&#8221; hide_counter=&#8221;yes&#8221; uncode_shortcode_id=&#8221;362243&#8243; el_class=&#8221;hide_desktop&#8221;][\/vc_column][\/vc_row][vc_row row_height_percent=&#8221;0&#8243; override_padding=&#8221;yes&#8221; h_padding=&#8221;0&#8243; top_padding=&#8221;0&#8243; bottom_padding=&#8221;0&#8243; back_color=&#8221;color-917352&#8243; overlay_alpha=&#8221;50&#8243; gutter_size=&#8221;3&#8243; column_width_percent=&#8221;100&#8243; shift_y=&#8221;0&#8243; z_index=&#8221;0&#8243; content_parallax=&#8221;0&#8243; uncode_shortcode_id=&#8221;102327&#8243; css=&#8221;.vc_custom_1741593971616{padding-top: 80px !important;padding-right: 118px !important;}&#8221; el_id=&#8221;pl_pr_mobile&#8221; back_color_type=&#8221;uncode-palette&#8221; el_class=&#8221;pt_50_mobile&#8221;][vc_column column_width_percent=&#8221;100&#8243; gutter_size=&#8221;0&#8243; override_padding=&#8221;yes&#8221; column_padding=&#8221;0&#8243; overlay_alpha=&#8221;50&#8243; shift_x=&#8221;0&#8243; shift_y=&#8221;0&#8243; shift_y_down=&#8221;0&#8243; z_index=&#8221;0&#8243; medium_width=&#8221;0&#8243; mobile_width=&#8221;0&#8243; width=&#8221;1\/1&#8243; uncode_shortcode_id=&#8221;103974&#8243; css=&#8221;.vc_custom_1741191661615{padding-left: 111px !important;}&#8221; el_class=&#8221;pl_pr_mobile&#8221;][vc_column_text text_color=&#8221;color-xsdn&#8221; uncode_shortcode_id=&#8221;156579&#8243; text_color_type=&#8221;uncode-palette&#8221; el_class=&#8221;h2_white&#8221; css=&#8221;.vc_custom_1744627442162{margin-bottom: 40px !important;}&#8221;]<\/p>\n<h2>Preguntas frecuentes<\/h2>\n<p>[\/vc_column_text][vc_accordion label_border=&#8221;yes&#8221; content_border=&#8221;yes&#8221; gutter_simple=&#8221;0&#8243; uncode_shortcode_id=&#8221;122941&#8243; el_class=&#8221;faq_white&#8221;][vc_accordion_tab gutter_size=&#8221;0&#8243; column_padding=&#8221;0&#8243; title=&#8221;\u00bfEs posible equipar estos calentadores de inmersi\u00f3n con un sistema de regulaci\u00f3n de temperatura?&#8221; tab_id=&#8221;1741190656-1-13&#8243;][vc_column_text text_color=&#8221;color-xsdn&#8221; uncode_shortcode_id=&#8221;110941&#8243; text_color_type=&#8221;uncode-palette&#8221; css=&#8221;.vc_custom_1744706242015{margin-bottom: 50px !important;}&#8221;]S\u00ed, pueden equiparse con un termopozo que permite el uso de un termostato para la regulaci\u00f3n de temperatura.[\/vc_column_text][\/vc_accordion_tab][vc_accordion_tab gutter_size=&#8221;0&#8243; column_padding=&#8221;0&#8243; title=&#8221;\u00bfCu\u00e1l es la gama de potencia disponible para los calentadores de inmersi\u00f3n roscados?&#8221; tab_id=&#8221;1741190656-2-95&#8243;][vc_column_text text_color=&#8221;color-xsdn&#8221; uncode_shortcode_id=&#8221;121510&#8243; text_color_type=&#8221;uncode-palette&#8221; css=&#8221;.vc_custom_1744706260984{margin-bottom: 50px !important;}&#8221;]La gama de potencia se extiende generalmente desde 100 W hasta 35 kW, seg\u00fan los modelos.[\/vc_column_text][\/vc_accordion_tab][vc_accordion_tab gutter_size=&#8221;0&#8243; column_padding=&#8221;0&#8243; title=&#8221;\u00bfEst\u00e1n disponibles estos calentadores de inmersi\u00f3n en versiones ATEX para ambientes explosivos?&#8221; tab_id=&#8221;1741191206224-2-3&#8243;][vc_column_text text_color=&#8221;color-xsdn&#8221; uncode_shortcode_id=&#8221;195756&#8243; text_color_type=&#8221;uncode-palette&#8221; css=&#8221;.vc_custom_1744706276208{margin-bottom: 50px !important;}&#8221;]S\u00ed, hay versiones ATEX\/IECEX disponibles para su uso en ambientes potencialmente explosivos.[\/vc_column_text][\/vc_accordion_tab][\/vc_accordion][\/vc_column][\/vc_row][vc_row row_height_percent=&#8221;0&#8243; override_padding=&#8221;yes&#8221; h_padding=&#8221;0&#8243; top_padding=&#8221;0&#8243; bottom_padding=&#8221;0&#8243; overlay_alpha=&#8221;50&#8243; gutter_size=&#8221;3&#8243; column_width_percent=&#8221;100&#8243; shift_y=&#8221;0&#8243; z_index=&#8221;0&#8243; content_parallax=&#8221;0&#8243; uncode_shortcode_id=&#8221;139558&#8243; css=&#8221;.vc_custom_1741181137188{margin-top: 20px !important;margin-bottom: 20px !important;}&#8221; el_id=&#8221;pl_pr_mobile&#8221;][vc_column column_width_percent=&#8221;100&#8243; gutter_size=&#8221;0&#8243; override_padding=&#8221;yes&#8221; column_padding=&#8221;0&#8243; overlay_alpha=&#8221;50&#8243; shift_x=&#8221;0&#8243; shift_y=&#8221;0&#8243; shift_y_down=&#8221;0&#8243; z_index=&#8221;0&#8243; medium_width=&#8221;0&#8243; mobile_width=&#8221;0&#8243; width=&#8221;1\/1&#8243; uncode_shortcode_id=&#8221;108032&#8243; css=&#8221;.vc_custom_1741181620872{padding-left: 23px !important;}&#8221; el_class=&#8221;pl_pr_mobile&#8221;][uncode_block id=&#8221;475&#8243;][\/vc_column][\/vc_row]<\/p>\n<\/div>","protected":false},"excerpt":{"rendered":"<p>[vc_row row_height_percent=&#8221;0&#8243; override_padding=&#8221;yes&#8221; h_padding=&#8221;0&#8243; top_padding=&#8221;0&#8243; bottom_padding=&#8221;0&#8243; overlay_alpha=&#8221;50&#8243; gutter_size=&#8221;3&#8243; column_width_percent=&#8221;100&#8243; shift_y=&#8221;0&#8243; z_index=&#8221;0&#8243; content_parallax=&#8221;0&#8243; uncode_shortcode_id=&#8221;828706&#8243; css=&#8221;.vc_custom_1741268286748{margin-top: 41px !important;margin-bottom: 20px !important;}&#8221; el_id=&#8221;pl_pr_mobile&#8221;][vc_column column_width_percent=&#8221;100&#8243; [&hellip;]<\/p>\n","protected":false},"author":5,"featured_media":0,"parent":4309,"menu_order":0,"comment_status":"closed","ping_status":"closed","template":"","meta":{"_acf_changed":false,"_seopress_robots_primary_cat":"","_seopress_titles_title":"Calentadores de inmersi\u00f3n industriales de rosca | Galvatek","_seopress_titles_desc":"Fiables y robustos, nuestros calentadores de inmersi\u00f3n enroscables garantizan una transferencia de calor eficaz. Compatibles con dep\u00f3sitos y calentadores, disponibles en varias potencias. ","_seopress_robots_index":"","footnotes":""},"class_list":{"0":"post-4979","1":"page","2":"type-page","3":"status-publish","5":"page_category-subcategoria"},"acf":[],"_links":{"self":[{"href":"https:\/\/www.thermoplongeurs-galvatek.com\/es\/wp-json\/wp\/v2\/pages\/4979","targetHints":{"allow":["GET"]}}],"collection":[{"href":"https:\/\/www.thermoplongeurs-galvatek.com\/es\/wp-json\/wp\/v2\/pages"}],"about":[{"href":"https:\/\/www.thermoplongeurs-galvatek.com\/es\/wp-json\/wp\/v2\/types\/page"}],"author":[{"embeddable":true,"href":"https:\/\/www.thermoplongeurs-galvatek.com\/es\/wp-json\/wp\/v2\/users\/5"}],"replies":[{"embeddable":true,"href":"https:\/\/www.thermoplongeurs-galvatek.com\/es\/wp-json\/wp\/v2\/comments?post=4979"}],"version-history":[{"count":0,"href":"https:\/\/www.thermoplongeurs-galvatek.com\/es\/wp-json\/wp\/v2\/pages\/4979\/revisions"}],"up":[{"embeddable":true,"href":"https:\/\/www.thermoplongeurs-galvatek.com\/es\/wp-json\/wp\/v2\/pages\/4309"}],"wp:attachment":[{"href":"https:\/\/www.thermoplongeurs-galvatek.com\/es\/wp-json\/wp\/v2\/media?parent=4979"}],"curies":[{"name":"wp","href":"https:\/\/api.w.org\/{rel}","templated":true}]}}