{"id":4613,"date":"2025-02-04T15:27:27","date_gmt":"2025-02-04T14:27:27","guid":{"rendered":"https:\/\/www.thermoplongeurs-galvatek.com\/la-red-comercial\/"},"modified":"2026-01-26T15:45:25","modified_gmt":"2026-01-26T14:45:25","slug":"la-red-comercial","status":"publish","type":"page","link":"https:\/\/www.thermoplongeurs-galvatek.com\/es\/la-red-comercial\/","title":{"rendered":"La red comercial"},"content":{"rendered":"<div class=\"wpb-content-wrapper\"><p>[vc_row row_height_percent=&#8221;0&#8243; override_padding=&#8221;yes&#8221; h_padding=&#8221;0&#8243; top_padding=&#8221;0&#8243; bottom_padding=&#8221;0&#8243; back_color=&#8221;color-172651&#8243; overlay_alpha=&#8221;50&#8243; gutter_size=&#8221;3&#8243; column_width_percent=&#8221;100&#8243; shift_y=&#8221;0&#8243; z_index=&#8221;0&#8243; content_parallax=&#8221;0&#8243; uncode_shortcode_id=&#8221;485095&#8243; back_color_type=&#8221;uncode-palette&#8221; css=&#8221;.vc_custom_1742294821765{padding-top: 64px !important;padding-bottom: 91px !important;}&#8221; el_id=&#8221;pl_pr_mobile&#8221; el_class=&#8221;pt_40_mobile pb_40_mobile&#8221;][vc_column column_width_percent=&#8221;100&#8243; gutter_size=&#8221;0&#8243; override_padding=&#8221;yes&#8221; column_padding=&#8221;0&#8243; overlay_alpha=&#8221;50&#8243; shift_x=&#8221;0&#8243; shift_y=&#8221;0&#8243; shift_y_down=&#8221;0&#8243; z_index=&#8221;0&#8243; medium_width=&#8221;0&#8243; mobile_width=&#8221;0&#8243; width=&#8221;1\/1&#8243; uncode_shortcode_id=&#8221;525165&#8243;][vc_column_text text_color=&#8221;color-xsdn&#8221; uncode_shortcode_id=&#8221;200644&#8243; text_color_type=&#8221;uncode-palette&#8221; el_class=&#8221;h2_white ml_0_mobile&#8221; css=&#8221;.vc_custom_1742294846385{margin-left: 68px !important;}&#8221;]<\/p>\n<h1>Una red de socios para una distribuci\u00f3n <span class=\"orange_highlight_inline\" style=\"box-decoration-break: clone;\">en m\u00e1s de 20 pa\u00edses.<\/span><\/h1>\n<p>[\/vc_column_text][vc_row_inner][vc_column_inner column_width_percent=&#8221;100&#8243; gutter_size=&#8221;0&#8243; override_padding=&#8221;yes&#8221; column_padding=&#8221;0&#8243; overlay_alpha=&#8221;50&#8243; shift_x=&#8221;0&#8243; shift_y=&#8221;0&#8243; shift_y_down=&#8221;0&#8243; z_index=&#8221;0&#8243; medium_width=&#8221;0&#8243; mobile_width=&#8221;0&#8243; width=&#8221;1\/1&#8243; uncode_shortcode_id=&#8221;557111&#8243; el_id=&#8221;categorie_intro_header&#8221; css=&#8221;.vc_custom_1741626470409{padding-top: 70px !important;padding-left: 73px !important;}&#8221; el_class=&#8221;pt_30_mobile&#8221;][vc_column_text text_color=&#8221;color-xsdn&#8221; uncode_shortcode_id=&#8221;205905&#8243; text_color_type=&#8221;uncode-palette&#8221; el_class=&#8221;intro_p&#8221;]Seg\u00fan su ubicaci\u00f3n geogr\u00e1fica, siempre encontrar\u00e1 un interlocutor para todas sus preguntas relacionadas con los termosumergibles industriales de pol\u00edmero y las sondas de temperatura.[\/vc_column_text][\/vc_column_inner][\/vc_row_inner][\/vc_column][\/vc_row][vc_row row_height_percent=&#8221;0&#8243; override_padding=&#8221;yes&#8221; h_padding=&#8221;0&#8243; top_padding=&#8221;0&#8243; bottom_padding=&#8221;0&#8243; overlay_alpha=&#8221;50&#8243; gutter_size=&#8221;3&#8243; column_width_percent=&#8221;100&#8243; shift_y=&#8221;0&#8243; z_index=&#8221;0&#8243; content_parallax=&#8221;0&#8243; uncode_shortcode_id=&#8221;841141&#8243; css=&#8221;.vc_custom_1742305928113{margin-top: 30px !important;margin-bottom: 80px !important;}&#8221; el_id=&#8221;pl_pr_mobile&#8221; el_class=&#8221;mb_40_mobile&#8221;][vc_column column_width_percent=&#8221;100&#8243; gutter_size=&#8221;0&#8243; override_padding=&#8221;yes&#8221; column_padding=&#8221;0&#8243; overlay_alpha=&#8221;50&#8243; shift_x=&#8221;0&#8243; shift_y=&#8221;0&#8243; shift_y_down=&#8221;0&#8243; z_index=&#8221;0&#8243; medium_width=&#8221;0&#8243; mobile_width=&#8221;0&#8243; width=&#8221;1\/1&#8243; uncode_shortcode_id=&#8221;108032&#8243; css=&#8221;.vc_custom_1741181620872{padding-left: 23px !important;}&#8221; el_class=&#8221;pl_pr_mobile&#8221;][vc_row_inner row_inner_height_percent=&#8221;0&#8243; overlay_alpha=&#8221;50&#8243; gutter_size=&#8221;3&#8243; shift_y=&#8221;0&#8243; z_index=&#8221;0&#8243; uncode_shortcode_id=&#8221;480548&#8243; css=&#8221;.vc_custom_1742305603586{padding-left: 68px !important;}&#8221; el_class=&#8221;pl_0_mobile&#8221;][vc_column_inner column_width_percent=&#8221;100&#8243; gutter_size=&#8221;0&#8243; override_padding=&#8221;yes&#8221; column_padding=&#8221;0&#8243; overlay_alpha=&#8221;50&#8243; shift_x=&#8221;0&#8243; shift_y=&#8221;0&#8243; shift_y_down=&#8221;0&#8243; z_index=&#8221;0&#8243; medium_width=&#8221;0&#8243; mobile_width=&#8221;0&#8243; width=&#8221;1\/1&#8243; uncode_shortcode_id=&#8221;147693&#8243;][vc_column_text text_lead=&#8221;yes&#8221; uncode_shortcode_id=&#8221;192758&#8243; css=&#8221;.vc_custom_1757068064275{margin-top: 30px !important;margin-bottom: 20px !important;}&#8221;]<strong style=\"font-size: 20px; line-height: 26px;\">Para Francia, nuestro servicio comercial trata directamente todas sus solicitudes.*<\/strong><\/p>\n<p><em>* Para ciertas regiones, sin embargo, le rogamos contacte con nuestros agentes locales:<\/em>[\/vc_column_text][vc_column_text uncode_shortcode_id=&#8221;124264&#8243; css=&#8221;.vc_custom_1757067910960{margin-bottom: 50px !important;padding-left: 30px !important;}&#8221; el_class=&#8221;blue_link pl_0_mobile agent mt_40_mobile&#8221;]<a class=\"icon_arrow_orange\" href=\"https:\/\/www.difatec.com\/\" target=\"_blank\" rel=\"noopener\">Difatec<\/a><br style=\"height: 0;\">\u00cele-de-France, Picard\u00eda, Centro, Champa\u00f1a-Ardenas y Borgo\u00f1a (89)[\/vc_column_text][vc_column_text uncode_shortcode_id=&#8221;298609&#8243; css=&#8221;.vc_custom_1757067972230{padding-left: 30px !important;}&#8221; el_class=&#8221;blue_link pl_0_mobile agent&#8221;]<a href=\"https:\/\/www.dimeca.fr\/\" target=\"_blank\" rel=\"noopener\"><span class=\"icon_arrow_orange\">Dimeca<\/span><\/a><br style=\"height: 0;\">R\u00f3dano-Alpes, Borgo\u00f1a (21 y 71), Franco Condado.<\/p>\n<p>[\/vc_column_text][\/vc_column_inner][\/vc_row_inner][vc_row_inner row_inner_height_percent=&#8221;0&#8243; overlay_alpha=&#8221;50&#8243; gutter_size=&#8221;3&#8243; shift_y=&#8221;0&#8243; z_index=&#8221;0&#8243; uncode_shortcode_id=&#8221;111994&#8243; css=&#8221;.vc_custom_1744615575982{padding-top: 70px !important;padding-left: 68px !important;}&#8221; el_class=&#8221;pl_0_mobile&#8221;][vc_column_inner column_width_percent=&#8221;100&#8243; gutter_size=&#8221;0&#8243; override_padding=&#8221;yes&#8221; column_padding=&#8221;0&#8243; overlay_alpha=&#8221;50&#8243; shift_x=&#8221;0&#8243; shift_y=&#8221;0&#8243; shift_y_down=&#8221;0&#8243; z_index=&#8221;0&#8243; medium_width=&#8221;0&#8243; mobile_width=&#8221;0&#8243; width=&#8221;1\/1&#8243; uncode_shortcode_id=&#8221;199959&#8243; el_class=&#8221;icon_left_mobile&#8221;][vc_column_text uncode_shortcode_id=&#8221;916335&#8243; el_class=&#8221;intro_p&#8221;]Para el \u00e1mbito internacional, nuestros socios preferentes est\u00e1n a su disposici\u00f3n:[\/vc_column_text][vc_column_text uncode_shortcode_id=&#8221;108637&#8243; css=&#8221;.vc_custom_1756912276705{margin-top: 20px !important;padding-left: 30px !important;}&#8221;]<a href=\"https:\/\/www.mazurczak.de\/\" target=\"_blank\" rel=\"noopener\"><span class=\"icon_arrow_orange\"><strong>Mazurczak<\/strong> \u2013 Alemania<\/span><\/a>[\/vc_column_text][vc_column_text uncode_shortcode_id=&#8221;112773&#8243; css=&#8221;.vc_custom_1756912339862{padding-left: 30px !important;}&#8221;]<a href=\"https:\/\/www.gmfequipment.com\/\" target=\"_blank\" rel=\"noopener\"><span class=\"icon_arrow_orange\"><strong>GMF<\/strong> \u2013 Reino Unido<\/span><\/a>[\/vc_column_text][vc_column_text uncode_shortcode_id=&#8221;776930&#8243; css=&#8221;.vc_custom_1756912403987{padding-left: 30px !important;}&#8221;]<a href=\"https:\/\/www.fati.com\/\" target=\"_blank\" rel=\"noopener\"><span class=\"icon_arrow_orange\"><strong>FATI<\/strong> \u2013 Italia<\/span><\/a>[\/vc_column_text][vc_column_text uncode_shortcode_id=&#8221;152226&#8243; css=&#8221;.vc_custom_1756912431970{margin-bottom: 20px !important;padding-left: 30px !important;}&#8221;]<a href=\"https:\/\/www.diracindustries.com\/en\/\" target=\"_blank\" rel=\"noopener\"><span class=\"icon_arrow_orange\"><strong>DIRAC<\/strong> \u2013 B\u00e9lgica<\/span><\/a>[\/vc_column_text][vc_empty_space empty_h=&#8221;2&#8243;][vc_custom_heading text_color=&#8221;color-jevc&#8221; heading_semantic=&#8221;p&#8221; text_size=&#8221;custom&#8221; text_weight=&#8221;600&#8243; uncode_shortcode_id=&#8221;182545&#8243; heading_custom_size=&#8221;16px&#8221; text_color_type=&#8221;uncode-palette&#8221;]Red comercial \/ exportaci\u00f3n[\/vc_custom_heading][\/vc_column_inner][\/vc_row_inner][vc_row_inner row_inner_height_percent=&#8221;0&#8243; overlay_alpha=&#8221;50&#8243; gutter_size=&#8221;2&#8243; shift_y=&#8221;0&#8243; z_index=&#8221;0&#8243; uncode_shortcode_id=&#8221;549748&#8243; css=&#8221;.vc_custom_1744615582927{margin-top: 10px !important;padding-left: 68px !important;}&#8221; el_class=&#8221;pl_0_mobile&#8221;][vc_column_inner column_width_percent=&#8221;100&#8243; gutter_size=&#8221;3&#8243; style=&#8221;dark&#8221; overlay_alpha=&#8221;50&#8243; shift_x=&#8221;0&#8243; shift_y=&#8221;0&#8243; shift_y_down=&#8221;0&#8243; z_index=&#8221;0&#8243; medium_width=&#8221;0&#8243; mobile_width=&#8221;0&#8243; css_animation=&#8221;bottom-t-top&#8221; width=&#8221;1\/3&#8243; uncode_shortcode_id=&#8221;129119&#8243;][vc_custom_heading text_color=&#8221;color-jevc&#8221; heading_semantic=&#8221;div&#8221; text_size=&#8221;custom&#8221; text_weight=&#8221;400&#8243; uncode_shortcode_id=&#8221;174214&#8243; heading_custom_size=&#8221;16px&#8221; text_color_type=&#8221;uncode-palette&#8221;]<\/p>\n<ul>\n<li>Alemania<\/li>\n<li>B\u00e9lgica<\/li>\n<li>Chile<\/li>\n<li>Dinamarca<\/li>\n<li>Espa\u00f1a<\/li>\n<\/ul>\n<p>[\/vc_custom_heading][\/vc_column_inner][vc_column_inner column_width_percent=&#8221;100&#8243; gutter_size=&#8221;3&#8243; style=&#8221;dark&#8221; overlay_alpha=&#8221;50&#8243; shift_x=&#8221;0&#8243; shift_y=&#8221;0&#8243; shift_y_down=&#8221;0&#8243; z_index=&#8221;0&#8243; medium_width=&#8221;0&#8243; mobile_width=&#8221;0&#8243; css_animation=&#8221;bottom-t-top&#8221; animation_delay=&#8221;200&#8243; width=&#8221;1\/3&#8243; uncode_shortcode_id=&#8221;131410&#8243;][vc_custom_heading text_color=&#8221;color-jevc&#8221; heading_semantic=&#8221;div&#8221; text_size=&#8221;custom&#8221; text_weight=&#8221;400&#8243; uncode_shortcode_id=&#8221;290488&#8243; heading_custom_size=&#8221;16px&#8221; text_color_type=&#8221;uncode-palette&#8221;]<\/p>\n<ul>\n<li>Finlandia<\/li>\n<li>Grecia<\/li>\n<li>Hong Kong<\/li>\n<li>India &#8211; Israel &#8211; Italia<\/li>\n<li>Malasia &#8211; M\u00e9xico<\/li>\n<\/ul>\n<p>[\/vc_custom_heading][\/vc_column_inner][vc_column_inner column_width_percent=&#8221;100&#8243; gutter_size=&#8221;3&#8243; style=&#8221;dark&#8221; overlay_alpha=&#8221;50&#8243; shift_x=&#8221;0&#8243; shift_y=&#8221;0&#8243; shift_y_down=&#8221;0&#8243; z_index=&#8221;0&#8243; medium_width=&#8221;0&#8243; mobile_width=&#8221;0&#8243; css_animation=&#8221;bottom-t-top&#8221; animation_delay=&#8221;400&#8243; width=&#8221;1\/3&#8243; uncode_shortcode_id=&#8221;669616&#8243;][vc_custom_heading text_color=&#8221;color-jevc&#8221; heading_semantic=&#8221;div&#8221; text_size=&#8221;custom&#8221; text_weight=&#8221;400&#8243; uncode_shortcode_id=&#8221;571125&#8243; heading_custom_size=&#8221;16px&#8221; text_color_type=&#8221;uncode-palette&#8221;]<\/p>\n<ul>\n<li>Pa\u00edses Bajos &#8211; Polonia<\/li>\n<li>Reino Unido<\/li>\n<li>Suecia &#8211; Suiza<\/li>\n<li>Turqu\u00eda<\/li>\n<li>EE.UU.<\/li>\n<\/ul>\n<p>[\/vc_custom_heading][\/vc_column_inner][\/vc_row_inner][\/vc_column][\/vc_row][vc_row row_height_percent=&#8221;0&#8243; override_padding=&#8221;yes&#8221; h_padding=&#8221;0&#8243; top_padding=&#8221;0&#8243; bottom_padding=&#8221;0&#8243; overlay_alpha=&#8221;50&#8243; gutter_size=&#8221;3&#8243; column_width_percent=&#8221;100&#8243; shift_y=&#8221;0&#8243; z_index=&#8221;0&#8243; content_parallax=&#8221;0&#8243; uncode_shortcode_id=&#8221;170996&#8243; css=&#8221;.vc_custom_1741258479190{margin-bottom: 40px !important;padding-right: 50px !important;}&#8221; el_id=&#8221;pl_pr_mobile&#8221; el_class=&#8221;section_slider_cat z-index_2 pl_30_mobile pr_30_mobile&#8221;][vc_column column_width_percent=&#8221;100&#8243; gutter_size=&#8221;0&#8243; override_padding=&#8221;yes&#8221; column_padding=&#8221;0&#8243; overlay_alpha=&#8221;50&#8243; shift_x=&#8221;0&#8243; shift_y=&#8221;0&#8243; shift_y_down=&#8221;0&#8243; z_index=&#8221;0&#8243; medium_width=&#8221;0&#8243; mobile_width=&#8221;0&#8243; css_animation=&#8221;alpha-anim&#8221; width=&#8221;1\/1&#8243; uncode_shortcode_id=&#8221;111710&#8243; css=&#8221;.vc_custom_1748944528438{padding-top: 40px !important;padding-right: 61px !important;padding-bottom: 52px !important;padding-left: 61px !important;}&#8221; back_color_type=&#8221;uncode-solid&#8221; el_class=&#8221;bd_40 blue_padding_mobile bd_40_mobile&#8221; back_color_solid=&#8221;#f5f5f5&#8243;][vc_row_inner row_inner_height_percent=&#8221;0&#8243; overlay_alpha=&#8221;50&#8243; gutter_size=&#8221;0&#8243; shift_y=&#8221;0&#8243; z_index=&#8221;0&#8243; uncode_shortcode_id=&#8221;310200&#8243;][vc_column_inner column_width_percent=&#8221;100&#8243; position_vertical=&#8221;middle&#8221; gutter_size=&#8221;0&#8243; override_padding=&#8221;yes&#8221; column_padding=&#8221;0&#8243; overlay_alpha=&#8221;50&#8243; shift_x=&#8221;0&#8243; shift_y=&#8221;0&#8243; shift_y_down=&#8221;0&#8243; z_index=&#8221;0&#8243; medium_width=&#8221;0&#8243; mobile_width=&#8221;0&#8243; width=&#8221;1\/1&#8243; uncode_shortcode_id=&#8221;195692&#8243; css=&#8221;.vc_custom_1741183266191{padding-right: 46px !important;}&#8221; el_class=&#8221;pr_mobile&#8221;][vc_icon icon_image=&#8221;867&#8243; media_size=&#8221;70&#8243; uncode_shortcode_id=&#8221;144545&#8243;][\/vc_icon][vc_column_text text_color=&#8221;color-xsdn&#8221; uncode_shortcode_id=&#8221;496065&#8243; text_color_type=&#8221;uncode-palette&#8221; el_class=&#8221;h3_white&#8221;]<\/p>\n<h2 style=\"color: #174dee;\">Ofrezca lo mejor a sus clientes: convi\u00e9rtase en distribuidor Galvatek.<\/h2>\n<p>[\/vc_column_text][vc_column_text text_color=&#8221;color-jevc&#8221; uncode_shortcode_id=&#8221;108522&#8243; text_color_type=&#8221;uncode-palette&#8221; css=&#8221;.vc_custom_1742303724852{padding-top: 32px !important;padding-bottom: 28px !important;}&#8221;]Si su zona geogr\u00e1fica carece de representaci\u00f3n Galvatek, es el momento de actuar. \u00danase a nuestra red y aporte a sus clientes soluciones reconocidas por su calidad y eficacia. <\/p>\n<p>Cont\u00e1ctenos para descubrir las condiciones de una asociaci\u00f3n exitosa con Galvatek y dest\u00e1quese con productos de \u00e9lite en electrotermia.[\/vc_column_text][\/vc_column_inner][\/vc_row_inner][\/vc_column][\/vc_row][vc_row row_height_percent=&#8221;0&#8243; override_padding=&#8221;yes&#8221; h_padding=&#8221;0&#8243; top_padding=&#8221;0&#8243; bottom_padding=&#8221;0&#8243; back_color=&#8221;color-917352&#8243; overlay_alpha=&#8221;50&#8243; gutter_size=&#8221;3&#8243; column_width_percent=&#8221;100&#8243; shift_y=&#8221;0&#8243; z_index=&#8221;0&#8243; content_parallax=&#8221;0&#8243; uncode_shortcode_id=&#8221;788533&#8243; css=&#8221;.vc_custom_1742303854294{margin-top: -283px !important;padding-top: 283px !important;padding-right: 50px !important;padding-bottom: 160px !important;}&#8221; el_id=&#8221;pl_pr_mobile&#8221; back_color_type=&#8221;uncode-palette&#8221; el_class=&#8221;product_section&#8221;][vc_column column_width_percent=&#8221;100&#8243; align_horizontal=&#8221;align_center&#8221; gutter_size=&#8221;0&#8243; override_padding=&#8221;yes&#8221; column_padding=&#8221;0&#8243; overlay_alpha=&#8221;50&#8243; shift_x=&#8221;0&#8243; shift_y=&#8221;0&#8243; shift_y_down=&#8221;0&#8243; z_index=&#8221;0&#8243; medium_width=&#8221;0&#8243; mobile_width=&#8221;0&#8243; width=&#8221;1\/1&#8243; uncode_shortcode_id=&#8221;192072&#8243; css=&#8221;.vc_custom_1741619963514{padding-left: 111px !important;}&#8221; el_class=&#8221;pl_pr_mobile&#8221;][vc_row_inner row_inner_height_percent=&#8221;0&#8243; overlay_alpha=&#8221;50&#8243; gutter_size=&#8221;2&#8243; shift_y=&#8221;0&#8243; z_index=&#8221;0&#8243; uncode_shortcode_id=&#8221;143267&#8243; css=&#8221;.vc_custom_1742305460987{padding-top: 70px !important;}&#8221; el_class=&#8221;pt_0_mobile&#8221;][vc_column_inner column_width_percent=&#8221;100&#8243; position_horizontal=&#8221;left&#8221; gutter_size=&#8221;3&#8243; overlay_alpha=&#8221;50&#8243; shift_x=&#8221;0&#8243; shift_y=&#8221;0&#8243; shift_y_down=&#8221;0&#8243; z_index=&#8221;0&#8243; medium_width=&#8221;0&#8243; mobile_width=&#8221;0&#8243; width=&#8221;2\/3&#8243; uncode_shortcode_id=&#8221;199195&#8243; el_class=&#8221;max_900 pb_40_mobile_uncell terme_galva&#8221; css=&#8221;.vc_custom_1742304392440{padding-bottom: 70px !important;padding-left: 20px !important;}&#8221;][vc_column_text text_color=&#8221;color-xsdn&#8221; uncode_shortcode_id=&#8221;132948&#8243; text_color_type=&#8221;uncode-palette&#8221; el_class=&#8221;h2_white max_800&#8243; css=&#8221;.vc_custom_1768829752042{margin-bottom: 40px !important;}&#8221;]<\/p>\n<h2 style=\"text-align: left; letter-spacing: -1px !important;\">\u00bfPor qu\u00e9 elegir Galvatek? <br class=\"hide_mobile\" style=\"height: 0;\">Te diremos por qu\u00e9.<\/h2>\n<p>[\/vc_column_text][vc_column_text text_color=&#8221;color-xsdn&#8221; css_animation=&#8221;right-t-left&#8221; uncode_shortcode_id=&#8221;100841&#8243; text_color_type=&#8221;uncode-palette&#8221; css=&#8221;.vc_custom_1748944542176{padding-left: 60px !important;}&#8221; el_class=&#8221;pl_0_mobile mt_80_mobile&#8221;]<\/p>\n<h3 style=\"color: #fff;\"><span class=\"icon_arrow_orange\">Experiencia industrial certificada<\/span><\/h3>\n<p style=\"margin-top: 0;\">M\u00e1s de 30 a\u00f1os de innovaci\u00f3n al servicio de la electrotermia.<\/p>\n<p>[\/vc_column_text][vc_column_text text_color=&#8221;color-xsdn&#8221; css_animation=&#8221;right-t-left&#8221; animation_delay=&#8221;400&#8243; uncode_shortcode_id=&#8221;279140&#8243; text_color_type=&#8221;uncode-palette&#8221; css=&#8221;.vc_custom_1748944555879{padding-left: 60px !important;}&#8221; el_class=&#8221;pl_0_mobile mt_50_mobile&#8221;]<\/p>\n<h3 style=\"color: #fff;\"><span class=\"icon_arrow_orange\">Calidad francesa inigualable<\/span><\/h3>\n<p style=\"margin-top: 0;\">Dise\u00f1ados para el rendimiento, fabricados para durar.<\/p>\n<p>[\/vc_column_text][vc_column_text text_color=&#8221;color-xsdn&#8221; css_animation=&#8221;right-t-left&#8221; animation_delay=&#8221;800&#8243; uncode_shortcode_id=&#8221;348636&#8243; text_color_type=&#8221;uncode-palette&#8221; css=&#8221;.vc_custom_1748944579008{padding-left: 60px !important;}&#8221; el_class=&#8221;pl_0_mobile mt_50_mobile&#8221;]<\/p>\n<h3 style=\"color: #fff;\"><span class=\"icon_arrow_orange\">Soluciones a medida<\/span><\/h3>\n<p style=\"margin-top: 0;\">Adaptadas a las necesidades espec\u00edficas de su sector.<\/p>\n<p>[\/vc_column_text][\/vc_column_inner][vc_column_inner column_width_percent=&#8221;100&#8243; gutter_size=&#8221;3&#8243; expand_height=&#8221;yes&#8221; back_image=&#8221;855&#8243; overlay_alpha=&#8221;50&#8243; shift_x=&#8221;0&#8243; shift_y=&#8221;0&#8243; shift_y_down=&#8221;0&#8243; z_index=&#8221;0&#8243; medium_width=&#8221;0&#8243; mobile_width=&#8221;0&#8243; width=&#8221;1\/3&#8243; uncode_shortcode_id=&#8221;150019&#8243; el_class=&#8221;column_img_text h300_mobile ml_70_bck&#8221;][\/vc_column_inner][\/vc_row_inner][\/vc_column][\/vc_row]<\/p>\n<\/div>","protected":false},"excerpt":{"rendered":"<p>[vc_row row_height_percent=&#8221;0&#8243; override_padding=&#8221;yes&#8221; h_padding=&#8221;0&#8243; top_padding=&#8221;0&#8243; bottom_padding=&#8221;0&#8243; back_color=&#8221;color-172651&#8243; overlay_alpha=&#8221;50&#8243; gutter_size=&#8221;3&#8243; column_width_percent=&#8221;100&#8243; shift_y=&#8221;0&#8243; z_index=&#8221;0&#8243; content_parallax=&#8221;0&#8243; uncode_shortcode_id=&#8221;485095&#8243; back_color_type=&#8221;uncode-palette&#8221; css=&#8221;.vc_custom_1742294821765{padding-top: 64px !important;padding-bottom: 91px !important;}&#8221; [&hellip;]<\/p>\n","protected":false},"author":1,"featured_media":0,"parent":0,"menu_order":0,"comment_status":"closed","ping_status":"closed","template":"","meta":{"_acf_changed":false,"_seopress_robots_primary_cat":"","_seopress_titles_title":"Hazte distribuidor de Galvatek | Red internacional","_seopress_titles_desc":"Ofrece a tus clientes soluciones electrot\u00e9rmicas reconocidas Made in France. \u00danete a nuestra red mundial de socios. Ponte en contacto con nosotros para obtener m\u00e1s informaci\u00f3n.  ","_seopress_robots_index":"","footnotes":""},"class_list":["post-4613","page","type-page","status-publish"],"acf":[],"_links":{"self":[{"href":"https:\/\/www.thermoplongeurs-galvatek.com\/es\/wp-json\/wp\/v2\/pages\/4613","targetHints":{"allow":["GET"]}}],"collection":[{"href":"https:\/\/www.thermoplongeurs-galvatek.com\/es\/wp-json\/wp\/v2\/pages"}],"about":[{"href":"https:\/\/www.thermoplongeurs-galvatek.com\/es\/wp-json\/wp\/v2\/types\/page"}],"author":[{"embeddable":true,"href":"https:\/\/www.thermoplongeurs-galvatek.com\/es\/wp-json\/wp\/v2\/users\/1"}],"replies":[{"embeddable":true,"href":"https:\/\/www.thermoplongeurs-galvatek.com\/es\/wp-json\/wp\/v2\/comments?post=4613"}],"version-history":[{"count":0,"href":"https:\/\/www.thermoplongeurs-galvatek.com\/es\/wp-json\/wp\/v2\/pages\/4613\/revisions"}],"wp:attachment":[{"href":"https:\/\/www.thermoplongeurs-galvatek.com\/es\/wp-json\/wp\/v2\/media?parent=4613"}],"curies":[{"name":"wp","href":"https:\/\/api.w.org\/{rel}","templated":true}]}}