{"id":4578,"date":"2025-04-16T12:15:08","date_gmt":"2025-04-16T10:15:08","guid":{"rendered":"https:\/\/www.thermoplongeurs-galvatek.com\/aviso-legal\/"},"modified":"2025-09-29T10:18:51","modified_gmt":"2025-09-29T08:18:51","slug":"aviso-legal","status":"publish","type":"page","link":"https:\/\/www.thermoplongeurs-galvatek.com\/es\/aviso-legal\/","title":{"rendered":"Aviso legal"},"content":{"rendered":"<div class=\"wpb-content-wrapper\"><p>[vc_row row_height_percent=&#8221;0&#8243; override_padding=&#8221;yes&#8221; h_padding=&#8221;0&#8243; top_padding=&#8221;0&#8243; bottom_padding=&#8221;0&#8243; overlay_alpha=&#8221;50&#8243; gutter_size=&#8221;3&#8243; column_width_percent=&#8221;100&#8243; shift_y=&#8221;0&#8243; z_index=&#8221;0&#8243; content_parallax=&#8221;0&#8243; uncode_shortcode_id=&#8221;213890&#8243; css=&#8221;.vc_custom_1741280161418{padding-top: 83px !important;padding-bottom: 58px !important;}&#8221; el_id=&#8221;pl_pr_mobile&#8221; el_class=&#8221;pt_0_mobile&#8221;][vc_column column_width_percent=&#8221;100&#8243; gutter_size=&#8221;0&#8243; override_padding=&#8221;yes&#8221; column_padding=&#8221;0&#8243; overlay_alpha=&#8221;50&#8243; shift_x=&#8221;0&#8243; shift_y=&#8221;0&#8243; shift_y_down=&#8221;0&#8243; z_index=&#8221;0&#8243; medium_width=&#8221;0&#8243; mobile_width=&#8221;0&#8243; width=&#8221;1\/1&#8243; uncode_shortcode_id=&#8221;175168&#8243; el_class=&#8221;faq_section&#8221;][vc_column_text uncode_shortcode_id=&#8221;901629&#8243; css=&#8221;.vc_custom_1744798364524{margin-left: 59px !important;}&#8221; el_class=&#8221;h1_highlight&#8221;]<\/p>\n<h1>Aviso legal<\/h1>\n<p>[\/vc_column_text][\/vc_column][\/vc_row][vc_row row_height_percent=&#8221;0&#8243; override_padding=&#8221;yes&#8221; h_padding=&#8221;0&#8243; top_padding=&#8221;0&#8243; bottom_padding=&#8221;0&#8243; overlay_alpha=&#8221;50&#8243; gutter_size=&#8221;3&#8243; column_width_percent=&#8221;100&#8243; shift_y=&#8221;0&#8243; z_index=&#8221;0&#8243; content_parallax=&#8221;0&#8243; uncode_shortcode_id=&#8221;139558&#8243; css=&#8221;.vc_custom_1741181137188{margin-top: 20px !important;margin-bottom: 20px !important;}&#8221; el_id=&#8221;pl_pr_mobile&#8221;][vc_column column_width_percent=&#8221;100&#8243; gutter_size=&#8221;0&#8243; override_padding=&#8221;yes&#8221; column_padding=&#8221;0&#8243; overlay_alpha=&#8221;50&#8243; shift_x=&#8221;0&#8243; shift_y=&#8221;0&#8243; shift_y_down=&#8221;0&#8243; z_index=&#8221;0&#8243; medium_width=&#8221;0&#8243; mobile_width=&#8221;0&#8243; width=&#8221;1\/1&#8243; uncode_shortcode_id=&#8221;299914&#8243; css=&#8221;.vc_custom_1744798553170{padding-bottom: 60px !important;padding-left: 23px !important;}&#8221; el_class=&#8221;pl_pr_mobile&#8221;][vc_column_text uncode_shortcode_id=&#8221;323076&#8243;]<b>Definiciones<\/b><\/p>\n<p><b>Contenido:<\/b> Conjunto de elementos que constituyen la informaci\u00f3n presente en el Sitio, incluyendo textos, im\u00e1genes y v\u00eddeos.<\/p>\n<p>&nbsp;<\/p>\n<p><b>Cookie:<\/b> archivo de informaci\u00f3n enviado al navegador del Usuario y almacenado en el terminal del Usuario<\/p>\n<p>&nbsp;<\/p>\n<p><b>Datos Personales:<\/b> &#8220;La informaci\u00f3n que permite, bajo cualquier forma, directa o indirectamente, la identificaci\u00f3n de las personas f\u00edsicas a las que se aplica&#8221; (art\u00edculo 4 de la ley n\u00b0 78-17 del 6 de enero de 1978).<\/p>\n<p>Los t\u00e9rminos &#8220;datos de car\u00e1cter personal&#8221;, &#8220;persona interesada&#8221;, &#8220;subcontratista&#8221; y &#8220;datos sensibles&#8221; tienen el significado definido por el Reglamento General de Protecci\u00f3n de Datos (RGPD: n\u00b0 2016-679)<\/p>\n<p>&nbsp;<\/p>\n<p><b>Usuario:<\/b> todo profesional, persona f\u00edsica capaz en el sentido del C\u00f3digo Civil, o persona jur\u00eddica, que visita el Sitio objeto de las presentes condiciones generales.<\/p>\n<p>&nbsp;<\/p>\n<p><b>Sitio:<\/b> se refiere al sitio web objeto de las presentes condiciones generales, accesible en la siguiente direcci\u00f3n: <a href=\"https:\/\/www.thermoplongeurs-galvatek.com\/fr\">https:\/\/www.thermoplongeurs-galvatek.com\/fr<\/a><\/p>\n<p>&nbsp;<\/p>\n<ol>\n<li><b> Presentaci\u00f3n del Sitio<\/b><\/li>\n<\/ol>\n<p>En virtud del art\u00edculo 6 de la ley n\u00b0 2004-575 del 21 de junio de 2004 para la confianza en la econom\u00eda digital, se informa a los usuarios del Sitio sobre la identidad de los diferentes intervinientes en el marco de su realizaci\u00f3n y seguimiento:<\/p>\n<p>&nbsp;<\/p>\n<p><b>Propietario<\/b>: SAS Galvatek Capital social de 37.000,00\u20ac N\u00famero de IVA: 340 180 587 00032 \u2013 9, rue de la Tour-Mesnil-Renard 78270 BONNIERES SUR SEINE<\/p>\n<p><b>Responsable de publicaci\u00f3n<\/b>: Fran\u00e7oise Aubert \u2013 francoise.aubert@galvatek.fr<\/p>\n<p><b>Webmaster<\/b>: Idealcoms \u2013 info@idealcoms.net<\/p>\n<p><b>Alojamiento<\/b>: ovh \u2013 2 rue Kellermann 59100 Roubaix 1007<\/p>\n<p>&nbsp;<\/p>\n<ol start=\"2\">\n<li><b> Condiciones generales de uso del Sitio y de los Servicios ofrecidos.<\/b><\/li>\n<\/ol>\n<p>El Sitio constituye una obra del intelecto protegida por las disposiciones del C\u00f3digo de Propiedad Intelectual y las regulaciones internacionales aplicables. El Usuario no puede, bajo ninguna circunstancia, reutilizar, ceder o explotar por su propia cuenta todo o parte de los elementos o trabajos del Sitio. <\/p>\n<p>&nbsp;<\/p>\n<p>El uso del Sitio implica la aceptaci\u00f3n plena y completa de las condiciones generales de uso aqu\u00ed descritas. Estas condiciones de uso est\u00e1n sujetas a modificaciones o adiciones en cualquier momento, por lo que se invita a los Usuarios a consultarlas regularmente.  <\/p>\n<p>&nbsp;<\/p>\n<p>El Sitio es normalmente accesible a los Usuarios en todo momento. Sin embargo, Galvatek puede decidir una interrupci\u00f3n por razones de mantenimiento t\u00e9cnico, en cuyo caso se esforzar\u00e1 por comunicar previamente a los Usuarios las fechas y horas de la intervenci\u00f3n. El Sitio se actualiza regularmente. De la misma manera, el aviso legal puede ser modificado en cualquier momento: se impone al Usuario, quien est\u00e1 invitado a referirse a \u00e9l lo m\u00e1s frecuentemente posible para tomar conocimiento.   <\/p>\n<p>&nbsp;<\/p>\n<ol start=\"3\">\n<li><b> Descripci\u00f3n de los servicios<\/b><\/li>\n<\/ol>\n<p>El Sitio tiene como objetivo proporcionar informaci\u00f3n sobre el conjunto de actividades de la empresa. Galvatek se esfuerza por proporcionar en el Sitio informaci\u00f3n lo m\u00e1s precisa posible. Sin embargo, no podr\u00e1 ser considerada responsable de las omisiones, inexactitudes y carencias en la actualizaci\u00f3n, ya sean de su parte o de terceros socios que le proporcionan esta informaci\u00f3n.  <\/p>\n<p>&nbsp;<\/p>\n<p>Toda la informaci\u00f3n indicada en el Sitio se proporciona a t\u00edtulo indicativo y est\u00e1 sujeta a cambios. Adem\u00e1s, la informaci\u00f3n que figura en el Sitio no es exhaustiva. Est\u00e1 sujeta a modificaciones que pueden haber sido realizadas desde su publicaci\u00f3n en l\u00ednea.  <\/p>\n<p>&nbsp;<\/p>\n<ol start=\"4\">\n<li><b> Limitaciones contractuales sobre los datos t\u00e9cnicos.<\/b><\/li>\n<\/ol>\n<p>El Sitio utiliza la tecnolog\u00eda JavaScript. Galvatek no podr\u00e1 ser considerada responsable de los da\u00f1os materiales relacionados con el uso del Sitio. Adem\u00e1s, el Usuario se compromete a acceder al Sitio utilizando un equipo reciente, libre de virus y con un navegador de \u00faltima generaci\u00f3n actualizado. El Sitio est\u00e1 alojado en un proveedor en el territorio de la Uni\u00f3n Europea de conformidad con las disposiciones del Reglamento General de Protecci\u00f3n de Datos (RGPD: n\u00b0 2016-679).   <\/p>\n<p>&nbsp;<\/p>\n<p>El objetivo es proporcionar un servicio que garantice el mejor nivel de accesibilidad. El alojamiento asegura la continuidad de su servicio 24 horas al d\u00eda, todos los d\u00edas del a\u00f1o. Sin embargo, se reserva la posibilidad de interrumpir el servicio de alojamiento por los per\u00edodos m\u00e1s breves posibles, especialmente con fines de mantenimiento, mejora de sus infraestructuras, fallo de sus infraestructuras o si las Prestaciones y Servicios generan un tr\u00e1fico considerado anormal.  <\/p>\n<p>&nbsp;<\/p>\n<p>Galvatek y el alojamiento no podr\u00e1n ser considerados responsables en caso de mal funcionamiento de la red de Internet, de las l\u00edneas telef\u00f3nicas o del equipo inform\u00e1tico y de telefon\u00eda relacionado, en particular, con la congesti\u00f3n de la red que impida el acceso al servidor.<\/p>\n<p>&nbsp;<\/p>\n<ol start=\"5\">\n<li><b> Propiedad intelectual y falsificaciones.<\/b><\/li>\n<\/ol>\n<p>Galvatek es propietaria de los derechos de propiedad intelectual y posee los derechos de uso sobre todos los elementos accesibles en el Sitio, especialmente los textos, im\u00e1genes, gr\u00e1ficos, logotipos, v\u00eddeos, iconos y sonidos. Cualquier reproducci\u00f3n, representaci\u00f3n, modificaci\u00f3n, publicaci\u00f3n, adaptaci\u00f3n de todo o parte de los elementos del Sitio, cualquiera que sea el medio o proceso utilizado, est\u00e1 prohibida, salvo autorizaci\u00f3n previa por escrito de GALVATEK. <\/p>\n<p>&nbsp;<\/p>\n<p>Cualquier explotaci\u00f3n no autorizada del Sitio o de cualquiera de los elementos que contiene ser\u00e1 considerada como constitutiva de una infracci\u00f3n y perseguida, especialmente de acuerdo con las disposiciones de los art\u00edculos L. 335-2 y siguientes del C\u00f3digo de Propiedad Intelectual.<\/p>\n<ol start=\"6\">\n<li><b> Limitaciones de responsabilidad.<\/b><\/li>\n<\/ol>\n<p>Galvatek act\u00faa como editor del sitio. Galvatek es responsable de la calidad y veracidad del Contenido que publica. <\/p>\n<p>&nbsp;<\/p>\n<p>Galvatek no podr\u00e1 ser considerada responsable de los da\u00f1os directos e indirectos causados al equipo del Usuario, al acceder al sitio web Galvatek, y resultantes ya sea del uso de un equipo que no cumpla con las especificaciones indicadas en el punto 4, o de la aparici\u00f3n de un error o incompatibilidad.<\/p>\n<p>&nbsp;<\/p>\n<p>Galvatek tampoco podr\u00e1 ser considerada responsable de los da\u00f1os indirectos (tales como p\u00e9rdida de mercado o p\u00e9rdida de una oportunidad) consecuentes al uso del Sitio. Se ponen a disposici\u00f3n de los Usuarios espacios interactivos (posibilidad de hacer preguntas en el espacio de contacto). Galvatek se reserva el derecho de eliminar, sin previo aviso, cualquier contenido depositado en este espacio que contravenga la legislaci\u00f3n aplicable en Francia, en particular las disposiciones relativas a la protecci\u00f3n de datos. En su caso, Galvatek tambi\u00e9n se reserva la posibilidad de cuestionar la responsabilidad civil y\/o penal del Usuario, especialmente en caso de mensaje de car\u00e1cter racista, injurioso, difamatorio, o pornogr\u00e1fico, cualquiera que sea el soporte utilizado (texto, fotograf\u00eda&#8230;).   <\/p>\n<p>&nbsp;<\/p>\n<ol start=\"7\">\n<li><b> Gesti\u00f3n de Datos Personales.<\/b><\/li>\n<\/ol>\n<p>Se informa al Cliente de las regulaciones relativas a la comunicaci\u00f3n de marketing, la ley del 21 de junio de 2014 para la confianza en la Econom\u00eda Digital, la Ley de Protecci\u00f3n de Datos del 06 de agosto de 2004, as\u00ed como del Reglamento General de Protecci\u00f3n de Datos (RGPD: n\u00b0 2016-679).<\/p>\n<p>&nbsp;<\/p>\n<p><b>7.1 Responsables de la recopilaci\u00f3n de datos personales<\/b><\/p>\n<p>Para los Datos Personales recopilados en el marco de la creaci\u00f3n de la cuenta personal del Usuario y de su navegaci\u00f3n en el Sitio, el responsable del tratamiento de los Datos Personales es: Galvatek. Galvatek est\u00e1 representada por David Kalisiak, su representante legal. <\/p>\n<p>&nbsp;<\/p>\n<p>Como responsable del tratamiento de los datos que recopila, Galvatek se compromete a respetar el marco de las disposiciones legales vigentes. En particular, le corresponde al Usuario establecer los fines de sus tratamientos de datos, proporcionar a sus prospectos y clientes, a partir de la recopilaci\u00f3n de sus consentimientos, una informaci\u00f3n completa sobre el tratamiento de sus datos personales y mantener un registro de los tratamientos conforme a la realidad. Cada vez que Galvatek trata Datos Personales, Galvatek toma todas las medidas razonables para garantizar la exactitud y pertinencia de los Datos Personales con respecto a los fines para los que Galvatek los trata.  <\/p>\n<p>&nbsp;<\/p>\n<p><b>7.2 Finalidad de los datos recopilados<\/b><\/p>\n<p>Galvatek es susceptible de tratar todo o parte de los datos:<\/p>\n<ul>\n<li aria-level=\"1\">para permitir la navegaci\u00f3n en el Sitio y la gesti\u00f3n y trazabilidad de las prestaciones y servicios solicitados por el Usuario: datos de conexi\u00f3n y de uso del Sitio, facturaci\u00f3n, historial de pedidos, etc.<\/li>\n<li aria-level=\"1\">para prevenir y luchar contra el fraude inform\u00e1tico (spam, hacking&#8230;): equipo inform\u00e1tico utilizado para la navegaci\u00f3n, direcci\u00f3n IP, contrase\u00f1a (hash)<\/li>\n<li aria-level=\"1\">para mejorar la navegaci\u00f3n en el Sitio: datos de conexi\u00f3n y de uso<\/li>\n<li aria-level=\"1\">para realizar encuestas de satisfacci\u00f3n opcionales en el Sitio: direcci\u00f3n de correo electr\u00f3nico<\/li>\n<li aria-level=\"1\">para realizar campa\u00f1as de comunicaci\u00f3n (sms, correo electr\u00f3nico): n\u00famero de tel\u00e9fono, direcci\u00f3n de correo electr\u00f3nico<\/li>\n<\/ul>\n<p>&nbsp;<\/p>\n<p>Galvatek no comercializa sus Datos Personales que, por lo tanto, solo se utilizan por necesidad o para fines estad\u00edsticos y de an\u00e1lisis.<\/p>\n<p>&nbsp;<\/p>\n<p><b>7.3 Derecho de acceso, rectificaci\u00f3n y oposici\u00f3n<\/b><\/p>\n<p>De acuerdo con la normativa europea vigente, los Usuarios del Sitio disponen de los siguientes derechos:<\/p>\n<ul>\n<li aria-level=\"1\">derecho de acceso (art\u00edculo 15 RGPD) y de rectificaci\u00f3n (art\u00edculo 16 RGPD), de actualizaci\u00f3n, de completitud de los datos de los Usuarios, derecho de bloqueo o eliminaci\u00f3n de los datos de car\u00e1cter personal de los Usuarios (art\u00edculo 17 del RGPD), cuando son inexactos, incompletos, equ\u00edvocos, obsoletos, o cuya recopilaci\u00f3n, uso, comunicaci\u00f3n o conservaci\u00f3n est\u00e1 prohibida<\/li>\n<li aria-level=\"1\">derecho de retirar en cualquier momento un consentimiento (art\u00edculo 13-2c RGPD)<\/li>\n<li aria-level=\"1\">derecho a la limitaci\u00f3n del tratamiento de los datos de los Usuarios (art\u00edculo 18 RGPD)<\/li>\n<li aria-level=\"1\">derecho de oposici\u00f3n al tratamiento de los datos de los Usuarios (art\u00edculo 21 RGPD)<\/li>\n<li aria-level=\"1\">derecho a la portabilidad de los datos que los Usuarios han proporcionado, cuando estos datos son objeto de tratamientos automatizados basados en su consentimiento o en un contrato (art\u00edculo 20 RGPD)<\/li>\n<li aria-level=\"1\">derecho de definir el destino de los datos de los Usuarios despu\u00e9s de su muerte y de elegir a qui\u00e9n Galvatek deber\u00e1 comunicar (o no) sus datos a un tercero que hayan designado previamente<\/li>\n<\/ul>\n<p>&nbsp;<\/p>\n<p>Tan pronto como Galvatek tenga conocimiento del fallecimiento de un Usuario y a falta de instrucciones de su parte, Galvatek se compromete a destruir sus datos, salvo si su conservaci\u00f3n es necesaria para fines probatorios o para cumplir con una obligaci\u00f3n legal.<\/p>\n<p>&nbsp;<\/p>\n<p>Si el Usuario desea saber c\u00f3mo Galvatek utiliza sus Datos Personales, solicitar su rectificaci\u00f3n o oponerse a su tratamiento, el Usuario puede contactar a Galvatek por escrito a la siguiente direcci\u00f3n:<\/p>\n<p>&nbsp;<\/p>\n<p>Galvatek \u2013 David Kalisiak<\/p>\n<p>9, rue de la Tour-Mesnil-Renard 78270 BONNIERES SUR SEINE.<\/p>\n<p>&nbsp;<\/p>\n<p>En este caso, el Usuario debe indicar los Datos Personales que desear\u00eda que Galvatek corrigiera, actualizara o suprimiera, identific\u00e1ndose con precisi\u00f3n con una copia de un documento de identidad (documento nacional de identidad o pasaporte).<\/p>\n<p>&nbsp;<\/p>\n<p>Las solicitudes de supresi\u00f3n de Datos Personales estar\u00e1n sujetas a las obligaciones que se imponen a Galvatek por ley, especialmente en materia de conservaci\u00f3n o archivo de documentos. Por \u00faltimo, los Usuarios de Galvatek pueden presentar una reclamaci\u00f3n ante las autoridades de control, y en particular ante la CNIL (<a href=\"https:\/\/www.cnil.fr\/fr\/plaintes\">https:\/\/www.cnil.fr\/fr\/plaintes<\/a>). <\/p>\n<p>&nbsp;<\/p>\n<p><b>7.4 No comunicaci\u00f3n de los Datos Personales<\/b><\/p>\n<p>Galvatek se proh\u00edbe tratar, alojar o transferir la Informaci\u00f3n recopilada sobre sus Usuarios a un pa\u00eds situado fuera de la Uni\u00f3n Europea o reconocido como &#8220;no adecuado&#8221; por la Comisi\u00f3n Europea sin informar previamente al Usuario. Sin embargo, Galvatek sigue siendo libre de elegir a sus subcontratistas t\u00e9cnicos y comerciales con la condici\u00f3n de que presenten las garant\u00edas suficientes con respecto a los requisitos del Reglamento General de Protecci\u00f3n de Datos (RGPD: n\u00b0 2016-679). <\/p>\n<p>&nbsp;<\/p>\n<p>Galvatek se compromete a tomar todas las precauciones necesarias para preservar la seguridad de los Datos Personales y, en particular, que no sean comunicados a personas no autorizadas. Sin embargo, si se produce un incidente que afecte a la integridad o la confidencialidad de los Datos Personales del Usuario, Galvatek se compromete a informar al Usuario lo antes posible y a comunicarle las medidas correctivas adoptadas. Adem\u00e1s, Galvatek no recopila ning\u00fan &#8220;dato sensible&#8221;.  <\/p>\n<p>&nbsp;<\/p>\n<p>Los Datos Personales del Usuario pueden ser tratados por filiales de Galvatek y subcontratistas (proveedores de servicios), exclusivamente para realizar las finalidades de la presente pol\u00edtica.<\/p>\n<p>&nbsp;<\/p>\n<p>Dentro de los l\u00edmites de sus respectivas atribuciones y para los fines recordados anteriormente, las principales personas susceptibles de tener acceso a los Datos Personales de los Usuarios son principalmente los agentes de nuestro servicio de atenci\u00f3n al cliente.<\/p>\n<p>&nbsp;<\/p>\n<p><b>7.5 Tipos de datos recopilados<\/b><\/p>\n<h3><b>A &#8211; datos recopilados en el marco de la navegaci\u00f3n por el sitio<\/b><\/h3>\n<p>La consulta del Sitio no requiere inscripci\u00f3n ni identificaci\u00f3n obligatoria. Puede efectuarse sin que el Usuario comunique datos nominativos que le conciernan (nombre, apellido, direcci\u00f3n, etc.). <\/p>\n<p>&nbsp;<\/p>\n<p>Los Datos Personales esenciales recopilados a este nivel consisten en una cookie ID que es un identificador \u00fanico para cada sesi\u00f3n que asegura el buen funcionamiento y la seguridad del Sitio.<\/p>\n<p>&nbsp;<\/p>\n<h3><b>B &#8211; Datos recopilados y tratados en el marco de la relaci\u00f3n comercial<\/b><\/h3>\n<p>Galvatek recopila los Datos Personales del Usuario sobre la base de su inter\u00e9s leg\u00edtimo y para la siguiente finalidad: al crear una cuenta de cliente tras la solicitud del Usuario para la realizaci\u00f3n de un presupuesto o de un pedido.<\/p>\n<p>&nbsp;<\/p>\n<ul>\n<li aria-level=\"1\">Nombre de la empresa<\/li>\n<li aria-level=\"1\">Nombre y apellido del contacto<\/li>\n<li aria-level=\"1\">Direcci\u00f3n de facturaci\u00f3n<\/li>\n<li aria-level=\"1\">Direcci\u00f3n de entrega<\/li>\n<li aria-level=\"1\">N\u00famero de tel\u00e9fono<\/li>\n<li aria-level=\"1\">Direcci\u00f3n de correo electr\u00f3nico<\/li>\n<li aria-level=\"1\">SIRET<\/li>\n<\/ul>\n<p>&nbsp;<\/p>\n<p>Si el Usuario no desea someter Datos Personales cuando estos son necesarios para la ejecuci\u00f3n de un contrato o de un servicio que usted solicita, o cuando son requeridos por la ley, no podr\u00e1 recibir el producto o el servicio solicitado.<\/p>\n<p>&nbsp;<\/p>\n<p>Las informaciones que el Usuario puede comunicar por medio del formulario de contacto en el Sitio permiten a Galvatek de:<\/p>\n<ul>\n<li aria-level=\"1\">Tramitar las preguntas o solicitudes de informaci\u00f3n de los Usuarios,<\/li>\n<li aria-level=\"1\">Informarles sobre los productos y servicios,<\/li>\n<li aria-level=\"1\">Dirigirles, bajo reserva de su acuerdo, una newsletter o mensajes de car\u00e1cter publicitario o de prospecci\u00f3n comercial,<\/li>\n<li aria-level=\"1\">Proponerles participar en encuestas de satisfacci\u00f3n<\/li>\n<\/ul>\n<p>&nbsp;<\/p>\n<p>El Usuario dispone de un derecho de acceso, de rectificaci\u00f3n, de portabilidad, de modificaci\u00f3n y de supresi\u00f3n concerniente a los datos que les conciernen. Pueden ejercer este derecho enviando un correo a la siguiente direcci\u00f3n: <a href=\"mailto:info@galvatek.fr\">info@galvatek.fr<\/a>. <\/p>\n<p>&nbsp;<\/p>\n<p>Las informaciones indispensables para Galvatek para cumplir las misiones descritas anteriormente est\u00e1n se\u00f1aladas con un asterisco en las diferentes p\u00e1ginas del sitio. Las dem\u00e1s informaciones tienen un car\u00e1cter facultativo y permiten a Galvatek conocer mejor a los Usuarios y mejorar las comunicaciones y servicios a su respecto. <\/p>\n<p>&nbsp;<\/p>\n<ol start=\"8\">\n<li><b> Notificaci\u00f3n de incidente<\/b><\/li>\n<\/ol>\n<p>Cualesquiera que sean los esfuerzos proporcionados, ning\u00fan m\u00e9todo de transmisi\u00f3n en Internet y ning\u00fan m\u00e9todo de almacenamiento electr\u00f3nico es completamente seguro. Galvatek no puede en consecuencia garantizar una seguridad absoluta. Si Galvatek tuviera conocimiento de una brecha de la seguridad, advertir\u00eda a los Usuarios concernidos a fin de que puedan tomar las medidas apropiadas. Los procedimientos de notificaci\u00f3n de incidente tienen en cuenta las obligaciones legales, ya se sit\u00faen a nivel nacional o europeo. Galvatek se compromete a informar plenamente a los Usuarios de todas las cuestiones relevantes de la seguridad de su cuenta y a proporcionarles todas las informaciones necesarias para ayudarles a respetar sus propias obligaciones reglamentarias en materia de reporting.    <\/p>\n<p>&nbsp;<\/p>\n<p>Ning\u00fan Dato Personal es publicado a la ignorancia del Usuario, intercambiado, transferido, cedido o vendido sobre un soporte cualquiera a terceros. Solo la hip\u00f3tesis de la compra de Galvatek y de sus derechos permitir\u00eda la transmisi\u00f3n de dichas informaciones al eventual adquirente que estar\u00eda a su vez obligado a la misma obligaci\u00f3n de conservaci\u00f3n y de modificaci\u00f3n de los Datos Personales con respecto al Usuario. <\/p>\n<p>&nbsp;<\/p>\n<p><b>Seguridad<\/b><\/p>\n<p>Para asegurar la seguridad y la confidencialidad de los Datos Personales, Galvatek utiliza redes protegidas por dispositivos est\u00e1ndar tales como el cortafuegos, la seudonimizaci\u00f3n, la encriptaci\u00f3n y la contrase\u00f1a.<\/p>\n<p>&nbsp;<\/p>\n<p>Durante el tratamiento de los Datos Personales, Galvatek toma todas las medidas razonables destinadas a protegerlos contra cualquier p\u00e9rdida, uso indebido, acceso no autorizado, divulgaci\u00f3n, alteraci\u00f3n o destrucci\u00f3n.<\/p>\n<p>&nbsp;<\/p>\n<ol start=\"9\">\n<li><b>  Enlaces de hipertexto, Cookies y etiquetas (&#8220;tags&#8221;) de internet<\/b><\/li>\n<\/ol>\n<p><b>9.1. Enlaces de hipertexto<\/b><\/p>\n<p>&nbsp;<\/p>\n<p>El Sitio contiene un cierto n\u00famero de enlaces de hipertexto hacia otros sitios de Internet, establecidos con la autorizaci\u00f3n de Galvatek. Sin embargo, Galvatek no tiene la posibilidad de verificar el contenido de los sitios as\u00ed visitados, y no asumir\u00e1 en consecuencia ninguna responsabilidad por este hecho. <\/p>\n<p>&nbsp;<\/p>\n<p><b>9.2. Cookies<\/b><\/p>\n<p>Las Cookies incluyen informaci\u00f3n tal como el nombre de dominio del Usuario, el proveedor de acceso a Internet del Usuario, el sistema operativo del Usuario, as\u00ed como la fecha y hora de acceso. Las Cookies no corren en ning\u00fan caso el riesgo de da\u00f1ar el terminal del Usuario. <\/p>\n<p>&nbsp;<\/p>\n<p>El Usuario tiene la posibilidad de rechazar la presencia de Cookies en su terminal a trav\u00e9s del m\u00f3dulo previsto para tal efecto.<\/p>\n<ol start=\"10\">\n<li><b>  Derecho aplicable y atribuci\u00f3n de jurisdicci\u00f3n.<\/b><\/li>\n<\/ol>\n<p>Todo litigio en relaci\u00f3n con la utilizaci\u00f3n del Sitio est\u00e1 sometido al derecho franc\u00e9s. Fuera de los casos en que la ley no lo permita, se hace atribuci\u00f3n exclusiva de jurisdicci\u00f3n a los tribunales competentes de Versalles. [\/vc_column_text][\/vc_column][\/vc_row]<\/p>\n<\/div>","protected":false},"excerpt":{"rendered":"<p>[vc_row row_height_percent=&#8221;0&#8243; override_padding=&#8221;yes&#8221; h_padding=&#8221;0&#8243; top_padding=&#8221;0&#8243; bottom_padding=&#8221;0&#8243; overlay_alpha=&#8221;50&#8243; gutter_size=&#8221;3&#8243; column_width_percent=&#8221;100&#8243; shift_y=&#8221;0&#8243; z_index=&#8221;0&#8243; content_parallax=&#8221;0&#8243; uncode_shortcode_id=&#8221;213890&#8243; css=&#8221;.vc_custom_1741280161418{padding-top: 83px !important;padding-bottom: 58px !important;}&#8221; el_id=&#8221;pl_pr_mobile&#8221; el_class=&#8221;pt_0_mobile&#8221;][vc_column [&hellip;]<\/p>\n","protected":false},"author":5,"featured_media":0,"parent":0,"menu_order":0,"comment_status":"closed","ping_status":"closed","template":"","meta":{"_acf_changed":false,"_seopress_robots_primary_cat":"","_seopress_titles_title":"%%post_title%% %%sep%% %%sitetitle%%","_seopress_titles_desc":"Lee los avisos legales del sitio web de Galvatek: editor, propiedad intelectual, condiciones de uso e informaci\u00f3n del RGPD sobre protecci\u00f3n de datos.","_seopress_robots_index":"","footnotes":""},"class_list":["post-4578","page","type-page","status-publish"],"acf":[],"_links":{"self":[{"href":"https:\/\/www.thermoplongeurs-galvatek.com\/es\/wp-json\/wp\/v2\/pages\/4578","targetHints":{"allow":["GET"]}}],"collection":[{"href":"https:\/\/www.thermoplongeurs-galvatek.com\/es\/wp-json\/wp\/v2\/pages"}],"about":[{"href":"https:\/\/www.thermoplongeurs-galvatek.com\/es\/wp-json\/wp\/v2\/types\/page"}],"author":[{"embeddable":true,"href":"https:\/\/www.thermoplongeurs-galvatek.com\/es\/wp-json\/wp\/v2\/users\/5"}],"replies":[{"embeddable":true,"href":"https:\/\/www.thermoplongeurs-galvatek.com\/es\/wp-json\/wp\/v2\/comments?post=4578"}],"version-history":[{"count":0,"href":"https:\/\/www.thermoplongeurs-galvatek.com\/es\/wp-json\/wp\/v2\/pages\/4578\/revisions"}],"wp:attachment":[{"href":"https:\/\/www.thermoplongeurs-galvatek.com\/es\/wp-json\/wp\/v2\/media?parent=4578"}],"curies":[{"name":"wp","href":"https:\/\/api.w.org\/{rel}","templated":true}]}}