{"id":4387,"date":"2025-04-15T14:53:34","date_gmt":"2025-04-15T12:53:34","guid":{"rendered":"https:\/\/www.thermoplongeurs-galvatek.com\/termosumergibles-industriales\/termosumergibles-de-pared-de-deposito\/"},"modified":"2025-09-29T10:40:56","modified_gmt":"2025-09-29T08:40:56","slug":"termosumergibles-de-pared-de-deposito","status":"publish","type":"page","link":"https:\/\/www.thermoplongeurs-galvatek.com\/es\/termosumergibles-industriales\/termosumergibles-de-pared-de-deposito\/","title":{"rendered":"Termosumergibles de pared de dep\u00f3sito"},"content":{"rendered":"<div class=\"wpb-content-wrapper\"><p>[vc_row row_height_percent=&#8221;0&#8243; override_padding=&#8221;yes&#8221; h_padding=&#8221;0&#8243; top_padding=&#8221;0&#8243; bottom_padding=&#8221;0&#8243; overlay_alpha=&#8221;50&#8243; gutter_size=&#8221;3&#8243; column_width_percent=&#8221;100&#8243; shift_y=&#8221;0&#8243; z_index=&#8221;0&#8243; content_parallax=&#8221;0&#8243; uncode_shortcode_id=&#8221;828706&#8243; css=&#8221;.vc_custom_1741268286748{margin-top: 41px !important;margin-bottom: 20px !important;}&#8221; el_id=&#8221;pl_pr_mobile&#8221;][vc_column column_width_percent=&#8221;100&#8243; gutter_size=&#8221;0&#8243; override_padding=&#8221;yes&#8221; column_padding=&#8221;0&#8243; overlay_alpha=&#8221;50&#8243; shift_x=&#8221;0&#8243; shift_y=&#8221;0&#8243; shift_y_down=&#8221;0&#8243; z_index=&#8221;0&#8243; medium_width=&#8221;0&#8243; mobile_width=&#8221;0&#8243; width=&#8221;1\/1&#8243; uncode_shortcode_id=&#8221;108032&#8243; css=&#8221;.vc_custom_1741181620872{padding-left: 23px !important;}&#8221; el_class=&#8221;pl_pr_mobile&#8221;][uncode_breadcrumbs separator=&#8221;triangle&#8221; el_class=&#8221;categorie_breadcrums&#8221;][\/vc_column][\/vc_row][vc_row row_height_percent=&#8221;0&#8243; override_padding=&#8221;yes&#8221; h_padding=&#8221;0&#8243; top_padding=&#8221;0&#8243; bottom_padding=&#8221;0&#8243; overlay_alpha=&#8221;50&#8243; gutter_size=&#8221;3&#8243; column_width_percent=&#8221;100&#8243; shift_y=&#8221;0&#8243; z_index=&#8221;0&#8243; content_parallax=&#8221;0&#8243; uncode_shortcode_id=&#8221;213890&#8243; css=&#8221;.vc_custom_1741280161418{padding-top: 83px !important;padding-bottom: 58px !important;}&#8221; el_id=&#8221;pl_pr_mobile&#8221; el_class=&#8221;pt_0_mobile&#8221;][vc_column column_width_percent=&#8221;100&#8243; gutter_size=&#8221;0&#8243; override_padding=&#8221;yes&#8221; column_padding=&#8221;0&#8243; overlay_alpha=&#8221;50&#8243; shift_x=&#8221;0&#8243; shift_y=&#8221;0&#8243; shift_y_down=&#8221;0&#8243; z_index=&#8221;0&#8243; medium_width=&#8221;0&#8243; mobile_width=&#8221;0&#8243; width=&#8221;1\/1&#8243; uncode_shortcode_id=&#8221;175168&#8243; el_class=&#8221;faq_section&#8221;][vc_column_text uncode_shortcode_id=&#8221;235802&#8243; css=&#8221;.vc_custom_1749218550393{margin-left: 59px !important;}&#8221; el_class=&#8221;max_800 h1_highlight&#8221;]<\/p>\n<h1>Termocalentadores <span class=\"blue_highlight\">de pared de cuba<\/span><\/h1>\n<p>[\/vc_column_text][\/vc_column][\/vc_row][vc_row row_height_percent=&#8221;0&#8243; override_padding=&#8221;yes&#8221; h_padding=&#8221;0&#8243; top_padding=&#8221;0&#8243; bottom_padding=&#8221;0&#8243; overlay_alpha=&#8221;50&#8243; gutter_size=&#8221;3&#8243; column_width_percent=&#8221;100&#8243; shift_y=&#8221;0&#8243; z_index=&#8221;0&#8243; content_parallax=&#8221;0&#8243; uncode_shortcode_id=&#8221;125199&#8243; el_id=&#8221;pl_pr_mobile&#8221; css=&#8221;.vc_custom_1741593776252{margin-bottom: 69px !important;}&#8221; el_class=&#8221;mb_40_mobile&#8221;][vc_column column_width_percent=&#8221;100&#8243; gutter_size=&#8221;0&#8243; override_padding=&#8221;yes&#8221; column_padding=&#8221;0&#8243; overlay_alpha=&#8221;50&#8243; shift_x=&#8221;0&#8243; shift_y=&#8221;0&#8243; shift_y_down=&#8221;0&#8243; z_index=&#8221;0&#8243; medium_width=&#8221;0&#8243; mobile_width=&#8221;0&#8243; width=&#8221;1\/1&#8243; uncode_shortcode_id=&#8221;170023&#8243; el_class=&#8221;pl_pr_mobile max_900&#8243;][vc_column_text uncode_shortcode_id=&#8221;190631&#8243; css=&#8221;.vc_custom_1744721352117{margin-left: 59px !important;}&#8221; el_class=&#8221;max_900 intro_thermo&#8221;]Los termocalentadores industriales de pared de cuba de Galvatek son dispositivos de calefacci\u00f3n especialmente dise\u00f1ados para ser instalados en las paredes de las cubas industriales. Ofrecen una soluci\u00f3n eficaz para calentar diversos tipos de l\u00edquidos, adapt\u00e1ndose a las limitaciones de espacio y configuraci\u00f3n de las cubas.[\/vc_column_text][\/vc_column][\/vc_row][vc_row row_height_percent=&#8221;0&#8243; override_padding=&#8221;yes&#8221; h_padding=&#8221;0&#8243; top_padding=&#8221;0&#8243; bottom_padding=&#8221;0&#8243; overlay_alpha=&#8221;50&#8243; gutter_size=&#8221;3&#8243; column_width_percent=&#8221;100&#8243; shift_y=&#8221;0&#8243; z_index=&#8221;0&#8243; content_parallax=&#8221;0&#8243; uncode_shortcode_id=&#8221;666242&#8243; el_id=&#8221;pl_pr_mobile&#8221; css=&#8221;.vc_custom_1741600761323{margin-bottom: 122px !important;padding-right: 50px !important;}&#8221; el_class=&#8221;mb_0_mobile&#8221;][vc_column column_width_percent=&#8221;100&#8243; gutter_size=&#8221;0&#8243; override_padding=&#8221;yes&#8221; column_padding=&#8221;0&#8243; overlay_alpha=&#8221;50&#8243; shift_x=&#8221;0&#8243; shift_y=&#8221;0&#8243; shift_y_down=&#8221;0&#8243; z_index=&#8221;0&#8243; medium_width=&#8221;0&#8243; mobile_width=&#8221;0&#8243; width=&#8221;1\/1&#8243; uncode_shortcode_id=&#8221;102568&#8243; css=&#8221;.vc_custom_1741278978233{padding-right: 10px !important;padding-left: 62px !important;}&#8221; el_id=&#8221;h2_highlight&#8221; el_class=&#8221;pl_pr_mobile slider_products&#8221;][vc_column_text uncode_shortcode_id=&#8221;138793&#8243; el_class=&#8221;max_900&#8243;]<\/p>\n<h2>Nuestra gama de calentadores de inmersi\u00f3n de dep\u00f3sito <br style=\"height: 15px;\"><\/h2>\n<p>[\/vc_column_text][uncode_carousel_nav padding=&#8221;0&#8243; icon=&#8221;fa fa-arrow-right4&#8243; hide_dots=&#8221;yes&#8221; hide_counter=&#8221;yes&#8221; uncode_shortcode_id=&#8221;294487&#8243; el_class=&#8221;hide_mobile&#8221;][uncode_index el_id=&#8221;index-733677&#8243; index_type=&#8221;css_grid&#8221; loop=&#8221;size:All|order_by:date|post_type:product|tax_query:31|taxonomy_count:10&#8243; grid_items=&#8221;3&#8243; screen_lg_items=&#8221;3&#8243; screen_lg_breakpoint=&#8221;1000&#8243; screen_md_items=&#8221;2&#8243; screen_md_breakpoint=&#8221;600&#8243; screen_sm_items=&#8221;1&#8243; screen_sm_breakpoint=&#8221;480&#8243; gutter_size=&#8221;2&#8243; product_items=&#8221;media|featured|onpost|poster|hide-sale|inherit-atc|inherit-w-atc|atc-typo-default|hide-atc,title&#8221; single_overlay_opacity=&#8221;50&#8243; single_overlay_anim=&#8221;no&#8221; single_text_anim=&#8221;no&#8221; single_image_anim=&#8221;no&#8221; single_padding=&#8221;2&#8243; single_border=&#8221;yes&#8221; custom_order=&#8221;yes&#8221; uncode_shortcode_id=&#8221;233098&#8243; el_class=&#8221;slider_products&#8221; order_ids=&#8221;1084,1085,1086,1088,1089,1091,1093,1081,1083,1112,1074&#8243;][uncode_carousel_nav padding=&#8221;0&#8243; icon=&#8221;fa fa-arrow-right4&#8243; hide_dots=&#8221;yes&#8221; hide_counter=&#8221;yes&#8221; uncode_shortcode_id=&#8221;362243&#8243; el_class=&#8221;hide_desktop&#8221;][\/vc_column][\/vc_row][vc_row row_height_percent=&#8221;0&#8243; override_padding=&#8221;yes&#8221; h_padding=&#8221;0&#8243; top_padding=&#8221;0&#8243; bottom_padding=&#8221;0&#8243; back_color=&#8221;color-917352&#8243; overlay_alpha=&#8221;50&#8243; gutter_size=&#8221;3&#8243; column_width_percent=&#8221;100&#8243; shift_y=&#8221;0&#8243; z_index=&#8221;0&#8243; content_parallax=&#8221;0&#8243; uncode_shortcode_id=&#8221;102327&#8243; css=&#8221;.vc_custom_1741593971616{padding-top: 80px !important;padding-right: 118px !important;}&#8221; el_id=&#8221;pl_pr_mobile&#8221; back_color_type=&#8221;uncode-palette&#8221; el_class=&#8221;pt_50_mobile&#8221;][vc_column column_width_percent=&#8221;100&#8243; gutter_size=&#8221;0&#8243; override_padding=&#8221;yes&#8221; column_padding=&#8221;0&#8243; overlay_alpha=&#8221;50&#8243; shift_x=&#8221;0&#8243; shift_y=&#8221;0&#8243; shift_y_down=&#8221;0&#8243; z_index=&#8221;0&#8243; medium_width=&#8221;0&#8243; mobile_width=&#8221;0&#8243; width=&#8221;1\/1&#8243; uncode_shortcode_id=&#8221;103974&#8243; css=&#8221;.vc_custom_1741191661615{padding-left: 111px !important;}&#8221; el_class=&#8221;pl_pr_mobile&#8221;][vc_column_text text_color=&#8221;color-xsdn&#8221; uncode_shortcode_id=&#8221;156579&#8243; text_color_type=&#8221;uncode-palette&#8221; el_class=&#8221;h2_white&#8221; css=&#8221;.vc_custom_1744627442162{margin-bottom: 40px !important;}&#8221;]<\/p>\n<h2>Preguntas frecuentes<\/h2>\n<p>[\/vc_column_text][vc_accordion label_border=&#8221;yes&#8221; content_border=&#8221;yes&#8221; gutter_simple=&#8221;0&#8243; uncode_shortcode_id=&#8221;122941&#8243; el_class=&#8221;faq_white&#8221;][vc_accordion_tab gutter_size=&#8221;0&#8243; column_padding=&#8221;0&#8243; title=&#8221;\u00bfC\u00f3mo elegir el termocalentador de pared de cuba adecuado para mis necesidades?&#8221; tab_id=&#8221;1741190656-1-13&#8243;][vc_column_text text_color=&#8221;color-xsdn&#8221; uncode_shortcode_id=&#8221;147714&#8243; text_color_type=&#8221;uncode-palette&#8221; css=&#8221;.vc_custom_1744721569942{margin-bottom: 50px !important;}&#8221;]La elecci\u00f3n del termosumergible depende de varios factores:<\/p>\n<ul>\n<li aria-level=\"1\">la forma y las dimensiones de su cuba<\/li>\n<li aria-level=\"1\">el tipo de l\u00edquido a calentar<\/li>\n<li aria-level=\"1\">la potencia requerida<\/li>\n<li aria-level=\"1\">las limitaciones de instalaci\u00f3n.<\/li>\n<\/ul>\n<p>Para identificar la soluci\u00f3n que mejor se adapte a su aplicaci\u00f3n, le invitamos a rellenar nuestro formulario de c\u00e1lculo de potencia. Una vez completado, nuestro equipo se pondr\u00e1 en contacto con usted para aconsejarle sobre la soluci\u00f3n ideal.[\/vc_column_text][\/vc_accordion_tab][vc_accordion_tab gutter_size=&#8221;0&#8243; column_padding=&#8221;0&#8243; title=&#8221;\u00bfCu\u00e1les son las ventajas de los termocalentadores de pared de cuba en comparaci\u00f3n con los modelos sumergidos?&#8221; tab_id=&#8221;1741190656-2-95&#8243;][vc_column_text text_color=&#8221;color-xsdn&#8221; uncode_shortcode_id=&#8221;154058&#8243; text_color_type=&#8221;uncode-palette&#8221; css=&#8221;.vc_custom_1744721590651{margin-bottom: 50px !important;}&#8221;]<\/p>\n<ul>\n<li aria-level=\"1\">Instalaci\u00f3n simplificada: se fija en la pared asegurando la inmersi\u00f3n completa de la parte calefactora.<\/li>\n<li aria-level=\"1\">Mantenimiento simplificado, accesible sin vaciar la cuba.<\/li>\n<li aria-level=\"1\">Reducci\u00f3n de los riesgos de contaminaci\u00f3n para ciertos l\u00edquidos sensibles.<\/li>\n<li aria-level=\"1\">Adaptabilidad a cubas con limitaciones de espacio o de configuraci\u00f3n complejas.<\/li>\n<\/ul>\n<p>[\/vc_column_text][\/vc_accordion_tab][vc_accordion_tab gutter_size=&#8221;0&#8243; column_padding=&#8221;0&#8243; title=&#8221;\u00bfSon estos termocalentadores adecuados para l\u00edquidos corrosivos o espec\u00edficos?&#8221; tab_id=&#8221;1741191206224-2-3&#8243;][vc_column_text text_color=&#8221;color-xsdn&#8221; uncode_shortcode_id=&#8221;655604&#8243; text_color_type=&#8221;uncode-palette&#8221; css=&#8221;.vc_custom_1744721608082{margin-bottom: 50px !important;}&#8221;]S\u00ed, los termocalentadores de pared de cuba de Galvatek est\u00e1n dise\u00f1ados con un cable calefactor revestido de fluoropol\u00edmero que asegura una protecci\u00f3n contra los l\u00edquidos corrosivos o qu\u00edmicos espec\u00edficos, garantizando su durabilidad y eficacia.[\/vc_column_text][\/vc_accordion_tab][\/vc_accordion][\/vc_column][\/vc_row][vc_row row_height_percent=&#8221;0&#8243; override_padding=&#8221;yes&#8221; h_padding=&#8221;0&#8243; top_padding=&#8221;0&#8243; bottom_padding=&#8221;0&#8243; overlay_alpha=&#8221;50&#8243; gutter_size=&#8221;3&#8243; column_width_percent=&#8221;100&#8243; shift_y=&#8221;0&#8243; z_index=&#8221;0&#8243; content_parallax=&#8221;0&#8243; uncode_shortcode_id=&#8221;139558&#8243; css=&#8221;.vc_custom_1741181137188{margin-top: 20px !important;margin-bottom: 20px !important;}&#8221; el_id=&#8221;pl_pr_mobile&#8221;][vc_column column_width_percent=&#8221;100&#8243; gutter_size=&#8221;0&#8243; override_padding=&#8221;yes&#8221; column_padding=&#8221;0&#8243; overlay_alpha=&#8221;50&#8243; shift_x=&#8221;0&#8243; shift_y=&#8221;0&#8243; shift_y_down=&#8221;0&#8243; z_index=&#8221;0&#8243; medium_width=&#8221;0&#8243; mobile_width=&#8221;0&#8243; width=&#8221;1\/1&#8243; uncode_shortcode_id=&#8221;108032&#8243; css=&#8221;.vc_custom_1741181620872{padding-left: 23px !important;}&#8221; el_class=&#8221;pl_pr_mobile&#8221;][uncode_block id=&#8221;475&#8243;][\/vc_column][\/vc_row]<\/p>\n<\/div>","protected":false},"excerpt":{"rendered":"<p>[vc_row row_height_percent=&#8221;0&#8243; override_padding=&#8221;yes&#8221; h_padding=&#8221;0&#8243; top_padding=&#8221;0&#8243; bottom_padding=&#8221;0&#8243; overlay_alpha=&#8221;50&#8243; gutter_size=&#8221;3&#8243; column_width_percent=&#8221;100&#8243; shift_y=&#8221;0&#8243; z_index=&#8221;0&#8243; content_parallax=&#8221;0&#8243; uncode_shortcode_id=&#8221;828706&#8243; css=&#8221;.vc_custom_1741268286748{margin-top: 41px !important;margin-bottom: 20px !important;}&#8221; el_id=&#8221;pl_pr_mobile&#8221;][vc_column column_width_percent=&#8221;100&#8243; [&hellip;]<\/p>\n","protected":false},"author":5,"featured_media":0,"parent":4309,"menu_order":0,"comment_status":"closed","ping_status":"closed","template":"","meta":{"_acf_changed":false,"_seopress_robots_primary_cat":"","_seopress_titles_title":"Calentadores de inmersi\u00f3n de pared de dep\u00f3sito | Galvatek","_seopress_titles_desc":"Calienta eficazmente tus dep\u00f3sitos con nuestros calentadores murales de inmersi\u00f3n. Adecuados para l\u00edquidos industriales, combinan facilidad de instalaci\u00f3n, precisi\u00f3n t\u00e9rmica y robustez. ","_seopress_robots_index":"","footnotes":""},"class_list":{"0":"post-4387","1":"page","2":"type-page","3":"status-publish","5":"page_category-subcategoria"},"acf":[],"_links":{"self":[{"href":"https:\/\/www.thermoplongeurs-galvatek.com\/es\/wp-json\/wp\/v2\/pages\/4387","targetHints":{"allow":["GET"]}}],"collection":[{"href":"https:\/\/www.thermoplongeurs-galvatek.com\/es\/wp-json\/wp\/v2\/pages"}],"about":[{"href":"https:\/\/www.thermoplongeurs-galvatek.com\/es\/wp-json\/wp\/v2\/types\/page"}],"author":[{"embeddable":true,"href":"https:\/\/www.thermoplongeurs-galvatek.com\/es\/wp-json\/wp\/v2\/users\/5"}],"replies":[{"embeddable":true,"href":"https:\/\/www.thermoplongeurs-galvatek.com\/es\/wp-json\/wp\/v2\/comments?post=4387"}],"version-history":[{"count":0,"href":"https:\/\/www.thermoplongeurs-galvatek.com\/es\/wp-json\/wp\/v2\/pages\/4387\/revisions"}],"up":[{"embeddable":true,"href":"https:\/\/www.thermoplongeurs-galvatek.com\/es\/wp-json\/wp\/v2\/pages\/4309"}],"wp:attachment":[{"href":"https:\/\/www.thermoplongeurs-galvatek.com\/es\/wp-json\/wp\/v2\/media?parent=4387"}],"curies":[{"name":"wp","href":"https:\/\/api.w.org\/{rel}","templated":true}]}}