{"id":4373,"date":"2025-04-15T15:05:11","date_gmt":"2025-04-15T13:05:11","guid":{"rendered":"https:\/\/www.thermoplongeurs-galvatek.com\/mantas-calefactoras-industriales\/"},"modified":"2026-04-07T16:45:04","modified_gmt":"2026-04-07T14:45:04","slug":"mantas-calefactoras-industriales","status":"publish","type":"page","link":"https:\/\/www.thermoplongeurs-galvatek.com\/es\/mantas-calefactoras-industriales\/","title":{"rendered":"Mantas calefactoras industriales"},"content":{"rendered":"<div class=\"wpb-content-wrapper\"><p>[vc_row row_height_percent=&#8221;0&#8243; override_padding=&#8221;yes&#8221; h_padding=&#8221;0&#8243; top_padding=&#8221;0&#8243; bottom_padding=&#8221;0&#8243; back_color=&#8221;color-917352&#8243; overlay_alpha=&#8221;50&#8243; gutter_size=&#8221;3&#8243; column_width_percent=&#8221;100&#8243; shift_y=&#8221;0&#8243; z_index=&#8221;0&#8243; content_parallax=&#8221;0&#8243; uncode_shortcode_id=&#8221;637106&#8243; back_color_type=&#8221;uncode-palette&#8221; css=&#8221;.vc_custom_1741181122345{padding-top: 64px !important;padding-bottom: 91px !important;}&#8221; el_id=&#8221;pl_pr_mobile&#8221;][vc_column column_width_percent=&#8221;100&#8243; gutter_size=&#8221;0&#8243; override_padding=&#8221;yes&#8221; column_padding=&#8221;0&#8243; overlay_alpha=&#8221;50&#8243; shift_x=&#8221;0&#8243; shift_y=&#8221;0&#8243; shift_y_down=&#8221;0&#8243; z_index=&#8221;0&#8243; medium_width=&#8221;0&#8243; mobile_width=&#8221;0&#8243; width=&#8221;1\/1&#8243; uncode_shortcode_id=&#8221;175168&#8243; el_class=&#8221;faq_section&#8221;][vc_column_text text_color=&#8221;color-xsdn&#8221; uncode_shortcode_id=&#8221;538539&#8243; text_color_type=&#8221;uncode-palette&#8221; el_class=&#8221;h1_white&#8221; css=&#8221;.vc_custom_1750941657911{margin-left: 68px !important;}&#8221;]<\/p>\n<h1>Mantas calefactoras industriales<\/h1>\n<p>[\/vc_column_text][vc_row_inner][vc_column_inner column_width_percent=&#8221;100&#8243; gutter_size=&#8221;0&#8243; override_padding=&#8221;yes&#8221; column_padding=&#8221;0&#8243; overlay_alpha=&#8221;50&#8243; shift_x=&#8221;0&#8243; shift_y=&#8221;0&#8243; shift_y_down=&#8221;0&#8243; z_index=&#8221;0&#8243; medium_width=&#8221;0&#8243; mobile_width=&#8221;0&#8243; width=&#8221;1\/1&#8243; uncode_shortcode_id=&#8221;339833&#8243; el_class=&#8221;flex_column_desktop&#8221; el_id=&#8221;categorie_intro_header&#8221; css=&#8221;.vc_custom_1741168257091{padding-top: 40px !important;padding-left: 83px !important;}&#8221;][vc_icon icon_image=&#8221;1921&#8243; uncode_shortcode_id=&#8221;792447&#8243;][\/vc_icon][vc_column_text text_color=&#8221;color-xsdn&#8221; css_animation=&#8221;right-t-left&#8221; animation_speed=&#8221;800&#8243; uncode_shortcode_id=&#8221;263923&#8243; text_color_type=&#8221;uncode-palette&#8221; el_class=&#8221;intro_p&#8221; css=&#8221;.vc_custom_1749564335892{margin-top: 18px !important;}&#8221;]Galvatek, fabricante de termocalentadores industriales desde hace m\u00e1s de 30 a\u00f1os, ofrece una gama completa de mantas calefactoras especialmente dise\u00f1adas para satisfacer las necesidades complejas de la industria. Nuestras soluciones innovadoras permiten mantener y controlar con precisi\u00f3n la temperatura de los l\u00edquidos en diferentes tipos de contenedores industriales.[\/vc_column_text][\/vc_column_inner][\/vc_row_inner][\/vc_column][\/vc_row][vc_row row_height_percent=&#8221;0&#8243; override_padding=&#8221;yes&#8221; h_padding=&#8221;0&#8243; top_padding=&#8221;0&#8243; bottom_padding=&#8221;0&#8243; overlay_alpha=&#8221;50&#8243; gutter_size=&#8221;3&#8243; column_width_percent=&#8221;100&#8243; shift_y=&#8221;0&#8243; z_index=&#8221;0&#8243; content_parallax=&#8221;0&#8243; uncode_shortcode_id=&#8221;139558&#8243; css=&#8221;.vc_custom_1741181137188{margin-top: 20px !important;margin-bottom: 20px !important;}&#8221; el_id=&#8221;pl_pr_mobile&#8221;][vc_column column_width_percent=&#8221;100&#8243; gutter_size=&#8221;0&#8243; override_padding=&#8221;yes&#8221; column_padding=&#8221;0&#8243; overlay_alpha=&#8221;50&#8243; shift_x=&#8221;0&#8243; shift_y=&#8221;0&#8243; shift_y_down=&#8221;0&#8243; z_index=&#8221;0&#8243; medium_width=&#8221;0&#8243; mobile_width=&#8221;0&#8243; width=&#8221;1\/1&#8243; uncode_shortcode_id=&#8221;108032&#8243; css=&#8221;.vc_custom_1741181620872{padding-left: 23px !important;}&#8221; el_class=&#8221;pl_pr_mobile&#8221;][uncode_breadcrumbs separator=&#8221;triangle&#8221; el_class=&#8221;categorie_breadcrums&#8221;][\/vc_column][\/vc_row][vc_row row_height_percent=&#8221;0&#8243; override_padding=&#8221;yes&#8221; h_padding=&#8221;0&#8243; top_padding=&#8221;0&#8243; bottom_padding=&#8221;0&#8243; overlay_alpha=&#8221;50&#8243; gutter_size=&#8221;3&#8243; column_width_percent=&#8221;100&#8243; shift_y=&#8221;0&#8243; z_index=&#8221;0&#8243; content_parallax=&#8221;0&#8243; uncode_shortcode_id=&#8221;105931&#8243; el_id=&#8221;pl_pr_mobile&#8221;][vc_column column_width_percent=&#8221;100&#8243; gutter_size=&#8221;0&#8243; override_padding=&#8221;yes&#8221; column_padding=&#8221;0&#8243; overlay_alpha=&#8221;50&#8243; shift_x=&#8221;0&#8243; shift_y=&#8221;0&#8243; shift_y_down=&#8221;0&#8243; z_index=&#8221;0&#8243; medium_width=&#8221;0&#8243; mobile_width=&#8221;0&#8243; width=&#8221;1\/1&#8243; uncode_shortcode_id=&#8221;254671&#8243; css=&#8221;.vc_custom_1741181637328{padding-top: 28px !important;padding-bottom: 78px !important;padding-left: 52px !important;}&#8221; el_id=&#8221;h2_highlight&#8221; el_class=&#8221;pl_pr_mobile&#8221;][vc_column_text uncode_shortcode_id=&#8221;250022&#8243;]<\/p>\n<h2>Nuestra gama de <span class=\"orange_highlight\">mantas calefactoras<\/span><\/h2>\n<p>[\/vc_column_text][\/vc_column][\/vc_row][vc_row row_height_percent=&#8221;0&#8243; override_padding=&#8221;yes&#8221; h_padding=&#8221;0&#8243; top_padding=&#8221;0&#8243; bottom_padding=&#8221;0&#8243; overlay_alpha=&#8221;50&#8243; gutter_size=&#8221;3&#8243; column_width_percent=&#8221;100&#8243; shift_y=&#8221;0&#8243; z_index=&#8221;0&#8243; content_parallax=&#8221;0&#8243; uncode_shortcode_id=&#8221;500086&#8243; css=&#8221;.vc_custom_1741182692216{margin-bottom: 40px !important;padding-right: 50px !important;}&#8221; el_id=&#8221;pl_pr_mobile&#8221; el_class=&#8221;pl_pr_mobile_0 section_slider_cat&#8221;][vc_column column_width_percent=&#8221;100&#8243; gutter_size=&#8221;0&#8243; override_padding=&#8221;yes&#8221; column_padding=&#8221;0&#8243; back_color=&#8221;color-172651&#8243; overlay_alpha=&#8221;50&#8243; shift_x=&#8221;0&#8243; shift_y=&#8221;0&#8243; shift_y_down=&#8221;0&#8243; z_index=&#8221;0&#8243; medium_width=&#8221;0&#8243; mobile_width=&#8221;0&#8243; css_animation=&#8221;bottom-t-top&#8221; width=&#8221;1\/1&#8243; uncode_shortcode_id=&#8221;102450&#8243; css=&#8221;.vc_custom_1749564411991{padding-top: 40px !important;padding-right: 61px !important;padding-bottom: 52px !important;padding-left: 61px !important;}&#8221; back_color_type=&#8221;uncode-palette&#8221; el_class=&#8221;bd_40 blue_padding_mobile&#8221;][vc_row_inner row_inner_height_percent=&#8221;0&#8243; overlay_alpha=&#8221;50&#8243; gutter_size=&#8221;0&#8243; shift_y=&#8221;0&#8243; z_index=&#8221;0&#8243; uncode_shortcode_id=&#8221;310200&#8243;][vc_column_inner column_width_percent=&#8221;100&#8243; position_vertical=&#8221;middle&#8221; gutter_size=&#8221;0&#8243; override_padding=&#8221;yes&#8221; column_padding=&#8221;0&#8243; overlay_alpha=&#8221;50&#8243; shift_x=&#8221;0&#8243; shift_y=&#8221;0&#8243; shift_y_down=&#8221;0&#8243; z_index=&#8221;0&#8243; medium_width=&#8221;0&#8243; mobile_width=&#8221;0&#8243; width=&#8221;5\/12&#8243; uncode_shortcode_id=&#8221;195692&#8243; css=&#8221;.vc_custom_1741183266191{padding-right: 46px !important;}&#8221; el_class=&#8221;pr_mobile&#8221;][vc_column_text text_color=&#8221;color-xsdn&#8221; uncode_shortcode_id=&#8221;100277&#8243; text_color_type=&#8221;uncode-palette&#8221; el_class=&#8221;h3_white max_300&#8243;]<\/p>\n<h3><strong>Mantas calefactoras <\/strong><span style=\"text-transform: uppercase;\"><br style=\"height: 0;\" \/>bidones y contenedores<\/span><\/h3>\n<p>[\/vc_column_text][vc_column_text text_color=&#8221;color-xsdn&#8221; uncode_shortcode_id=&#8221;158714&#8243; text_color_type=&#8221;uncode-palette&#8221; css=&#8221;.vc_custom_1744729512183{padding-top: 22px !important;padding-bottom: 35px !important;}&#8221; el_class=&#8221;pad_mobile_text&#8221;]Nuestras mantas calefactoras est\u00e1n desarrolladas para asegurar un calentamiento eficaz y uniforme de los bidones y contenedores.[\/vc_column_text][vc_button button_color=&#8221;accent&#8221; border_width=&#8221;0&#8243; link=&#8221;url:%2Fcouvertures-chauffante-industrielle%2Fcouvertures-chauffante-fut-et-containers%2F|title:Couvertures%20chauffante%20fut%20et%20containers|&#8221; button_color_type=&#8221;uncode-palette&#8221; uncode_shortcode_id=&#8221;132493&#8243;]Descubrir[\/vc_button][\/vc_column_inner][vc_column_inner column_width_percent=&#8221;100&#8243; gutter_size=&#8221;2&#8243; override_padding=&#8221;yes&#8221; column_padding=&#8221;0&#8243; overlay_alpha=&#8221;50&#8243; shift_x=&#8221;0&#8243; shift_y=&#8221;0&#8243; shift_y_down=&#8221;0&#8243; z_index=&#8221;0&#8243; medium_width=&#8221;0&#8243; mobile_visibility=&#8221;yes&#8221; mobile_width=&#8221;0&#8243; width=&#8221;7\/12&#8243; uncode_shortcode_id=&#8221;181826&#8243; el_class=&#8221;slider_cat&#8221;][uncode_carousel_nav padding=&#8221;0&#8243; icon=&#8221;fa fa-arrow-right4&#8243; hide_dots=&#8221;yes&#8221; hide_counter=&#8221;yes&#8221; uncode_shortcode_id=&#8221;176498&#8243; el_class=&#8221;hide_mobile&#8221;][uncode_index el_id=&#8221;index-205634&#8243; index_type=&#8221;carousel&#8221; loop=&#8221;size:All|order_by:date|post_type:product|tax_query:81|taxonomy_count:10|taxonomy_include_ids:24&#8243; carousel_lg=&#8221;3&#8243; carousel_md=&#8221;3&#8243; carousel_sm=&#8221;2&#8243; thumb_size=&#8221;four-five&#8221; gutter_size=&#8221;3&#8243; product_items=&#8221;media|featured|onpost|original|hide-sale|inherit-atc|inherit-w-atc|atc-typo-default|hide-atc&#8221; carousel_interval=&#8221;3000&#8243; carousel_navspeed=&#8221;400&#8243; stage_padding=&#8221;0&#8243; single_overlay_opacity=&#8221;50&#8243; single_overlay_anim=&#8221;no&#8221; single_image_anim=&#8221;no&#8221; single_padding=&#8221;2&#8243; single_border=&#8221;yes&#8221; single_css_animation=&#8221;bottom-t-top&#8221; single_animation_first=&#8221;yes&#8221; custom_order=&#8221;yes&#8221; uncode_shortcode_id=&#8221;157487&#8243; order_ids=&#8221;5153,4602,4589,4726,4744,4573,4603,4737,4815,4554&#8243;][uncode_carousel_nav padding=&#8221;0&#8243; icon=&#8221;fa fa-arrow-right4&#8243; hide_dots=&#8221;yes&#8221; hide_counter=&#8221;yes&#8221; uncode_shortcode_id=&#8221;186061&#8243; el_class=&#8221;hide_desktop&#8221;][\/vc_column_inner][\/vc_row_inner][\/vc_column][\/vc_row][vc_row][vc_column width=&#8221;1\/1&#8243;][uncode_block id=&#8221;365&#8243;][\/vc_column][\/vc_row][vc_row row_height_percent=&#8221;0&#8243; override_padding=&#8221;yes&#8221; h_padding=&#8221;0&#8243; top_padding=&#8221;0&#8243; bottom_padding=&#8221;0&#8243; back_color=&#8221;color-917352&#8243; overlay_alpha=&#8221;50&#8243; gutter_size=&#8221;3&#8243; column_width_percent=&#8221;100&#8243; shift_y=&#8221;0&#8243; z_index=&#8221;0&#8243; content_parallax=&#8221;0&#8243; uncode_shortcode_id=&#8221;201825&#8243; css=&#8221;.vc_custom_1741249749156{margin-top: -283px !important;padding-top: 283px !important;padding-right: 118px !important;}&#8221; el_id=&#8221;pl_pr_mobile&#8221; back_color_type=&#8221;uncode-palette&#8221;][vc_column column_width_percent=&#8221;100&#8243; gutter_size=&#8221;0&#8243; override_padding=&#8221;yes&#8221; column_padding=&#8221;0&#8243; overlay_alpha=&#8221;50&#8243; shift_x=&#8221;0&#8243; shift_y=&#8221;0&#8243; shift_y_down=&#8221;0&#8243; z_index=&#8221;0&#8243; medium_width=&#8221;0&#8243; mobile_width=&#8221;0&#8243; width=&#8221;1\/1&#8243; uncode_shortcode_id=&#8221;103974&#8243; css=&#8221;.vc_custom_1741191661615{padding-left: 111px !important;}&#8221; el_class=&#8221;pl_pr_mobile&#8221;][vc_column_text text_color=&#8221;color-xsdn&#8221; uncode_shortcode_id=&#8221;155270&#8243; text_color_type=&#8221;uncode-palette&#8221; el_class=&#8221;h2_white&#8221; css=&#8221;.vc_custom_1741706452482{margin-bottom: 40px !important;}&#8221;]<\/p>\n<h2 style=\"text-transform: uppercase;\">Preguntas frecuentes<\/h2>\n<p>[\/vc_column_text][vc_accordion label_border=&#8221;yes&#8221; content_border=&#8221;yes&#8221; gutter_simple=&#8221;0&#8243; uncode_shortcode_id=&#8221;122941&#8243; el_class=&#8221;faq_white&#8221;][vc_accordion_tab gutter_size=&#8221;0&#8243; column_padding=&#8221;0&#8243; title=&#8221;\u00bfC\u00f3mo elegir su manta calefactora industrial?&#8221; tab_id=&#8221;1741190656-1-13&#8243;][vc_column_text text_color=&#8221;color-xsdn&#8221; uncode_shortcode_id=&#8221;160668&#8243; text_color_type=&#8221;uncode-palette&#8221; css=&#8221;.vc_custom_1744729577476{margin-bottom: 50px !important;}&#8221;]Para elegir su manta calefactora industrial, estos son los criterios que debe tener en cuenta:<\/p>\n<ul>\n<li aria-level=\"1\">Tipo de contenedor: Bid\u00f3n, contenedor IBC u otro.<\/li>\n<li aria-level=\"1\">L\u00edquido a calentar: Viscosidad, sensibilidad t\u00e9rmica.<\/li>\n<li aria-level=\"1\">Entorno: Interior, exterior, zona explosiva (ATEX).<\/li>\n<li aria-level=\"1\">Rango de temperatura: Termostato o controlador.<\/li>\n<li aria-level=\"1\">Homogeneidad: Modelo con calentamiento uniforme.<\/li>\n<li aria-level=\"1\">Seguridad: Cumplimiento de las normas (IP, ATEX, etc.).<\/li>\n<li aria-level=\"1\">Opciones complementarias: Compatible con bases o cinturones calefactores.<\/li>\n<\/ul>\n<p>Para evitar cualquier error, le invitamos a contactarnos o a rellenar directamente nuestro formulario de c\u00e1lculo de potencia, con el fin de proponerle una soluci\u00f3n perfectamente adaptada a su sector de actividad.[\/vc_column_text][\/vc_accordion_tab][vc_accordion_tab gutter_size=&#8221;0&#8243; column_padding=&#8221;0&#8243; title=&#8221;\u00bfEs posible utilizar las mantas calefactoras en zonas explosivas?&#8221; tab_id=&#8221;1741190656-2-95&#8243;][vc_column_text text_color=&#8221;color-xsdn&#8221; uncode_shortcode_id=&#8221;190029&#8243; text_color_type=&#8221;uncode-palette&#8221; css=&#8221;.vc_custom_1744729594076{margin-bottom: 50px !important;}&#8221;]S\u00ed, Galvatek propone modelos certificados ATEX e IECEx, adaptados para su uso en zonas explosivas (zonas 1 y 2). Estas mantas cumplen con las normas de seguridad m\u00e1s estrictas.[\/vc_column_text][\/vc_accordion_tab][vc_accordion_tab gutter_size=&#8221;0&#8243; column_padding=&#8221;0&#8243; title=&#8221;\u00bfPuedo utilizar varias mantas calefactoras al mismo tiempo?&#8221; tab_id=&#8221;1741191206224-2-3&#8243;][vc_column_text text_color=&#8221;color-xsdn&#8221; uncode_shortcode_id=&#8221;934312&#8243; text_color_type=&#8221;uncode-palette&#8221; css=&#8221;.vc_custom_1744729609460{margin-bottom: 50px !important;}&#8221;]S\u00ed, seg\u00fan el modelo, es posible utilizar varias mantas calefactoras simult\u00e1neamente en grandes contenedores o para aplicaciones que requieran un aumento r\u00e1pido de la temperatura. Sin embargo, es primordial que las partes calefactoras de las mantas no se superpongan.[\/vc_column_text][\/vc_accordion_tab][vc_accordion_tab gutter_size=&#8221;0&#8243; column_padding=&#8221;0&#8243; title=&#8221;\u00bfSon compatibles las mantas calefactoras con otros sistemas de calefacci\u00f3n?&#8221; tab_id=&#8221;1741191218361-3-6&#8243;][vc_column_text text_color=&#8221;color-xsdn&#8221; uncode_shortcode_id=&#8221;692883&#8243; text_color_type=&#8221;uncode-palette&#8221; css=&#8221;.vc_custom_1744729624572{margin-bottom: 50px !important;}&#8221;]Absolutamente. Pueden combinarse con soluciones complementarias tales como bases calefactoras para un mayor rendimiento.[\/vc_column_text][\/vc_accordion_tab][vc_accordion_tab gutter_size=&#8221;0&#8243; column_padding=&#8221;0&#8243; title=&#8221;\u00bfQu\u00e9 tipos de l\u00edquidos pueden calentarse con las mantas calefactoras Galvatek?&#8221; tab_id=&#8221;1741191227473-4-8&#8243;][vc_column_text text_color=&#8221;color-xsdn&#8221; uncode_shortcode_id=&#8221;214621&#8243; text_color_type=&#8221;uncode-palette&#8221; css=&#8221;.vc_custom_1744729640381{margin-bottom: 50px !important;}&#8221;]Nuestras mantas calefactoras son adecuadas para una amplia gama de l\u00edquidos, incluyendo productos viscosos como aceites, ceras, alquitranes, as\u00ed como \u00e1cidos org\u00e1nicos y otras sustancias qu\u00edmicas.[\/vc_column_text][\/vc_accordion_tab][\/vc_accordion][\/vc_column][\/vc_row][vc_row row_height_percent=&#8221;0&#8243; override_padding=&#8221;yes&#8221; h_padding=&#8221;0&#8243; top_padding=&#8221;0&#8243; bottom_padding=&#8221;0&#8243; back_color=&#8221;color-917352&#8243; overlay_alpha=&#8221;50&#8243; gutter_size=&#8221;3&#8243; column_width_percent=&#8221;100&#8243; shift_y=&#8221;0&#8243; z_index=&#8221;0&#8243; content_parallax=&#8221;0&#8243; uncode_shortcode_id=&#8221;169676&#8243; css=&#8221;.vc_custom_1741260385771{padding-top: 100px !important;padding-right: 50px !important;padding-bottom: 160px !important;}&#8221; el_id=&#8221;pl_pr_mobile&#8221; back_color_type=&#8221;uncode-palette&#8221; el_class=&#8221;article_section pl_pr_mobile_0&#8243;][vc_column column_width_percent=&#8221;100&#8243; gutter_size=&#8221;0&#8243; override_padding=&#8221;yes&#8221; column_padding=&#8221;0&#8243; overlay_alpha=&#8221;50&#8243; shift_x=&#8221;0&#8243; shift_y=&#8221;0&#8243; shift_y_down=&#8221;0&#8243; z_index=&#8221;0&#8243; medium_width=&#8221;0&#8243; mobile_width=&#8221;0&#8243; width=&#8221;1\/1&#8243; uncode_shortcode_id=&#8221;177798&#8243; el_class=&#8221;pl_pr_mobile article_column_slider&#8221;][vc_single_image media=&#8221;4314&#8243; media_width_percent=&#8221;100&#8243; mobile_visibility=&#8221;yes&#8221; uncode_shortcode_id=&#8221;360960&#8243;][vc_single_image media=&#8221;4374&#8243; media_width_percent=&#8221;100&#8243; desktop_visibility=&#8221;yes&#8221; medium_visibility=&#8221;yes&#8221; uncode_shortcode_id=&#8221;200537&#8243;][uncode_index el_id=&#8221;index-738058&#8243; index_type=&#8221;carousel&#8221; loop=&#8221;size:10|order_by:date|post_type:post|taxonomy_count:10&#8243; carousel_lg=&#8221;2&#8243; carousel_md=&#8221;2&#8243; carousel_sm=&#8221;1&#8243; gutter_size=&#8221;3&#8243; post_items=&#8221;media|featured|onpost|original,title,text|excerpt|105,link|default|default_size|scale_mobile|default_width|default_outline|Lire l&#8217;article&#8221; carousel_interval=&#8221;0&#8243; carousel_navspeed=&#8221;400&#8243; stage_padding=&#8221;0&#8243; single_overlay_opacity=&#8221;1&#8243; single_overlay_anim=&#8221;no&#8221; single_text_anim=&#8221;no&#8221; single_image_anim=&#8221;no&#8221; single_padding=&#8221;2&#8243; single_title_semantic=&#8221;h2&#8243; single_border=&#8221;yes&#8221; uncode_shortcode_id=&#8221;328725&#8243; el_class=&#8221;pl_80 article_slider pl_mobile_0&#8243; button_class=&#8221;btn-accent&#8221;][uncode_carousel_nav padding=&#8221;0&#8243; icon=&#8221;fa fa-arrow-right4&#8243; hide_dots=&#8221;yes&#8221; hide_counter=&#8221;yes&#8221; uncode_shortcode_id=&#8221;115149&#8243; el_class=&#8221;pl_80 pl_mobile_0&#8243;][\/vc_column][\/vc_row]<\/p>\n<\/div>","protected":false},"excerpt":{"rendered":"<p>[vc_row row_height_percent=&#8221;0&#8243; override_padding=&#8221;yes&#8221; h_padding=&#8221;0&#8243; top_padding=&#8221;0&#8243; bottom_padding=&#8221;0&#8243; back_color=&#8221;color-917352&#8243; overlay_alpha=&#8221;50&#8243; gutter_size=&#8221;3&#8243; column_width_percent=&#8221;100&#8243; shift_y=&#8221;0&#8243; z_index=&#8221;0&#8243; content_parallax=&#8221;0&#8243; uncode_shortcode_id=&#8221;637106&#8243; back_color_type=&#8221;uncode-palette&#8221; css=&#8221;.vc_custom_1741181122345{padding-top: 64px !important;padding-bottom: 91px !important;}&#8221; [&hellip;]<\/p>\n","protected":false},"author":5,"featured_media":0,"parent":0,"menu_order":0,"comment_status":"closed","ping_status":"closed","template":"","meta":{"_acf_changed":false,"_seopress_robots_primary_cat":"","_seopress_titles_title":"Mantas calefactoras industriales %%sep%% Galvatek","_seopress_titles_desc":"Calienta y mant\u00e9n tus l\u00edquidos con total seguridad con nuestras mantas calefactoras industriales. Soluciones para bidones, contenedores y zonas sensibles.","_seopress_robots_index":"","footnotes":""},"class_list":{"0":"post-4373","1":"page","2":"type-page","3":"status-publish","5":"page_category-categoria"},"acf":[],"_links":{"self":[{"href":"https:\/\/www.thermoplongeurs-galvatek.com\/es\/wp-json\/wp\/v2\/pages\/4373","targetHints":{"allow":["GET"]}}],"collection":[{"href":"https:\/\/www.thermoplongeurs-galvatek.com\/es\/wp-json\/wp\/v2\/pages"}],"about":[{"href":"https:\/\/www.thermoplongeurs-galvatek.com\/es\/wp-json\/wp\/v2\/types\/page"}],"author":[{"embeddable":true,"href":"https:\/\/www.thermoplongeurs-galvatek.com\/es\/wp-json\/wp\/v2\/users\/5"}],"replies":[{"embeddable":true,"href":"https:\/\/www.thermoplongeurs-galvatek.com\/es\/wp-json\/wp\/v2\/comments?post=4373"}],"version-history":[{"count":0,"href":"https:\/\/www.thermoplongeurs-galvatek.com\/es\/wp-json\/wp\/v2\/pages\/4373\/revisions"}],"wp:attachment":[{"href":"https:\/\/www.thermoplongeurs-galvatek.com\/es\/wp-json\/wp\/v2\/media?parent=4373"}],"curies":[{"name":"wp","href":"https:\/\/api.w.org\/{rel}","templated":true}]}}