{"id":4230,"date":"2025-02-04T15:28:50","date_gmt":"2025-02-04T14:28:50","guid":{"rendered":"https:\/\/www.thermoplongeurs-galvatek.com\/contacto\/"},"modified":"2026-01-27T12:30:55","modified_gmt":"2026-01-27T11:30:55","slug":"contacto","status":"publish","type":"page","link":"https:\/\/www.thermoplongeurs-galvatek.com\/es\/contacto\/","title":{"rendered":"Contacto"},"content":{"rendered":"<div class=\"wpb-content-wrapper\"><p>[vc_row row_height_percent=&#8221;0&#8243; override_padding=&#8221;yes&#8221; h_padding=&#8221;0&#8243; top_padding=&#8221;0&#8243; bottom_padding=&#8221;0&#8243; overlay_alpha=&#8221;50&#8243; gutter_size=&#8221;3&#8243; column_width_percent=&#8221;100&#8243; shift_y=&#8221;0&#8243; z_index=&#8221;0&#8243; content_parallax=&#8221;0&#8243; uncode_shortcode_id=&#8221;213890&#8243; css=&#8221;.vc_custom_1741280161418{padding-top: 83px !important;padding-bottom: 58px !important;}&#8221; el_id=&#8221;pl_pr_mobile&#8221; el_class=&#8221;pt_0_mobile&#8221;][vc_column column_width_percent=&#8221;100&#8243; gutter_size=&#8221;0&#8243; override_padding=&#8221;yes&#8221; column_padding=&#8221;0&#8243; overlay_alpha=&#8221;50&#8243; shift_x=&#8221;0&#8243; shift_y=&#8221;0&#8243; shift_y_down=&#8221;0&#8243; z_index=&#8221;0&#8243; medium_width=&#8221;0&#8243; mobile_width=&#8221;0&#8243; width=&#8221;1\/1&#8243; uncode_shortcode_id=&#8221;175168&#8243; el_class=&#8221;faq_section&#8221;][vc_column_text uncode_shortcode_id=&#8221;204390&#8243; css=&#8221;.vc_custom_1743685448051{margin-left: 59px !important;}&#8221; el_class=&#8221;h1_highlight&#8221;]<\/p>\n<h1>\u00bfNecesita una soluci\u00f3n?<br style=\"height: 0;\" \/><span class=\"blue_highlight\">Hablemos de ello.<\/span><\/h1>\n<p>[\/vc_column_text][\/vc_column][\/vc_row][vc_row row_height_percent=&#8221;0&#8243; override_padding=&#8221;yes&#8221; h_padding=&#8221;0&#8243; top_padding=&#8221;0&#8243; bottom_padding=&#8221;0&#8243; overlay_alpha=&#8221;50&#8243; gutter_size=&#8221;3&#8243; column_width_percent=&#8221;100&#8243; shift_y=&#8221;0&#8243; z_index=&#8221;0&#8243; content_parallax=&#8221;0&#8243; uncode_shortcode_id=&#8221;125199&#8243; el_id=&#8221;pl_pr_mobile&#8221; css=&#8221;.vc_custom_1741593776252{margin-bottom: 69px !important;}&#8221; el_class=&#8221;mb_40_mobile&#8221;][vc_column column_width_percent=&#8221;100&#8243; gutter_size=&#8221;0&#8243; override_padding=&#8221;yes&#8221; column_padding=&#8221;0&#8243; overlay_alpha=&#8221;50&#8243; shift_x=&#8221;0&#8243; shift_y=&#8221;0&#8243; shift_y_down=&#8221;0&#8243; z_index=&#8221;0&#8243; medium_width=&#8221;0&#8243; mobile_width=&#8221;0&#8243; width=&#8221;1\/1&#8243; uncode_shortcode_id=&#8221;170023&#8243; el_class=&#8221;pl_pr_mobile max_900&#8243;][vc_column_text uncode_shortcode_id=&#8221;306184&#8243; css=&#8221;.vc_custom_1743685389240{margin-left: 59px !important;}&#8221; el_class=&#8221;max_900 intro_thermo&#8221;]<strong>Nuestro equipo est\u00e1 a su disposici\u00f3n para cualquier solicitud de informaci\u00f3n, presupuesto o asistencia t\u00e9cnica.<\/strong>[\/vc_column_text][\/vc_column][\/vc_row][vc_row row_height_percent=&#8221;0&#8243; override_padding=&#8221;yes&#8221; h_padding=&#8221;0&#8243; top_padding=&#8221;0&#8243; bottom_padding=&#8221;0&#8243; overlay_alpha=&#8221;50&#8243; gutter_size=&#8221;3&#8243; column_width_percent=&#8221;100&#8243; shift_y=&#8221;0&#8243; z_index=&#8221;3&#8243; content_parallax=&#8221;0&#8243; uncode_shortcode_id=&#8221;735483&#8243; el_id=&#8221;pl_pr_mobile&#8221; el_class=&#8221;margin-275 pl_pr_0_low_mobile&#8221;][vc_column column_width_percent=&#8221;100&#8243; gutter_size=&#8221;0&#8243; override_padding=&#8221;yes&#8221; column_padding=&#8221;0&#8243; overlay_alpha=&#8221;50&#8243; shift_x=&#8221;0&#8243; shift_y=&#8221;0&#8243; shift_y_down=&#8221;0&#8243; z_index=&#8221;0&#8243; medium_width=&#8221;0&#8243; mobile_width=&#8221;0&#8243; width=&#8221;1\/1&#8243; uncode_shortcode_id=&#8221;170023&#8243; el_class=&#8221;pl_pr_mobile max_900&#8243;][vc_raw_js]JTNDZGl2JTIwZGF0YS1mYy1rZXklM0QlMjJhMjI5YmY4YyUyMiUzRSUzQyUyRmRpdiUzRSUzQ3NjcmlwdCUyMHNyYyUzRCUyMmh0dHBzJTNBJTJGJTJGYXBwLmZvcm1jcmFmdHMuY29tJTJGZW1iZWQuanMlMjIlM0UlM0MlMkZzY3JpcHQlM0U=[\/vc_raw_js][\/vc_column][\/vc_row][vc_row row_height_percent=&#8221;0&#8243; override_padding=&#8221;yes&#8221; h_padding=&#8221;0&#8243; top_padding=&#8221;0&#8243; bottom_padding=&#8221;0&#8243; back_color=&#8221;color-917352&#8243; overlay_alpha=&#8221;50&#8243; gutter_size=&#8221;3&#8243; column_width_percent=&#8221;100&#8243; shift_y=&#8221;0&#8243; z_index=&#8221;0&#8243; content_parallax=&#8221;0&#8243; uncode_shortcode_id=&#8221;102647&#8243; css=&#8221;.vc_custom_1744018766855{padding-top: 330px !important;padding-right: 50px !important;padding-bottom: 120px !important;}&#8221; el_id=&#8221;pl_pr_mobile&#8221; el_class=&#8221;section_slider_cat z-index_2 pl_30_mobile pb_50_mobile&#8221; back_color_type=&#8221;uncode-palette&#8221;][vc_column column_width_percent=&#8221;100&#8243; gutter_size=&#8221;0&#8243; override_padding=&#8221;yes&#8221; column_padding=&#8221;0&#8243; back_color=&#8221;color-172651&#8243; overlay_alpha=&#8221;50&#8243; shift_x=&#8221;0&#8243; shift_y=&#8221;0&#8243; shift_y_down=&#8221;0&#8243; z_index=&#8221;0&#8243; medium_width=&#8221;0&#8243; mobile_width=&#8221;0&#8243; width=&#8221;1\/1&#8243; uncode_shortcode_id=&#8221;199877&#8243; css=&#8221;.vc_custom_1744022484596{padding-left: 61px !important;}&#8221; back_color_type=&#8221;uncode-palette&#8221; el_class=&#8221;bd_40 pad_0_uncell_mobile bd_40_mobile&#8221;][vc_row_inner row_inner_height_percent=&#8221;0&#8243; overlay_alpha=&#8221;50&#8243; gutter_size=&#8221;0&#8243; shift_y=&#8221;0&#8243; z_index=&#8221;0&#8243; uncode_shortcode_id=&#8221;310200&#8243;][vc_column_inner column_width_percent=&#8221;100&#8243; position_vertical=&#8221;middle&#8221; gutter_size=&#8221;0&#8243; override_padding=&#8221;yes&#8221; column_padding=&#8221;0&#8243; overlay_alpha=&#8221;50&#8243; shift_x=&#8221;0&#8243; shift_y=&#8221;0&#8243; shift_y_down=&#8221;0&#8243; z_index=&#8221;0&#8243; medium_width=&#8221;0&#8243; mobile_width=&#8221;0&#8243; width=&#8221;4\/12&#8243; uncode_shortcode_id=&#8221;157295&#8243; css=&#8221;.vc_custom_1744022475659{padding-top: 60px !important;padding-right: 46px !important;padding-bottom: 60px !important;}&#8221; el_class=&#8221;pad_30_uncell_mobile&#8221;][vc_icon icon_image=&#8221;127&#8243; uncode_shortcode_id=&#8221;215481&#8243; el_class=&#8221;w_60_mobile&#8221;][\/vc_icon][vc_column_text text_color=&#8221;color-xsdn&#8221; uncode_shortcode_id=&#8221;164723&#8243; text_color_type=&#8221;uncode-palette&#8221; el_class=&#8221;h3_white&#8221;]<\/p>\n<h2 style=\"color: #fff;\">Galvatek<\/h2>\n<p>[\/vc_column_text][vc_column_text text_color=&#8221;color-xsdn&#8221; uncode_shortcode_id=&#8221;822620&#8243; text_color_type=&#8221;uncode-palette&#8221; el_class=&#8221;h3_white&#8221; css=&#8221;.vc_custom_1744017370041{margin-top: 40px !important;}&#8221;]<\/p>\n<p style=\"color: #fff;\">9, rue de la Tour Mesnil-Renard 78270 Bonni\u00e8res-sur-Seine, Francia<\/p>\n<p>[\/vc_column_text][vc_column_text text_color=&#8221;color-xsdn&#8221; uncode_shortcode_id=&#8221;329782&#8243; text_color_type=&#8221;uncode-palette&#8221; el_class=&#8221;phone_link&#8221; css=&#8221;.vc_custom_1744017856146{margin-top: 38px !important;margin-bottom: 29px !important;}&#8221;]<a href=\"tel:0130930757\"><strong>+33 (0)1 30 93 07 57<\/strong><\/a>[\/vc_column_text][vc_column_text text_color=&#8221;color-xsdn&#8221; uncode_shortcode_id=&#8221;813761&#8243; text_color_type=&#8221;uncode-palette&#8221; el_class=&#8221;email_link&#8221;]<a href=\"mailto:info@galvatek.fr\"><strong>info@galvatek.fr<\/strong><\/a>[\/vc_column_text][\/vc_column_inner][vc_column_inner column_width_percent=&#8221;100&#8243; position_vertical=&#8221;middle&#8221; gutter_size=&#8221;2&#8243; override_padding=&#8221;yes&#8221; column_padding=&#8221;0&#8243; expand_height=&#8221;yes&#8221; overlay_alpha=&#8221;50&#8243; shift_x=&#8221;0&#8243; shift_y=&#8221;0&#8243; shift_y_down=&#8221;0&#8243; z_index=&#8221;0&#8243; medium_width=&#8221;0&#8243; mobile_width=&#8221;0&#8243; width=&#8221;8\/12&#8243; uncode_shortcode_id=&#8221;262175&#8243; el_class=&#8221;slider_cat h300_mobile&#8221;][vc_gmaps latlon=&#8221;49.02445821962517, 1.5694802531389227&#8243; size=&#8221;&#8221; map_color=&#8221;&#8221; ui_color=&#8221;&#8221; zoom=&#8221;15&#8243; map_saturation=&#8221;-20&#8243; map_brightness=&#8221;5&#8243; uncode_shortcode_id=&#8221;126011&#8243; el_class=&#8221;h_300_mobile&#8221;][\/vc_column_inner][\/vc_row_inner][\/vc_column][\/vc_row]<\/p>\n<\/div>","protected":false},"excerpt":{"rendered":"<p>[vc_row row_height_percent=&#8221;0&#8243; override_padding=&#8221;yes&#8221; h_padding=&#8221;0&#8243; top_padding=&#8221;0&#8243; bottom_padding=&#8221;0&#8243; overlay_alpha=&#8221;50&#8243; gutter_size=&#8221;3&#8243; column_width_percent=&#8221;100&#8243; shift_y=&#8221;0&#8243; z_index=&#8221;0&#8243; content_parallax=&#8221;0&#8243; uncode_shortcode_id=&#8221;213890&#8243; css=&#8221;.vc_custom_1741280161418{padding-top: 83px !important;padding-bottom: 58px !important;}&#8221; el_id=&#8221;pl_pr_mobile&#8221; el_class=&#8221;pt_0_mobile&#8221;][vc_column [&hellip;]<\/p>\n","protected":false},"author":1,"featured_media":0,"parent":0,"menu_order":0,"comment_status":"closed","ping_status":"closed","template":"","meta":{"_acf_changed":false,"_seopress_robots_primary_cat":"","_seopress_titles_title":"\u00bfNecesita una soluci\u00f3n? Contactar con Galvatek","_seopress_titles_desc":"\u00bfNecesitas asesoramiento o una soluci\u00f3n a medida? Ponte en contacto con nuestros expertos de Galvatek por tel\u00e9fono, correo electr\u00f3nico o a trav\u00e9s de nuestro formulario. Respuesta r\u00e1pida garantizada.","_seopress_robots_index":"","footnotes":""},"class_list":["post-4230","page","type-page","status-publish"],"acf":[],"_links":{"self":[{"href":"https:\/\/www.thermoplongeurs-galvatek.com\/es\/wp-json\/wp\/v2\/pages\/4230","targetHints":{"allow":["GET"]}}],"collection":[{"href":"https:\/\/www.thermoplongeurs-galvatek.com\/es\/wp-json\/wp\/v2\/pages"}],"about":[{"href":"https:\/\/www.thermoplongeurs-galvatek.com\/es\/wp-json\/wp\/v2\/types\/page"}],"author":[{"embeddable":true,"href":"https:\/\/www.thermoplongeurs-galvatek.com\/es\/wp-json\/wp\/v2\/users\/1"}],"replies":[{"embeddable":true,"href":"https:\/\/www.thermoplongeurs-galvatek.com\/es\/wp-json\/wp\/v2\/comments?post=4230"}],"version-history":[{"count":0,"href":"https:\/\/www.thermoplongeurs-galvatek.com\/es\/wp-json\/wp\/v2\/pages\/4230\/revisions"}],"wp:attachment":[{"href":"https:\/\/www.thermoplongeurs-galvatek.com\/es\/wp-json\/wp\/v2\/media?parent=4230"}],"curies":[{"name":"wp","href":"https:\/\/api.w.org\/{rel}","templated":true}]}}