{"id":4159,"date":"2025-02-04T15:26:04","date_gmt":"2025-02-04T14:26:04","guid":{"rendered":"https:\/\/www.thermoplongeurs-galvatek.com\/la-empresa\/"},"modified":"2026-01-26T16:57:36","modified_gmt":"2026-01-26T15:57:36","slug":"la-empresa","status":"publish","type":"page","link":"https:\/\/www.thermoplongeurs-galvatek.com\/es\/la-empresa\/","title":{"rendered":"La empresa"},"content":{"rendered":"<div class=\"wpb-content-wrapper\"><p>[vc_row row_height_percent=&#8221;0&#8243; override_padding=&#8221;yes&#8221; h_padding=&#8221;0&#8243; top_padding=&#8221;0&#8243; bottom_padding=&#8221;0&#8243; back_color=&#8221;color-917352&#8243; overlay_alpha=&#8221;50&#8243; gutter_size=&#8221;3&#8243; column_width_percent=&#8221;100&#8243; shift_y=&#8221;0&#8243; z_index=&#8221;0&#8243; content_parallax=&#8221;0&#8243; uncode_shortcode_id=&#8221;306258&#8243; back_color_type=&#8221;uncode-palette&#8221; css=&#8221;.vc_custom_1742294679578{padding-top: 64px !important;padding-bottom: 91px !important;}&#8221; el_id=&#8221;pl_pr_mobile&#8221; el_class=&#8221;pt_40_mobile pb_40_mobile&#8221;][vc_column column_width_percent=&#8221;100&#8243; gutter_size=&#8221;0&#8243; override_padding=&#8221;yes&#8221; column_padding=&#8221;0&#8243; overlay_alpha=&#8221;50&#8243; shift_x=&#8221;0&#8243; shift_y=&#8221;0&#8243; shift_y_down=&#8221;0&#8243; z_index=&#8221;0&#8243; medium_width=&#8221;0&#8243; mobile_width=&#8221;0&#8243; width=&#8221;1\/1&#8243; uncode_shortcode_id=&#8221;525165&#8243;][vc_column_text text_color=&#8221;color-xsdn&#8221; uncode_shortcode_id=&#8221;690461&#8243; text_color_type=&#8221;uncode-palette&#8221; el_class=&#8221;h2_white ml_0_mobile&#8221; css=&#8221;.vc_custom_1741626506520{margin-left: 68px !important;}&#8221;]<\/p>\n<h1><span class=\"orange_highlight_inline\" style=\"box-decoration-break: clone;\">Una empresa a escala humana<\/span> que lleva su experiencia a nivel internacional.<\/h1>\n<p>[\/vc_column_text][vc_row_inner][vc_column_inner column_width_percent=&#8221;100&#8243; gutter_size=&#8221;0&#8243; override_padding=&#8221;yes&#8221; column_padding=&#8221;0&#8243; overlay_alpha=&#8221;50&#8243; shift_x=&#8221;0&#8243; shift_y=&#8221;0&#8243; shift_y_down=&#8221;0&#8243; z_index=&#8221;0&#8243; medium_width=&#8221;0&#8243; mobile_width=&#8221;0&#8243; css_animation=&#8221;alpha-anim&#8221; width=&#8221;1\/1&#8243; uncode_shortcode_id=&#8221;147820&#8243; el_id=&#8221;categorie_intro_header&#8221; css=&#8221;.vc_custom_1748941043435{padding-top: 70px !important;padding-left: 73px !important;}&#8221; el_class=&#8221;pt_30_mobile&#8221;][vc_column_text text_color=&#8221;color-xsdn&#8221; uncode_shortcode_id=&#8221;158374&#8243; text_color_type=&#8221;uncode-palette&#8221; el_class=&#8221;intro_p&#8221;]Desde hace m\u00e1s de 30 a\u00f1os, Galvatek se distingue en el sector del calentamiento qu\u00edmico por ofrecer una experiencia puntera y soluciones dedicadas.<\/p>\n<p><strong style=\"text-transform: uppercase; color: #fff;\">Nuestra misi\u00f3n:<\/strong><br style=\"height: 0!important;\">Responder a las necesidades de nuestros clientes, en Francia y en el extranjero, combinando un saber hacer tradicional con un enfoque resueltamente orientado a la innovaci\u00f3n.[\/vc_column_text][\/vc_column_inner][\/vc_row_inner][\/vc_column][\/vc_row][vc_row row_height_percent=&#8221;0&#8243; override_padding=&#8221;yes&#8221; h_padding=&#8221;0&#8243; top_padding=&#8221;0&#8243; bottom_padding=&#8221;0&#8243; overlay_alpha=&#8221;50&#8243; gutter_size=&#8221;3&#8243; column_width_percent=&#8221;100&#8243; shift_y=&#8221;0&#8243; z_index=&#8221;0&#8243; content_parallax=&#8221;0&#8243; uncode_shortcode_id=&#8221;130184&#8243; el_id=&#8221;pl_pr_mobile&#8221; css=&#8221;.vc_custom_1741681430698{padding-top: 60px !important;padding-bottom: 109px !important;}&#8221; el_class=&#8221;img_text pt_0_mobile pb_40_mobile&#8221;][vc_column column_width_percent=&#8221;100&#8243; gutter_size=&#8221;0&#8243; override_padding=&#8221;yes&#8221; column_padding=&#8221;0&#8243; expand_height=&#8221;yes&#8221; back_image=&#8221;8465&#8243; overlay_alpha=&#8221;50&#8243; shift_x=&#8221;0&#8243; shift_y=&#8221;0&#8243; shift_y_down=&#8221;0&#8243; z_index=&#8221;0&#8243; medium_width=&#8221;0&#8243; mobile_width=&#8221;0&#8243; width=&#8221;4\/12&#8243; uncode_shortcode_id=&#8221;172788&#8243; el_class=&#8221;pl_pr_mobile column_img_text&#8221;][\/vc_column][vc_column column_width_percent=&#8221;100&#8243; gutter_size=&#8221;0&#8243; override_padding=&#8221;yes&#8221; column_padding=&#8221;0&#8243; overlay_alpha=&#8221;50&#8243; shift_x=&#8221;0&#8243; shift_y=&#8221;0&#8243; shift_y_down=&#8221;0&#8243; z_index=&#8221;0&#8243; medium_width=&#8221;0&#8243; mobile_width=&#8221;0&#8243; width=&#8221;8\/12&#8243; uncode_shortcode_id=&#8221;316508&#8243;][vc_column_text uncode_shortcode_id=&#8221;590123&#8243;]<\/p>\n<h2>Nuestros 4 pilares de excelencia<\/h2>\n<p>[\/vc_column_text][vc_column_text uncode_shortcode_id=&#8221;746400&#8243; css=&#8221;.vc_custom_1748943785750{margin-top: 27px !important;}&#8221;]<\/p>\n<h3 style=\"letter-spacing: -1px;\">Precio, plazos, servicio y calidad:<\/h3>\n<p>[\/vc_column_text][vc_column_text uncode_shortcode_id=&#8221;210979&#8243; css=&#8221;.vc_custom_1741617766509{margin-top: 0px !important;}&#8221;]compromisos concretos que respetamos cada d\u00eda para garantizar su satisfacci\u00f3n.[\/vc_column_text][vc_row_inner row_inner_height_percent=&#8221;0&#8243; overlay_alpha=&#8221;50&#8243; gutter_size=&#8221;2&#8243; shift_y=&#8221;0&#8243; z_index=&#8221;0&#8243; uncode_shortcode_id=&#8221;666574&#8243; css=&#8221;.vc_custom_1741617849488{margin-top: 23px !important;}&#8221;][vc_column_inner column_width_percent=&#8221;100&#8243; gutter_size=&#8221;3&#8243; overlay_alpha=&#8221;50&#8243; shift_x=&#8221;0&#8243; shift_y=&#8221;0&#8243; shift_y_down=&#8221;0&#8243; z_index=&#8221;0&#8243; medium_width=&#8221;0&#8243; mobile_width=&#8221;0&#8243; css_animation=&#8221;right-t-left&#8221; width=&#8221;1\/1&#8243; uncode_shortcode_id=&#8221;373336&#8243;][vc_column_text uncode_shortcode_id=&#8221;350524&#8243; css=&#8221;.vc_custom_1741617229704{padding-left: 30px !important;}&#8221; el_class=&#8221;icon_arrow_blue&#8221;]<strong>Precios competitivos:<\/strong> con un control avanzado de nuestros costes de producci\u00f3n, le ofrecemos soluciones eficaces a un precio siempre justo.[\/vc_column_text][\/vc_column_inner][\/vc_row_inner][vc_row_inner row_inner_height_percent=&#8221;0&#8243; overlay_alpha=&#8221;50&#8243; gutter_size=&#8221;2&#8243; shift_y=&#8221;0&#8243; z_index=&#8221;0&#8243; uncode_shortcode_id=&#8221;114588&#8243; css=&#8221;.vc_custom_1741617858412{margin-top: 23px !important;}&#8221;][vc_column_inner column_width_percent=&#8221;100&#8243; gutter_size=&#8221;3&#8243; overlay_alpha=&#8221;50&#8243; shift_x=&#8221;0&#8243; shift_y=&#8221;0&#8243; shift_y_down=&#8221;0&#8243; z_index=&#8221;0&#8243; medium_width=&#8221;0&#8243; mobile_width=&#8221;0&#8243; css_animation=&#8221;right-t-left&#8221; animation_delay=&#8221;400&#8243; width=&#8221;1\/1&#8243; uncode_shortcode_id=&#8221;213782&#8243;][vc_column_text uncode_shortcode_id=&#8221;334420&#8243; css=&#8221;.vc_custom_1741617560688{padding-left: 30px !important;}&#8221; el_class=&#8221;icon_arrow_blue&#8221;]<strong>Cumplimiento de plazos y servicio reactivo:<\/strong> gracias a nuestra producci\u00f3n interna y una organizaci\u00f3n eficiente, aseguramos un estricto cumplimiento de los plazos, manteniendo una calidad impecable.[\/vc_column_text][\/vc_column_inner][\/vc_row_inner][vc_row_inner row_inner_height_percent=&#8221;0&#8243; overlay_alpha=&#8221;50&#8243; gutter_size=&#8221;2&#8243; shift_y=&#8221;0&#8243; z_index=&#8221;0&#8243; uncode_shortcode_id=&#8221;129025&#8243; css=&#8221;.vc_custom_1741618440768{margin-top: 23px !important;margin-bottom: 60px !important;}&#8221;][vc_column_inner column_width_percent=&#8221;100&#8243; gutter_size=&#8221;3&#8243; overlay_alpha=&#8221;50&#8243; shift_x=&#8221;0&#8243; shift_y=&#8221;0&#8243; shift_y_down=&#8221;0&#8243; z_index=&#8221;0&#8243; medium_width=&#8221;0&#8243; mobile_width=&#8221;0&#8243; css_animation=&#8221;right-t-left&#8221; animation_delay=&#8221;800&#8243; width=&#8221;1\/1&#8243; uncode_shortcode_id=&#8221;604238&#8243;][vc_column_text uncode_shortcode_id=&#8221;137662&#8243; css=&#8221;.vc_custom_1768911838643{padding-left: 30px !important;}&#8221; el_class=&#8221;icon_arrow_blue&#8221;]<strong>Empresa certificada ISO 9001:<\/strong> nuestra certificaci\u00f3n ISO 9001:2015 atestigua la calidad de nuestro sistema de gesti\u00f3n y nuestro compromiso permanente con la mejora continua en aras de la satisfacci\u00f3n del cliente.[\/vc_column_text][\/vc_column_inner][\/vc_row_inner][vc_button button_color=&#8221;color-172651&#8243; border_width=&#8221;0&#8243; link=&#8221;url:%2Fwp-content%2Fuploads%2F2025%2F04%2Fcertif_iso_9001_2015_fr-1.pdf|target:_blank|&#8221; button_color_type=&#8221;uncode-palette&#8221; uncode_shortcode_id=&#8221;169367&#8243; el_id=&#8221;blue_primary_button&#8221;]Certificaci\u00f3n ISO 9001[\/vc_button][\/vc_column][\/vc_row][vc_row row_height_percent=&#8221;0&#8243; override_padding=&#8221;yes&#8221; h_padding=&#8221;0&#8243; top_padding=&#8221;0&#8243; bottom_padding=&#8221;0&#8243; overlay_alpha=&#8221;50&#8243; gutter_size=&#8221;3&#8243; column_width_percent=&#8221;100&#8243; shift_y=&#8221;0&#8243; z_index=&#8221;0&#8243; content_parallax=&#8221;0&#8243; uncode_shortcode_id=&#8221;170996&#8243; css=&#8221;.vc_custom_1741258479190{margin-bottom: 40px !important;padding-right: 50px !important;}&#8221; el_id=&#8221;pl_pr_mobile&#8221; el_class=&#8221;section_slider_cat z-index_2 pl_30_mobile pr_30_mobile&#8221;][vc_column column_width_percent=&#8221;100&#8243; gutter_size=&#8221;0&#8243; override_padding=&#8221;yes&#8221; column_padding=&#8221;0&#8243; overlay_alpha=&#8221;50&#8243; shift_x=&#8221;0&#8243; shift_y=&#8221;0&#8243; shift_y_down=&#8221;0&#8243; z_index=&#8221;0&#8243; medium_width=&#8221;0&#8243; mobile_width=&#8221;0&#8243; css_animation=&#8221;bottom-t-top&#8221; width=&#8221;1\/1&#8243; uncode_shortcode_id=&#8221;376619&#8243; css=&#8221;.vc_custom_1748943142003{padding-top: 40px !important;padding-right: 61px !important;padding-bottom: 52px !important;padding-left: 61px !important;}&#8221; back_color_type=&#8221;uncode-solid&#8221; el_class=&#8221;bd_40 blue_padding_mobile bd_40_mobile&#8221; back_color_solid=&#8221;#f5f5f5&#8243;][vc_row_inner row_inner_height_percent=&#8221;0&#8243; overlay_alpha=&#8221;50&#8243; gutter_size=&#8221;0&#8243; shift_y=&#8221;0&#8243; z_index=&#8221;0&#8243; uncode_shortcode_id=&#8221;310200&#8243;][vc_column_inner column_width_percent=&#8221;100&#8243; position_vertical=&#8221;middle&#8221; gutter_size=&#8221;0&#8243; override_padding=&#8221;yes&#8221; column_padding=&#8221;0&#8243; overlay_alpha=&#8221;50&#8243; shift_x=&#8221;0&#8243; shift_y=&#8221;0&#8243; shift_y_down=&#8221;0&#8243; z_index=&#8221;0&#8243; medium_width=&#8221;0&#8243; mobile_width=&#8221;0&#8243; width=&#8221;1\/1&#8243; uncode_shortcode_id=&#8221;195692&#8243; css=&#8221;.vc_custom_1741183266191{padding-right: 46px !important;}&#8221; el_class=&#8221;pr_mobile&#8221;][vc_icon icon_image=&#8221;1921&#8243; uncode_shortcode_id=&#8221;197151&#8243;][\/vc_icon][vc_column_text text_color=&#8221;color-xsdn&#8221; uncode_shortcode_id=&#8221;334353&#8243; text_color_type=&#8221;uncode-palette&#8221; el_class=&#8221;h3_white&#8221;]<\/p>\n<h2 style=\"color: #174dee;\">Una oferta completa para satisfacer las exigencias de todos los sectores.<\/h2>\n<p>[\/vc_column_text][vc_column_text text_color=&#8221;color-jevc&#8221; uncode_shortcode_id=&#8221;577824&#8243; text_color_type=&#8221;uncode-palette&#8221; css=&#8221;.vc_custom_1741622140501{padding-top: 32px !important;padding-bottom: 28px !important;}&#8221;]Inicialmente especializados en galvanoplastia, hemos diversificado nuestra gama de productos para satisfacer las necesidades del tratamiento de superficies, el almacenamiento de productos qu\u00edmicos, la acuicultura, la industria farmac\u00e9utica y la industria alimentaria.<\/p>\n<p>Hoy en d\u00eda, ofrecemos soluciones de calefacci\u00f3n y mantenimiento de temperatura adaptadas a diversos entornos, ya sean continuos o discontinuos.<\/p>\n<p>Bajo ciertas condiciones, nuestras soluciones pueden utilizarse en atm\u00f3sferas explosivas, garantizando la seguridad de sus instalaciones.[\/vc_column_text][\/vc_column_inner][\/vc_row_inner][\/vc_column][\/vc_row][vc_row row_height_percent=&#8221;0&#8243; override_padding=&#8221;yes&#8221; h_padding=&#8221;0&#8243; top_padding=&#8221;0&#8243; bottom_padding=&#8221;0&#8243; back_color=&#8221;color-917352&#8243; overlay_alpha=&#8221;50&#8243; gutter_size=&#8221;3&#8243; column_width_percent=&#8221;100&#8243; shift_y=&#8221;0&#8243; z_index=&#8221;0&#8243; content_parallax=&#8221;0&#8243; uncode_shortcode_id=&#8221;580322&#8243; css=&#8221;.vc_custom_1742297862582{margin-top: -283px !important;padding-top: 283px !important;padding-right: 118px !important;}&#8221; el_id=&#8221;pl_pr_mobile&#8221; back_color_type=&#8221;uncode-palette&#8221; el_class=&#8221;product_section&#8221;][vc_column column_width_percent=&#8221;100&#8243; align_horizontal=&#8221;align_center&#8221; gutter_size=&#8221;0&#8243; override_padding=&#8221;yes&#8221; column_padding=&#8221;0&#8243; overlay_alpha=&#8221;50&#8243; shift_x=&#8221;0&#8243; shift_y=&#8221;0&#8243; shift_y_down=&#8221;0&#8243; z_index=&#8221;0&#8243; medium_width=&#8221;0&#8243; mobile_width=&#8221;0&#8243; width=&#8221;1\/1&#8243; uncode_shortcode_id=&#8221;192072&#8243; css=&#8221;.vc_custom_1741619963514{padding-left: 111px !important;}&#8221; el_class=&#8221;pl_pr_mobile&#8221;][vc_row_inner row_inner_height_percent=&#8221;0&#8243; overlay_alpha=&#8221;50&#8243; gutter_size=&#8221;3&#8243; shift_y=&#8221;0&#8243; z_index=&#8221;0&#8243; uncode_shortcode_id=&#8221;862313&#8243;][vc_column_inner column_width_percent=&#8221;100&#8243; align_horizontal=&#8221;align_center&#8221; gutter_size=&#8221;3&#8243; overlay_alpha=&#8221;50&#8243; shift_x=&#8221;0&#8243; shift_y=&#8221;0&#8243; shift_y_down=&#8221;0&#8243; z_index=&#8221;0&#8243; medium_width=&#8221;0&#8243; mobile_width=&#8221;0&#8243; css_animation=&#8221;bottom-t-top&#8221; width=&#8221;1\/1&#8243; uncode_shortcode_id=&#8221;172425&#8243; el_class=&#8221;max_900 pb_40_mobile_uncell&#8221; css=&#8221;.vc_custom_1748943542260{padding-bottom: 70px !important;}&#8221;][vc_column_text text_color=&#8221;color-xsdn&#8221; uncode_shortcode_id=&#8221;823319&#8243; text_color_type=&#8221;uncode-palette&#8221; el_class=&#8221;h2_white max_800 margin_auto&#8221; css=&#8221;.vc_custom_1741620459386{margin-bottom: 40px !important;}&#8221;]<\/p>\n<h2 style=\"text-align: center;\">Productos de fabricaci\u00f3n 100% francesa<\/h2>\n<p>[\/vc_column_text][vc_column_text text_color=&#8221;color-xsdn&#8221; uncode_shortcode_id=&#8221;796653&#8243; text_color_type=&#8221;uncode-palette&#8221; el_class=&#8221;max_800 margin_auto&#8221;]<\/p>\n<p style=\"text-align: center;\">Todos nuestros productos se fabrican en Francia en nuestros talleres con m\u00e1quinas que hemos desarrollado internamente. Este control integral garantiza una calidad constante y una adaptabilidad sin igual para satisfacer sus requisitos espec\u00edficos.<\/p>\n<p>[\/vc_column_text][\/vc_column_inner][\/vc_row_inner][vc_row_inner row_inner_height_percent=&#8221;0&#8243; overlay_alpha=&#8221;50&#8243; gutter_size=&#8221;3&#8243; shift_y=&#8221;0&#8243; z_index=&#8221;0&#8243; uncode_shortcode_id=&#8221;859738&#8243; el_class=&#8221;video_section&#8221;][vc_column_inner column_width_percent=&#8221;100&#8243; gutter_size=&#8221;3&#8243; overlay_alpha=&#8221;50&#8243; shift_x=&#8221;0&#8243; shift_y=&#8221;0&#8243; shift_y_down=&#8221;0&#8243; z_index=&#8221;0&#8243; medium_width=&#8221;0&#8243; mobile_width=&#8221;0&#8243; width=&#8221;1\/1&#8243; uncode_shortcode_id=&#8221;513968&#8243; el_class=&#8221;pb_0_mobile_uncell&#8221;][vc_single_image media=&#8221;4161&#8243; media_width_percent=&#8221;100&#8243; uncode_shortcode_id=&#8221;140895&#8243;][vc_icon display=&#8221;absolute-center&#8221; icon_image=&#8221;638&#8243; uncode_shortcode_id=&#8221;616107&#8243; media_lightbox=&#8221;682&#8243;][\/vc_icon][\/vc_column_inner][\/vc_row_inner][\/vc_column][\/vc_row][vc_row row_height_percent=&#8221;0&#8243; override_padding=&#8221;yes&#8221; h_padding=&#8221;0&#8243; top_padding=&#8221;0&#8243; bottom_padding=&#8221;0&#8243; back_color=&#8221;color-917352&#8243; overlay_alpha=&#8221;50&#8243; gutter_size=&#8221;3&#8243; column_width_percent=&#8221;100&#8243; shift_y=&#8221;0&#8243; z_index=&#8221;0&#8243; content_parallax=&#8221;0&#8243; uncode_shortcode_id=&#8221;850630&#8243; css=&#8221;.vc_custom_1741625267542{padding-top: 80px !important;padding-right: 50px !important;padding-bottom: 120px !important;}&#8221; el_id=&#8221;pl_pr_mobile&#8221; el_class=&#8221;section_slider_cat z-index_2 pb_50_mobile solution&#8221; back_color_type=&#8221;uncode-palette&#8221;][vc_column column_width_percent=&#8221;100&#8243; gutter_size=&#8221;0&#8243; override_padding=&#8221;yes&#8221; column_padding=&#8221;0&#8243; back_color=&#8221;color-172651&#8243; overlay_alpha=&#8221;50&#8243; shift_x=&#8221;0&#8243; shift_y=&#8221;0&#8243; shift_y_down=&#8221;0&#8243; z_index=&#8221;0&#8243; medium_width=&#8221;0&#8243; mobile_width=&#8221;0&#8243; css_animation=&#8221;left-t-right&#8221; width=&#8221;1\/1&#8243; uncode_shortcode_id=&#8221;133135&#8243; back_color_type=&#8221;uncode-palette&#8221; el_class=&#8221;bd_40 blue_padding_mobile bd_40_mobile&#8221;][vc_row_inner row_inner_height_percent=&#8221;0&#8243; overlay_alpha=&#8221;50&#8243; gutter_size=&#8221;0&#8243; shift_y=&#8221;0&#8243; z_index=&#8221;0&#8243; uncode_shortcode_id=&#8221;310200&#8243;][vc_column_inner column_width_percent=&#8221;100&#8243; position_vertical=&#8221;middle&#8221; gutter_size=&#8221;0&#8243; override_padding=&#8221;yes&#8221; column_padding=&#8221;0&#8243; overlay_alpha=&#8221;50&#8243; shift_x=&#8221;0&#8243; shift_y=&#8221;0&#8243; shift_y_down=&#8221;0&#8243; z_index=&#8221;0&#8243; medium_width=&#8221;0&#8243; mobile_width=&#8221;0&#8243; width=&#8221;7\/12&#8243; uncode_shortcode_id=&#8221;590892&#8243; css=&#8221;.vc_custom_1741681145125{padding-top: 40px !important;padding-right: 46px !important;padding-bottom: 40px !important;padding-left: 80px !important;}&#8221; el_class=&#8221;pr_mobile pl_30_mobile pad_0_mobile&#8221;][vc_column_text text_color=&#8221;color-xsdn&#8221; uncode_shortcode_id=&#8221;484592&#8243; text_color_type=&#8221;uncode-palette&#8221; el_class=&#8221;h3_white&#8221;]<\/p>\n<h3 style=\"color: #fff; letter-spacing: -1px!important;\"><span style=\"text-transform: uppercase;\">Nuestras soluciones t\u00e9cnicas:<\/span> Calentadores de inmersi\u00f3n de alta precisi\u00f3n Galvatek<\/h3>\n<p>[\/vc_column_text][vc_column_text text_color=&#8221;color-xsdn&#8221; uncode_shortcode_id=&#8221;531286&#8243; text_color_type=&#8221;uncode-palette&#8221; css=&#8221;.vc_custom_1756913133000{margin-top: 26px !important;margin-bottom: 20px !important;}&#8221;]<\/p>\n<ul>\n<li><strong>Calentadores de inmersi\u00f3n Galvatherm\u00ae:<\/strong> para un calentamiento preciso y seguro de productos qu\u00edmicos.<\/li>\n<li><strong>Calentadores de inmersi\u00f3n con funda CALOR y ROTKAPPE\u00ae:<\/strong> soluciones robustas para el mantenimiento de la temperatura en condiciones variadas.<\/li>\n<\/ul>\n<p>[\/vc_column_text][vc_icon icon_image=&#8221;342&#8243; uncode_shortcode_id=&#8221;268616&#8243; el_class=&#8221;w_60_mobile&#8221;][\/vc_icon][vc_column_text text_color=&#8221;color-xsdn&#8221; uncode_shortcode_id=&#8221;381730&#8243; text_color_type=&#8221;uncode-palette&#8221; css=&#8221;.vc_custom_1741621469771{margin-top: 5px !important;margin-bottom: 10px !important;}&#8221;]<strong style=\"color: #fff;\">Explore nuestros calentadores de inmersi\u00f3n<\/strong>[\/vc_column_text][vc_column_text text_color=&#8221;color-xsdn&#8221; uncode_shortcode_id=&#8221;265906&#8243; text_color_type=&#8221;uncode-palette&#8221; css=&#8221;.vc_custom_1768404660185{margin-bottom: 30px !important;}&#8221;]Accede a todos nuestros productos e inf\u00f3rmate sobre nuestra gama de calentadores de inmersi\u00f3n industriales para encontrar una soluci\u00f3n perfectamente adaptada a tus necesidades.[\/vc_column_text][vc_button button_color=&#8221;accent&#8221; border_width=&#8221;0&#8243; link=&#8221;url:https%3A%2F%2Fwww.thermoplongeurs-galvatek.com%2Fes%2Ftermosumergibles-industriales%2F|&#8221; button_color_type=&#8221;uncode-palette&#8221; uncode_shortcode_id=&#8221;148803&#8243;]Explorar los calentadores de inmersi\u00f3n[\/vc_button][\/vc_column_inner][vc_column_inner column_width_percent=&#8221;100&#8243; position_vertical=&#8221;middle&#8221; gutter_size=&#8221;2&#8243; override_padding=&#8221;yes&#8221; column_padding=&#8221;0&#8243; expand_height=&#8221;yes&#8221; back_image=&#8221;4162&#8243; overlay_alpha=&#8221;50&#8243; shift_x=&#8221;0&#8243; shift_y=&#8221;0&#8243; shift_y_down=&#8221;0&#8243; z_index=&#8221;0&#8243; medium_width=&#8221;0&#8243; mobile_width=&#8221;0&#8243; width=&#8221;5\/12&#8243; uncode_shortcode_id=&#8221;108200&#8243; el_class=&#8221;slider_cat solut_tech&#8221;][\/vc_column_inner][\/vc_row_inner][\/vc_column][\/vc_row]<\/p>\n<\/div>","protected":false},"excerpt":{"rendered":"<p>[vc_row row_height_percent=&#8221;0&#8243; override_padding=&#8221;yes&#8221; h_padding=&#8221;0&#8243; top_padding=&#8221;0&#8243; bottom_padding=&#8221;0&#8243; back_color=&#8221;color-917352&#8243; overlay_alpha=&#8221;50&#8243; gutter_size=&#8221;3&#8243; column_width_percent=&#8221;100&#8243; shift_y=&#8221;0&#8243; z_index=&#8221;0&#8243; content_parallax=&#8221;0&#8243; uncode_shortcode_id=&#8221;306258&#8243; back_color_type=&#8221;uncode-palette&#8221; css=&#8221;.vc_custom_1742294679578{padding-top: 64px !important;padding-bottom: 91px !important;}&#8221; [&hellip;]<\/p>\n","protected":false},"author":1,"featured_media":0,"parent":0,"menu_order":0,"comment_status":"closed","ping_status":"closed","template":"","meta":{"_acf_changed":false,"_seopress_robots_primary_cat":"","_seopress_titles_title":"Galvatek%%sep%%Experto en calefacci\u00f3n industrial Made in France","_seopress_titles_desc":"Galvatek dise\u00f1a soluciones de calentamiento para productos qu\u00edmicos desde hace 30 a\u00f1os. Una empresa francesa con certificaci\u00f3n ISO 9001 al servicio de todos los sectores, en Francia y en el extranjero. ","_seopress_robots_index":"","footnotes":""},"class_list":["post-4159","page","type-page","status-publish"],"acf":[],"_links":{"self":[{"href":"https:\/\/www.thermoplongeurs-galvatek.com\/es\/wp-json\/wp\/v2\/pages\/4159","targetHints":{"allow":["GET"]}}],"collection":[{"href":"https:\/\/www.thermoplongeurs-galvatek.com\/es\/wp-json\/wp\/v2\/pages"}],"about":[{"href":"https:\/\/www.thermoplongeurs-galvatek.com\/es\/wp-json\/wp\/v2\/types\/page"}],"author":[{"embeddable":true,"href":"https:\/\/www.thermoplongeurs-galvatek.com\/es\/wp-json\/wp\/v2\/users\/1"}],"replies":[{"embeddable":true,"href":"https:\/\/www.thermoplongeurs-galvatek.com\/es\/wp-json\/wp\/v2\/comments?post=4159"}],"version-history":[{"count":0,"href":"https:\/\/www.thermoplongeurs-galvatek.com\/es\/wp-json\/wp\/v2\/pages\/4159\/revisions"}],"wp:attachment":[{"href":"https:\/\/www.thermoplongeurs-galvatek.com\/es\/wp-json\/wp\/v2\/media?parent=4159"}],"curies":[{"name":"wp","href":"https:\/\/api.w.org\/{rel}","templated":true}]}}